{"id":19847,"date":"2022-01-13T14:44:00","date_gmt":"2022-01-13T13:44:00","guid":{"rendered":"https:\/\/vee.energy\/technologia\/paliwo-z-biomasy\/"},"modified":"2025-12-01T16:34:25","modified_gmt":"2025-12-01T15:34:25","slug":"paliwo-z-biomasy","status":"publish","type":"page","link":"https:\/\/vee.energy\/pl\/technologia\/paliwo-z-biomasy\/","title":{"rendered":"Paliwo z biomasy"},"content":{"rendered":"\t\t<div data-elementor-type=\"wp-page\" data-elementor-id=\"19847\" class=\"elementor elementor-19847 elementor-778\">\n\t\t\t\t\t\t<section class=\"elementor-section elementor-top-section elementor-element elementor-element-214e235f elementor-section-boxed elementor-section-height-default elementor-section-height-default\" data-id=\"214e235f\" data-element_type=\"section\" data-e-type=\"section\" data-settings=\"{&quot;background_background&quot;:&quot;classic&quot;}\">\n\t\t\t\t\t\t<div class=\"elementor-container elementor-column-gap-default\">\n\t\t\t\t\t<div class=\"elementor-column elementor-col-50 elementor-top-column elementor-element elementor-element-3edc0149\" data-id=\"3edc0149\" data-element_type=\"column\" data-e-type=\"column\">\n\t\t\t<div class=\"elementor-widget-wrap elementor-element-populated\">\n\t\t\t\t\t\t<section class=\"elementor-section elementor-inner-section elementor-element elementor-element-6de0f56d elementor-section-boxed elementor-section-height-default elementor-section-height-default\" data-id=\"6de0f56d\" data-element_type=\"section\" data-e-type=\"section\">\n\t\t\t\t\t\t<div class=\"elementor-container elementor-column-gap-default\">\n\t\t\t\t\t<div class=\"elementor-column elementor-col-100 elementor-inner-column elementor-element elementor-element-6955d7d1\" data-id=\"6955d7d1\" data-element_type=\"column\" data-e-type=\"column\">\n\t\t\t<div class=\"elementor-widget-wrap elementor-element-populated\">\n\t\t\t\t\t\t<div class=\"elementor-element elementor-element-2437bd9b elementor-widget__width-initial elementor-widget-divider--view-line elementor-widget elementor-widget-divider\" data-id=\"2437bd9b\" data-element_type=\"widget\" data-e-type=\"widget\" data-widget_type=\"divider.default\">\n\t\t\t\t<div class=\"elementor-widget-container\">\n\t\t\t\t\t\t\t<div class=\"elementor-divider\">\n\t\t\t<span class=\"elementor-divider-separator\">\n\t\t\t\t\t\t<\/span>\n\t\t<\/div>\n\t\t\t\t\t\t<\/div>\n\t\t\t\t<\/div>\n\t\t\t\t<div class=\"elementor-element elementor-element-16d5d17f elementor-widget__width-initial elementor-widget elementor-widget-heading\" data-id=\"16d5d17f\" data-element_type=\"widget\" data-e-type=\"widget\" data-widget_type=\"heading.default\">\n\t\t\t\t<div class=\"elementor-widget-container\">\n\t\t\t\t\t<h2 class=\"elementor-heading-title elementor-size-default\">Biomasa jako paliwo<\/h2>\t\t\t\t<\/div>\n\t\t\t\t<\/div>\n\t\t\t\t<div class=\"elementor-element elementor-element-58664610 elementor-widget elementor-widget-heading\" data-id=\"58664610\" data-element_type=\"widget\" data-e-type=\"widget\" data-widget_type=\"heading.default\">\n\t\t\t\t<div class=\"elementor-widget-container\">\n\t\t\t\t\t<h1 class=\"elementor-heading-title elementor-size-default\">Schemat wydobycia gazu drzewnego<\/h1>\t\t\t\t<\/div>\n\t\t\t\t<\/div>\n\t\t\t\t<div class=\"elementor-element elementor-element-78350eb elementor-widget elementor-widget-spacer\" data-id=\"78350eb\" data-element_type=\"widget\" data-e-type=\"widget\" data-widget_type=\"spacer.default\">\n\t\t\t\t<div class=\"elementor-widget-container\">\n\t\t\t\t\t\t\t<div class=\"elementor-spacer\">\n\t\t\t<div class=\"elementor-spacer-inner\"><\/div>\n\t\t<\/div>\n\t\t\t\t\t\t<\/div>\n\t\t\t\t<\/div>\n\t\t\t\t\t<\/div>\n\t\t<\/div>\n\t\t\t\t\t<\/div>\n\t\t<\/section>\n\t\t\t\t<div class=\"elementor-element elementor-element-62c0e038 elementor-widget elementor-widget-text-editor\" data-id=\"62c0e038\" data-element_type=\"widget\" data-e-type=\"widget\" data-widget_type=\"text-editor.default\">\n\t\t\t\t<div class=\"elementor-widget-container\">\n\t\t\t\t\t\t\t\t\t<p>Systemy na gaz drzewny wytwarzaj\u0105 ciep\u0142o i energi\u0119 elektryczn\u0105 z suchych, standardowych wi\u00f3r\u00f3w drzewnych. Poniewa\u017c stopie\u0144 wysuszenia paliwa jest bardzo wa\u017cny dla optymalnego funkcjonowania systemu, kompaktowa suszarnia paliwa, kt\u00f3ra wykorzystuje ciep\u0142o odpadowe z otaczaj\u0105cego powietrza, jest wa\u017cnym elementem uzupe\u0142niaj\u0105cym standardowy system. <\/p><p>Po suszarni zr\u0119bki s\u0105 transportowane do \u015bluzy paliwowej za pomoc\u0105 przeno\u015bnik\u00f3w \u015blimakowych. Poniewa\u017c \u015bluza powietrzna by\u0142a pocz\u0105tkowo cz\u0119stym \u017ar\u00f3d\u0142em b\u0142\u0119d\u00f3w, opracowano w tym celu zaawansowany system. Wsp\u00f3\u0142pr\u0105dowy zgazowywacz z ruchomymi dyszami powietrznymi jest opatentowanym rozwi\u0105zaniem i wraz ze specjalnie dostosowanym filtrem tkaninowym stanowi serce systemu.  <\/p>\t\t\t\t\t\t\t\t<\/div>\n\t\t\t\t<\/div>\n\t\t\t\t\t<\/div>\n\t\t<\/div>\n\t\t\t\t<section class=\"elementor-column elementor-col-50 elementor-top-column elementor-element elementor-element-1ac63e8d\" data-id=\"1ac63e8d\" data-element_type=\"column\" data-e-type=\"column\" data-settings=\"{&quot;background_background&quot;:&quot;classic&quot;}\">\n\t\t\t<div class=\"elementor-widget-wrap elementor-element-populated\">\n\t\t\t\t\t<div class=\"elementor-background-overlay\"><\/div>\n\t\t\t\t\t\t<div class=\"elementor-element elementor-element-440cc02 elementor-widget elementor-widget-image\" data-id=\"440cc02\" data-element_type=\"widget\" data-e-type=\"widget\" data-widget_type=\"image.default\">\n\t\t\t\t<div class=\"elementor-widget-container\">\n\t\t\t\t\t\t\t\t\t\t\t\t\t\t\t<img fetchpriority=\"high\" decoding=\"async\" width=\"1024\" height=\"615\" src=\"https:\/\/vee.energy\/wp-content\/uploads\/schema_vergasung_PL-EN-1024x615.jpg\" class=\"attachment-large size-large wp-image-19842\" alt=\"Schemat zgazowania\" srcset=\"https:\/\/vee.energy\/wp-content\/uploads\/schema_vergasung_PL-EN-1024x615.jpg 1024w, https:\/\/vee.energy\/wp-content\/uploads\/schema_vergasung_PL-EN-300x180.jpg 300w, https:\/\/vee.energy\/wp-content\/uploads\/schema_vergasung_PL-EN-768x461.jpg 768w, https:\/\/vee.energy\/wp-content\/uploads\/schema_vergasung_PL-EN.jpg 1462w\" sizes=\"(max-width: 1024px) 100vw, 1024px\" \/>\t\t\t\t\t\t\t\t\t\t\t\t\t\t\t<\/div>\n\t\t\t\t<\/div>\n\t\t\t\t<div class=\"elementor-element elementor-element-7066586 elementor-widget elementor-widget-text-editor\" data-id=\"7066586\" data-element_type=\"widget\" data-e-type=\"widget\" data-widget_type=\"text-editor.default\">\n\t\t\t\t<div class=\"elementor-widget-container\">\n\t\t\t\t\t\t\t\t\t<p>Proces od zr\u0119bk\u00f3w drzewnych do wytwarzania energii elektrycznej i ciep\u0142a.<\/p>\t\t\t\t\t\t\t\t<\/div>\n\t\t\t\t<\/div>\n\t\t\t\t<div class=\"elementor-element elementor-element-6b0c379 elementor-align-justify elementor-widget elementor-widget-button\" data-id=\"6b0c379\" data-element_type=\"widget\" data-e-type=\"widget\" data-widget_type=\"button.default\">\n\t\t\t\t<div class=\"elementor-widget-container\">\n\t\t\t\t\t\t\t\t\t<div class=\"elementor-button-wrapper\">\n\t\t\t\t\t<a class=\"elementor-button elementor-button-link elementor-size-sm\" href=\"https:\/\/vee.energy\/pl\/produkty\/\" target=\"_blank\">\n\t\t\t\t\t\t<span class=\"elementor-button-content-wrapper\">\n\t\t\t\t\t\t<span class=\"elementor-button-icon\">\n\t\t\t\t<i aria-hidden=\"true\" class=\"fas fa-arrow-circle-right\"><\/i>\t\t\t<\/span>\n\t\t\t\t\t\t\t\t\t<span class=\"elementor-button-text\">Rozmiary systemu<\/span>\n\t\t\t\t\t<\/span>\n\t\t\t\t\t<\/a>\n\t\t\t\t<\/div>\n\t\t\t\t\t\t\t\t<\/div>\n\t\t\t\t<\/div>\n\t\t\t\t\t<\/div>\n\t\t<\/section>\n\t\t\t\t\t<\/div>\n\t\t<\/section>\n\t\t\t\t<section class=\"elementor-section elementor-top-section elementor-element elementor-element-89de240 elementor-section-boxed elementor-section-height-default elementor-section-height-default\" data-id=\"89de240\" data-element_type=\"section\" data-e-type=\"section\" data-settings=\"{&quot;background_background&quot;:&quot;classic&quot;}\">\n\t\t\t\t\t\t<div class=\"elementor-container elementor-column-gap-default\">\n\t\t\t\t\t<div class=\"elementor-column elementor-col-100 elementor-top-column elementor-element elementor-element-516f253\" data-id=\"516f253\" data-element_type=\"column\" data-e-type=\"column\">\n\t\t\t<div class=\"elementor-widget-wrap elementor-element-populated\">\n\t\t\t\t\t\t<div class=\"elementor-element elementor-element-697b3e6 elementor-widget elementor-widget-text-editor\" data-id=\"697b3e6\" data-element_type=\"widget\" data-e-type=\"widget\" data-widget_type=\"text-editor.default\">\n\t\t\t\t<div class=\"elementor-widget-container\">\n\t\t\t\t\t\t\t\t\t<p>Popi\u00f3\u0142 i py\u0142 w\u0119glowy powstaj\u0105ce podczas procesu zgazowania s\u0105 przenoszone przez ch\u0142odnic\u0119 gazu do filtra gazu drzewnego w strumieniu gazu drzewnego, zapewniaj\u0105c w ten spos\u00f3b samooczyszczanie rur w tym obszarze. Poprzez \u015bluz\u0119 poni\u017cej filtra, pozosta\u0142o\u015bci s\u0105 pneumatycznie przenoszone przez elastyczny w\u0105\u017c do pojemnika na py\u0142 w\u0119glowy, dla kt\u00f3rego mo\u017cemy zaoferowa\u0107 naszym klientom bezpo\u015brednie rozwi\u0105zanie w zakresie utylizacji. Oczyszczony gaz drzewny opuszcza filtr u g\u00f3ry i jest kierowany bezpo\u015brednio do jednostki kogeneracyjnej, kt\u00f3ra zasadniczo sk\u0142ada si\u0119 z wysokiej jako\u015bci silnika gazowego i generatora synchronicznego montowanego bezpo\u015brednio na ko\u0142nierzu. Silnik gazowy r\u00f3wnie\u017c wymaga\u0142 pewnych modyfikacji w celu optymalnego i wydajnego spalania gazu drzewnego. Generator synchroniczny ostatecznie przekszta\u0142ca energi\u0119 kinetyczn\u0105 silnika gazowego w energi\u0119 elektryczn\u0105.    <\/p><p>Nowoczesny sterownik PLC kontroluje ca\u0142y system, od bunkra paliwowego po pob\u00f3r ciep\u0142a i zasilanie energi\u0105 elektryczn\u0105. System mo\u017ce by\u0107 obs\u0142ugiwany i monitorowany na miejscu lub za pomoc\u0105 smartfona \/ komputera przez Internet z dowolnego miejsca na \u015bwiecie. System zgazowania i jednostka kogeneracyjna s\u0105 dostarczane gotowe do pracy, zamontowane na ramie podstawy, co minimalizuje czas instalacji i uruchomienia. <\/p>\t\t\t\t\t\t\t\t<\/div>\n\t\t\t\t<\/div>\n\t\t\t\t\t<\/div>\n\t\t<\/div>\n\t\t\t\t\t<\/div>\n\t\t<\/section>\n\t\t\t\t<\/div>\n\t\t","protected":false},"excerpt":{"rendered":"<p>Biomasa jako paliwo Schemat wydobycia gazu drzewnego Systemy na gaz drzewny wytwarzaj\u0105 ciep\u0142o i energi\u0119 elektryczn\u0105 z suchych, standardowych wi\u00f3r\u00f3w drzewnych. Poniewa\u017c stopie\u0144 wysuszenia paliwa jest bardzo wa\u017cny dla optymalnego funkcjonowania systemu, kompaktowa suszarnia paliwa, kt\u00f3ra wykorzystuje ciep\u0142o odpadowe z otaczaj\u0105cego powietrza, jest wa\u017cnym elementem uzupe\u0142niaj\u0105cym standardowy system. Po suszarni zr\u0119bki s\u0105 transportowane do \u015bluzy [&hellip;]<\/p>\n","protected":false},"author":2,"featured_media":0,"parent":19768,"menu_order":0,"comment_status":"closed","ping_status":"closed","template":"","meta":{"ocean_post_layout":"","ocean_both_sidebars_style":"","ocean_both_sidebars_content_width":0,"ocean_both_sidebars_sidebars_width":0,"ocean_sidebar":"0","ocean_second_sidebar":"0","ocean_disable_margins":"enable","ocean_add_body_class":"","ocean_shortcode_before_top_bar":"","ocean_shortcode_after_top_bar":"","ocean_shortcode_before_header":"","ocean_shortcode_after_header":"","ocean_has_shortcode":"","ocean_shortcode_after_title":"","ocean_shortcode_before_footer_widgets":"","ocean_shortcode_after_footer_widgets":"","ocean_shortcode_before_footer_bottom":"","ocean_shortcode_after_footer_bottom":"","ocean_display_top_bar":"default","ocean_display_header":"default","ocean_header_style":"","ocean_center_header_left_menu":"0","ocean_custom_header_template":"0","ocean_custom_logo":0,"ocean_custom_retina_logo":0,"ocean_custom_logo_max_width":0,"ocean_custom_logo_tablet_max_width":0,"ocean_custom_logo_mobile_max_width":0,"ocean_custom_logo_max_height":0,"ocean_custom_logo_tablet_max_height":0,"ocean_custom_logo_mobile_max_height":0,"ocean_header_custom_menu":"0","ocean_menu_typo_font_family":"0","ocean_menu_typo_font_subset":"","ocean_menu_typo_font_size":0,"ocean_menu_typo_font_size_tablet":0,"ocean_menu_typo_font_size_mobile":0,"ocean_menu_typo_font_size_unit":"px","ocean_menu_typo_font_weight":"","ocean_menu_typo_font_weight_tablet":"","ocean_menu_typo_font_weight_mobile":"","ocean_menu_typo_transform":"","ocean_menu_typo_transform_tablet":"","ocean_menu_typo_transform_mobile":"","ocean_menu_typo_line_height":0,"ocean_menu_typo_line_height_tablet":0,"ocean_menu_typo_line_height_mobile":0,"ocean_menu_typo_line_height_unit":"","ocean_menu_typo_spacing":0,"ocean_menu_typo_spacing_tablet":0,"ocean_menu_typo_spacing_mobile":0,"ocean_menu_typo_spacing_unit":"","ocean_menu_link_color":"","ocean_menu_link_color_hover":"","ocean_menu_link_color_active":"","ocean_menu_link_background":"","ocean_menu_link_hover_background":"","ocean_menu_link_active_background":"","ocean_menu_social_links_bg":"","ocean_menu_social_hover_links_bg":"","ocean_menu_social_links_color":"","ocean_menu_social_hover_links_color":"","ocean_disable_title":"default","ocean_disable_heading":"default","ocean_post_title":"","ocean_post_subheading":"","ocean_post_title_style":"","ocean_post_title_background_color":"","ocean_post_title_background":0,"ocean_post_title_bg_image_position":"","ocean_post_title_bg_image_attachment":"","ocean_post_title_bg_image_repeat":"","ocean_post_title_bg_image_size":"","ocean_post_title_height":0,"ocean_post_title_bg_overlay":0.5,"ocean_post_title_bg_overlay_color":"","ocean_disable_breadcrumbs":"default","ocean_breadcrumbs_color":"","ocean_breadcrumbs_separator_color":"","ocean_breadcrumbs_links_color":"","ocean_breadcrumbs_links_hover_color":"","ocean_display_footer_widgets":"default","ocean_display_footer_bottom":"default","ocean_custom_footer_template":"0","footnotes":""},"class_list":["post-19847","page","type-page","status-publish","hentry","entry"],"yoast_head":"<!-- This site is optimized with the Yoast SEO plugin v27.3 - https:\/\/yoast.com\/product\/yoast-seo-wordpress\/ -->\n<title>Paliwo z biomasy - vee - valuable ecological energy<\/title>\n<meta name=\"description\" content=\"Proces od zr\u0119bk\u00f3w drzewnych do wytwarzania energii elektrycznej i ciep\u0142a. Jak dzia\u0142a nasza elektrociep\u0142ownia. Z ilustracj\u0105 graficzn\u0105.\" \/>\n<meta name=\"robots\" content=\"index, follow, max-snippet:-1, max-image-preview:large, max-video-preview:-1\" \/>\n<link rel=\"canonical\" href=\"https:\/\/vee.energy\/pl\/technologia\/paliwo-z-biomasy\/\" \/>\n<meta property=\"og:locale\" content=\"pl_PL\" \/>\n<meta property=\"og:type\" content=\"article\" \/>\n<meta property=\"og:title\" content=\"Paliwo z biomasy - vee - valuable ecological energy\" \/>\n<meta property=\"og:description\" content=\"Proces od zr\u0119bk\u00f3w drzewnych do wytwarzania energii elektrycznej i ciep\u0142a. Jak dzia\u0142a nasza elektrociep\u0142ownia. Z ilustracj\u0105 graficzn\u0105.\" \/>\n<meta property=\"og:url\" content=\"https:\/\/vee.energy\/pl\/technologia\/paliwo-z-biomasy\/\" \/>\n<meta property=\"og:site_name\" content=\"vee - valuable ecological energy\" \/>\n<meta property=\"article:modified_time\" content=\"2025-12-01T15:34:25+00:00\" \/>\n<meta property=\"og:image\" content=\"https:\/\/vee.energy\/wp-content\/uploads\/Schema-Vergasung-1024x615.jpg\" \/>\n<meta name=\"twitter:card\" content=\"summary_large_image\" \/>\n<meta name=\"twitter:label1\" content=\"Szacowany czas czytania\" \/>\n\t<meta name=\"twitter:data1\" content=\"2 minuty\" \/>\n<script type=\"application\/ld+json\" class=\"yoast-schema-graph\">{\"@context\":\"https:\\\/\\\/schema.org\",\"@graph\":[{\"@type\":\"WebPage\",\"@id\":\"https:\\\/\\\/vee.energy\\\/pl\\\/technologia\\\/paliwo-z-biomasy\\\/\",\"url\":\"https:\\\/\\\/vee.energy\\\/pl\\\/technologia\\\/paliwo-z-biomasy\\\/\",\"name\":\"Paliwo z biomasy - vee - valuable ecological energy\",\"isPartOf\":{\"@id\":\"https:\\\/\\\/vee.energy\\\/pl\\\/#website\"},\"primaryImageOfPage\":{\"@id\":\"https:\\\/\\\/vee.energy\\\/pl\\\/technologia\\\/paliwo-z-biomasy\\\/#primaryimage\"},\"image\":{\"@id\":\"https:\\\/\\\/vee.energy\\\/pl\\\/technologia\\\/paliwo-z-biomasy\\\/#primaryimage\"},\"thumbnailUrl\":\"https:\\\/\\\/vee.energy\\\/wp-content\\\/uploads\\\/Schema-Vergasung-1024x615.jpg\",\"datePublished\":\"2022-01-13T13:44:00+00:00\",\"dateModified\":\"2025-12-01T15:34:25+00:00\",\"description\":\"Proces od zr\u0119bk\u00f3w drzewnych do wytwarzania energii elektrycznej i ciep\u0142a. Jak dzia\u0142a nasza elektrociep\u0142ownia. Z ilustracj\u0105 graficzn\u0105.\",\"breadcrumb\":{\"@id\":\"https:\\\/\\\/vee.energy\\\/pl\\\/technologia\\\/paliwo-z-biomasy\\\/#breadcrumb\"},\"inLanguage\":\"pl-PL\",\"potentialAction\":[{\"@type\":\"ReadAction\",\"target\":[\"https:\\\/\\\/vee.energy\\\/pl\\\/technologia\\\/paliwo-z-biomasy\\\/\"]}]},{\"@type\":\"ImageObject\",\"inLanguage\":\"pl-PL\",\"@id\":\"https:\\\/\\\/vee.energy\\\/pl\\\/technologia\\\/paliwo-z-biomasy\\\/#primaryimage\",\"url\":\"https:\\\/\\\/vee.energy\\\/wp-content\\\/uploads\\\/Schema-Vergasung-1024x615.jpg\",\"contentUrl\":\"https:\\\/\\\/vee.energy\\\/wp-content\\\/uploads\\\/Schema-Vergasung-1024x615.jpg\"},{\"@type\":\"BreadcrumbList\",\"@id\":\"https:\\\/\\\/vee.energy\\\/pl\\\/technologia\\\/paliwo-z-biomasy\\\/#breadcrumb\",\"itemListElement\":[{\"@type\":\"ListItem\",\"position\":1,\"name\":\"Startseite\",\"item\":\"https:\\\/\\\/vee.energy\\\/pl\\\/strona-glowna\\\/\"},{\"@type\":\"ListItem\",\"position\":2,\"name\":\"Technologia\",\"item\":\"https:\\\/\\\/vee.energy\\\/pl\\\/technologia\\\/\"},{\"@type\":\"ListItem\",\"position\":3,\"name\":\"Paliwo z biomasy\"}]},{\"@type\":\"WebSite\",\"@id\":\"https:\\\/\\\/vee.energy\\\/pl\\\/#website\",\"url\":\"https:\\\/\\\/vee.energy\\\/pl\\\/\",\"name\":\"vee - valuable ecological energy\",\"description\":\"Hackschnitzel BHKW - Holzgas KWK Anlagen\",\"publisher\":{\"@id\":\"https:\\\/\\\/vee.energy\\\/pl\\\/#organization\"},\"potentialAction\":[{\"@type\":\"SearchAction\",\"target\":{\"@type\":\"EntryPoint\",\"urlTemplate\":\"https:\\\/\\\/vee.energy\\\/pl\\\/?s={search_term_string}\"},\"query-input\":{\"@type\":\"PropertyValueSpecification\",\"valueRequired\":true,\"valueName\":\"search_term_string\"}}],\"inLanguage\":\"pl-PL\"},{\"@type\":\"Organization\",\"@id\":\"https:\\\/\\\/vee.energy\\\/pl\\\/#organization\",\"name\":\"vee - valuable ecological energy\",\"url\":\"https:\\\/\\\/vee.energy\\\/pl\\\/\",\"logo\":{\"@type\":\"ImageObject\",\"inLanguage\":\"pl-PL\",\"@id\":\"https:\\\/\\\/vee.energy\\\/pl\\\/#\\\/schema\\\/logo\\\/image\\\/\",\"url\":\"https:\\\/\\\/vee.energy\\\/wp-content\\\/uploads\\\/cropped-VEE_rgb_300dpi_mit-claim-1.jpg\",\"contentUrl\":\"https:\\\/\\\/vee.energy\\\/wp-content\\\/uploads\\\/cropped-VEE_rgb_300dpi_mit-claim-1.jpg\",\"width\":1920,\"height\":545,\"caption\":\"vee - valuable ecological energy\"},\"image\":{\"@id\":\"https:\\\/\\\/vee.energy\\\/pl\\\/#\\\/schema\\\/logo\\\/image\\\/\"}}]}<\/script>\n<!-- \/ Yoast SEO plugin. -->","yoast_head_json":{"title":"Paliwo z biomasy - vee - valuable ecological energy","description":"Proces od zr\u0119bk\u00f3w drzewnych do wytwarzania energii elektrycznej i ciep\u0142a. Jak dzia\u0142a nasza elektrociep\u0142ownia. Z ilustracj\u0105 graficzn\u0105.","robots":{"index":"index","follow":"follow","max-snippet":"max-snippet:-1","max-image-preview":"max-image-preview:large","max-video-preview":"max-video-preview:-1"},"canonical":"https:\/\/vee.energy\/pl\/technologia\/paliwo-z-biomasy\/","og_locale":"pl_PL","og_type":"article","og_title":"Paliwo z biomasy - vee - valuable ecological energy","og_description":"Proces od zr\u0119bk\u00f3w drzewnych do wytwarzania energii elektrycznej i ciep\u0142a. Jak dzia\u0142a nasza elektrociep\u0142ownia. Z ilustracj\u0105 graficzn\u0105.","og_url":"https:\/\/vee.energy\/pl\/technologia\/paliwo-z-biomasy\/","og_site_name":"vee - valuable ecological energy","article_modified_time":"2025-12-01T15:34:25+00:00","og_image":[{"url":"https:\/\/vee.energy\/wp-content\/uploads\/Schema-Vergasung-1024x615.jpg","type":"","width":"","height":""}],"twitter_card":"summary_large_image","twitter_misc":{"Szacowany czas czytania":"2 minuty"},"schema":{"@context":"https:\/\/schema.org","@graph":[{"@type":"WebPage","@id":"https:\/\/vee.energy\/pl\/technologia\/paliwo-z-biomasy\/","url":"https:\/\/vee.energy\/pl\/technologia\/paliwo-z-biomasy\/","name":"Paliwo z biomasy - vee - valuable ecological energy","isPartOf":{"@id":"https:\/\/vee.energy\/pl\/#website"},"primaryImageOfPage":{"@id":"https:\/\/vee.energy\/pl\/technologia\/paliwo-z-biomasy\/#primaryimage"},"image":{"@id":"https:\/\/vee.energy\/pl\/technologia\/paliwo-z-biomasy\/#primaryimage"},"thumbnailUrl":"https:\/\/vee.energy\/wp-content\/uploads\/Schema-Vergasung-1024x615.jpg","datePublished":"2022-01-13T13:44:00+00:00","dateModified":"2025-12-01T15:34:25+00:00","description":"Proces od zr\u0119bk\u00f3w drzewnych do wytwarzania energii elektrycznej i ciep\u0142a. Jak dzia\u0142a nasza elektrociep\u0142ownia. Z ilustracj\u0105 graficzn\u0105.","breadcrumb":{"@id":"https:\/\/vee.energy\/pl\/technologia\/paliwo-z-biomasy\/#breadcrumb"},"inLanguage":"pl-PL","potentialAction":[{"@type":"ReadAction","target":["https:\/\/vee.energy\/pl\/technologia\/paliwo-z-biomasy\/"]}]},{"@type":"ImageObject","inLanguage":"pl-PL","@id":"https:\/\/vee.energy\/pl\/technologia\/paliwo-z-biomasy\/#primaryimage","url":"https:\/\/vee.energy\/wp-content\/uploads\/Schema-Vergasung-1024x615.jpg","contentUrl":"https:\/\/vee.energy\/wp-content\/uploads\/Schema-Vergasung-1024x615.jpg"},{"@type":"BreadcrumbList","@id":"https:\/\/vee.energy\/pl\/technologia\/paliwo-z-biomasy\/#breadcrumb","itemListElement":[{"@type":"ListItem","position":1,"name":"Startseite","item":"https:\/\/vee.energy\/pl\/strona-glowna\/"},{"@type":"ListItem","position":2,"name":"Technologia","item":"https:\/\/vee.energy\/pl\/technologia\/"},{"@type":"ListItem","position":3,"name":"Paliwo z biomasy"}]},{"@type":"WebSite","@id":"https:\/\/vee.energy\/pl\/#website","url":"https:\/\/vee.energy\/pl\/","name":"vee - valuable ecological energy","description":"Hackschnitzel BHKW - Holzgas KWK Anlagen","publisher":{"@id":"https:\/\/vee.energy\/pl\/#organization"},"potentialAction":[{"@type":"SearchAction","target":{"@type":"EntryPoint","urlTemplate":"https:\/\/vee.energy\/pl\/?s={search_term_string}"},"query-input":{"@type":"PropertyValueSpecification","valueRequired":true,"valueName":"search_term_string"}}],"inLanguage":"pl-PL"},{"@type":"Organization","@id":"https:\/\/vee.energy\/pl\/#organization","name":"vee - valuable ecological energy","url":"https:\/\/vee.energy\/pl\/","logo":{"@type":"ImageObject","inLanguage":"pl-PL","@id":"https:\/\/vee.energy\/pl\/#\/schema\/logo\/image\/","url":"https:\/\/vee.energy\/wp-content\/uploads\/cropped-VEE_rgb_300dpi_mit-claim-1.jpg","contentUrl":"https:\/\/vee.energy\/wp-content\/uploads\/cropped-VEE_rgb_300dpi_mit-claim-1.jpg","width":1920,"height":545,"caption":"vee - valuable ecological energy"},"image":{"@id":"https:\/\/vee.energy\/pl\/#\/schema\/logo\/image\/"}}]}},"_links":{"self":[{"href":"https:\/\/vee.energy\/pl\/wp-json\/wp\/v2\/pages\/19847","targetHints":{"allow":["GET"]}}],"collection":[{"href":"https:\/\/vee.energy\/pl\/wp-json\/wp\/v2\/pages"}],"about":[{"href":"https:\/\/vee.energy\/pl\/wp-json\/wp\/v2\/types\/page"}],"author":[{"embeddable":true,"href":"https:\/\/vee.energy\/pl\/wp-json\/wp\/v2\/users\/2"}],"replies":[{"embeddable":true,"href":"https:\/\/vee.energy\/pl\/wp-json\/wp\/v2\/comments?post=19847"}],"version-history":[{"count":1,"href":"https:\/\/vee.energy\/pl\/wp-json\/wp\/v2\/pages\/19847\/revisions"}],"predecessor-version":[{"id":19848,"href":"https:\/\/vee.energy\/pl\/wp-json\/wp\/v2\/pages\/19847\/revisions\/19848"}],"up":[{"embeddable":true,"href":"https:\/\/vee.energy\/pl\/wp-json\/wp\/v2\/pages\/19768"}],"wp:attachment":[{"href":"https:\/\/vee.energy\/pl\/wp-json\/wp\/v2\/media?parent=19847"}],"curies":[{"name":"wp","href":"https:\/\/api.w.org\/{rel}","templated":true}]}}