{"id":19787,"date":"2022-01-17T14:23:36","date_gmt":"2022-01-17T13:23:36","guid":{"rendered":"https:\/\/vee.energy\/projekty-i-zastosowania\/"},"modified":"2025-12-01T16:34:27","modified_gmt":"2025-12-01T15:34:27","slug":"projekty-i-zastosowania","status":"publish","type":"page","link":"https:\/\/vee.energy\/pl\/projekty-i-zastosowania\/","title":{"rendered":"Projekty i zastosowania"},"content":{"rendered":"\t\t<div data-elementor-type=\"wp-page\" data-elementor-id=\"19787\" class=\"elementor elementor-19787 elementor-1122\">\n\t\t\t\t\t\t<section class=\"elementor-section elementor-top-section elementor-element elementor-element-24385e55 elementor-reverse-tablet elementor-reverse-mobile elementor-section-boxed elementor-section-height-default elementor-section-height-default\" data-id=\"24385e55\" data-element_type=\"section\" data-e-type=\"section\" data-settings=\"{&quot;background_background&quot;:&quot;classic&quot;}\">\n\t\t\t\t\t\t<div class=\"elementor-container elementor-column-gap-default\">\n\t\t\t\t\t<div class=\"elementor-column elementor-col-100 elementor-top-column elementor-element elementor-element-42af4f43\" data-id=\"42af4f43\" data-element_type=\"column\" data-e-type=\"column\">\n\t\t\t<div class=\"elementor-widget-wrap elementor-element-populated\">\n\t\t\t\t\t\t<section class=\"elementor-section elementor-inner-section elementor-element elementor-element-53deacbf elementor-section-boxed elementor-section-height-default elementor-section-height-default\" data-id=\"53deacbf\" data-element_type=\"section\" data-e-type=\"section\">\n\t\t\t\t\t\t<div class=\"elementor-container elementor-column-gap-default\">\n\t\t\t\t\t<div class=\"elementor-column elementor-col-50 elementor-inner-column elementor-element elementor-element-3d7bde45\" data-id=\"3d7bde45\" data-element_type=\"column\" data-e-type=\"column\">\n\t\t\t<div class=\"elementor-widget-wrap elementor-element-populated\">\n\t\t\t\t\t\t<div class=\"elementor-element elementor-element-2dfc25c7 elementor-widget__width-initial elementor-widget-divider--view-line elementor-widget elementor-widget-divider\" data-id=\"2dfc25c7\" data-element_type=\"widget\" data-e-type=\"widget\" data-widget_type=\"divider.default\">\n\t\t\t\t<div class=\"elementor-widget-container\">\n\t\t\t\t\t\t\t<div class=\"elementor-divider\">\n\t\t\t<span class=\"elementor-divider-separator\">\n\t\t\t\t\t\t<\/span>\n\t\t<\/div>\n\t\t\t\t\t\t<\/div>\n\t\t\t\t<\/div>\n\t\t\t\t<div class=\"elementor-element elementor-element-5cfbc2b6 elementor-widget__width-initial elementor-widget elementor-widget-heading\" data-id=\"5cfbc2b6\" data-element_type=\"widget\" data-e-type=\"widget\" data-widget_type=\"heading.default\">\n\t\t\t\t<div class=\"elementor-widget-container\">\n\t\t\t\t\t<h1 class=\"elementor-heading-title elementor-size-default\">Projekty i zastosowania zwi\u0105zane z gazem drzewnym<\/h1>\t\t\t\t<\/div>\n\t\t\t\t<\/div>\n\t\t\t\t<div class=\"elementor-element elementor-element-73b64e6a elementor-widget elementor-widget-heading\" data-id=\"73b64e6a\" data-element_type=\"widget\" data-e-type=\"widget\" data-widget_type=\"heading.default\">\n\t\t\t\t<div class=\"elementor-widget-container\">\n\t\t\t\t\t<h2 class=\"elementor-heading-title elementor-size-default\">Indywidualne wymagania<\/h2>\t\t\t\t<\/div>\n\t\t\t\t<\/div>\n\t\t\t\t<div class=\"elementor-element elementor-element-640db45a elementor-widget elementor-widget-text-editor\" data-id=\"640db45a\" data-element_type=\"widget\" data-e-type=\"widget\" data-widget_type=\"text-editor.default\">\n\t\t\t\t<div class=\"elementor-widget-container\">\n\t\t\t\t\t\t\t\t\t<p>Ka\u017cdy projekt kogeneracji na gaz drzewny ma indywidualne wymagania,<span style=\"font-size: 17px; color: var( --e-global-color-text ); letter-spacing: var( --e-global-typography-5f4c817-letter-spacing ); word-spacing: var( --e-global-typography-5f4c817-word-spacing );\">pocz\u0105wszy od dost\u0119pno\u015bci i jako\u015bci biomasy, poprzez mo\u017cliwo\u015bci logistyczne transportu i magazynowania, a\u017c po samowystarczalno\u015b\u0107 w zakresie zu\u017cycia energii elektrycznej i ciep\u0142a.<\/span><\/p><p>Nasze koncepcje s\u0105 dostosowane do Pa\u0144stwa warunk\u00f3w ramowych.<\/p>\t\t\t\t\t\t\t\t<\/div>\n\t\t\t\t<\/div>\n\t\t\t\t\t<\/div>\n\t\t<\/div>\n\t\t\t\t<div class=\"elementor-column elementor-col-50 elementor-inner-column elementor-element elementor-element-54d1907a\" data-id=\"54d1907a\" data-element_type=\"column\" data-e-type=\"column\">\n\t\t\t<div class=\"elementor-widget-wrap\">\n\t\t\t\t\t\t\t<\/div>\n\t\t<\/div>\n\t\t\t\t\t<\/div>\n\t\t<\/section>\n\t\t\t\t<section class=\"elementor-section elementor-inner-section elementor-element elementor-element-111eae4a elementor-section-boxed elementor-section-height-default elementor-section-height-default\" data-id=\"111eae4a\" data-element_type=\"section\" data-e-type=\"section\">\n\t\t\t\t\t\t<div class=\"elementor-container elementor-column-gap-default\">\n\t\t\t\t\t<div class=\"elementor-column elementor-col-25 elementor-inner-column elementor-element elementor-element-77ec634c\" data-id=\"77ec634c\" data-element_type=\"column\" data-e-type=\"column\">\n\t\t\t<div class=\"elementor-widget-wrap elementor-element-populated\">\n\t\t\t\t\t\t<div class=\"elementor-element elementor-element-752e770e elementor-widget elementor-widget-image\" data-id=\"752e770e\" data-element_type=\"widget\" data-e-type=\"widget\" data-widget_type=\"image.default\">\n\t\t\t\t<div class=\"elementor-widget-container\">\n\t\t\t\t\t\t\t\t\t\t\t\t\t\t\t<img decoding=\"async\" src=\"https:\/\/vee.energy\/wp-content\/uploads\/elementor\/thumbs\/vee_energy_holzgas-KWK_engineering-qwfgk2vg61gqoiiww76gpcn9ut91pv0fbxjk9bl2go.jpg\" title=\"vee_energy_wood_gas_CHP_engineering\" alt=\"vee_energy_wood_gas_CHP_engineering\" loading=\"lazy\" \/>\t\t\t\t\t\t\t\t\t\t\t\t\t\t\t<\/div>\n\t\t\t\t<\/div>\n\t\t\t\t\t<\/div>\n\t\t<\/div>\n\t\t\t\t<div class=\"elementor-column elementor-col-25 elementor-inner-column elementor-element elementor-element-618046a5\" data-id=\"618046a5\" data-element_type=\"column\" data-e-type=\"column\" data-settings=\"{&quot;background_background&quot;:&quot;classic&quot;}\">\n\t\t\t<div class=\"elementor-widget-wrap elementor-element-populated\">\n\t\t\t\t\t\t<div class=\"elementor-element elementor-element-44d75bef elementor-widget__width-initial elementor-view-default elementor-widget elementor-widget-icon\" data-id=\"44d75bef\" data-element_type=\"widget\" data-e-type=\"widget\" data-widget_type=\"icon.default\">\n\t\t\t\t<div class=\"elementor-widget-container\">\n\t\t\t\t\t\t\t<div class=\"elementor-icon-wrapper\">\n\t\t\t<div class=\"elementor-icon\">\n\t\t\t<i aria-hidden=\"true\" class=\"fas fa-angle-right\"><\/i>\t\t\t<\/div>\n\t\t<\/div>\n\t\t\t\t\t\t<\/div>\n\t\t\t\t<\/div>\n\t\t\t\t<div class=\"elementor-element elementor-element-41cf9e60 elementor-widget__width-initial elementor-widget elementor-widget-heading\" data-id=\"41cf9e60\" data-element_type=\"widget\" data-e-type=\"widget\" data-widget_type=\"heading.default\">\n\t\t\t\t<div class=\"elementor-widget-container\">\n\t\t\t\t\t<h3 class=\"elementor-heading-title elementor-size-default\"><a href=\"https:\/\/vee.energy\/pl\/projekty-i-zastosowania\/obszary-zastosowania\/\">Zastosowania<\/a><\/h3>\t\t\t\t<\/div>\n\t\t\t\t<\/div>\n\t\t\t\t<div class=\"elementor-element elementor-element-86d621f elementor-widget elementor-widget-text-editor\" data-id=\"86d621f\" data-element_type=\"widget\" data-e-type=\"widget\" data-widget_type=\"text-editor.default\">\n\t\t\t\t<div class=\"elementor-widget-container\">\n\t\t\t\t\t\t\t\t\t<p>Ka\u017cda bran\u017ca ma swoje w\u0142asne wymagania. Kt\u00f3ry rozmiar systemu pasuje do obszaru zastosowania? <br><br><br><\/p>\t\t\t\t\t\t\t\t<\/div>\n\t\t\t\t<\/div>\n\t\t\t\t\t<\/div>\n\t\t<\/div>\n\t\t\t\t<div class=\"elementor-column elementor-col-25 elementor-inner-column elementor-element elementor-element-27603c19\" data-id=\"27603c19\" data-element_type=\"column\" data-e-type=\"column\" data-settings=\"{&quot;background_background&quot;:&quot;classic&quot;}\">\n\t\t\t<div class=\"elementor-widget-wrap elementor-element-populated\">\n\t\t\t\t\t\t<div class=\"elementor-element elementor-element-1ca8fdd9 elementor-widget__width-initial elementor-view-default elementor-widget elementor-widget-icon\" data-id=\"1ca8fdd9\" data-element_type=\"widget\" data-e-type=\"widget\" data-widget_type=\"icon.default\">\n\t\t\t\t<div class=\"elementor-widget-container\">\n\t\t\t\t\t\t\t<div class=\"elementor-icon-wrapper\">\n\t\t\t<div class=\"elementor-icon\">\n\t\t\t<i aria-hidden=\"true\" class=\"fas fa-angle-right\"><\/i>\t\t\t<\/div>\n\t\t<\/div>\n\t\t\t\t\t\t<\/div>\n\t\t\t\t<\/div>\n\t\t\t\t<div class=\"elementor-element elementor-element-5d75b602 elementor-widget__width-initial elementor-widget elementor-widget-heading\" data-id=\"5d75b602\" data-element_type=\"widget\" data-e-type=\"widget\" data-widget_type=\"heading.default\">\n\t\t\t\t<div class=\"elementor-widget-container\">\n\t\t\t\t\t<h3 class=\"elementor-heading-title elementor-size-default\"><a href=\"https:\/\/vee.energy\/pl\/projekty-i-zastosowania\/inzynieria\/\">In\u017cynieria<\/a><\/h3>\t\t\t\t<\/div>\n\t\t\t\t<\/div>\n\t\t\t\t<div class=\"elementor-element elementor-element-61204a3a elementor-widget elementor-widget-text-editor\" data-id=\"61204a3a\" data-element_type=\"widget\" data-e-type=\"widget\" data-widget_type=\"text-editor.default\">\n\t\t\t\t<div class=\"elementor-widget-container\">\n\t\t\t\t\t\t\t\t\t<p>Technologia gazu drzewnego jest do\u015b\u0107 z\u0142o\u017cona. Wsp\u00f3\u0142pracujemy z Pa\u0144stwa zaufanym biurem in\u017cynieryjnym. <\/p>\t\t\t\t\t\t\t\t<\/div>\n\t\t\t\t<\/div>\n\t\t\t\t\t<\/div>\n\t\t<\/div>\n\t\t\t\t<div class=\"elementor-column elementor-col-25 elementor-inner-column elementor-element elementor-element-2f8f09c1\" data-id=\"2f8f09c1\" data-element_type=\"column\" data-e-type=\"column\" data-settings=\"{&quot;background_background&quot;:&quot;classic&quot;}\">\n\t\t\t<div class=\"elementor-widget-wrap elementor-element-populated\">\n\t\t\t\t\t\t<div class=\"elementor-element elementor-element-6c7733dd elementor-widget__width-initial elementor-view-default elementor-widget elementor-widget-icon\" data-id=\"6c7733dd\" data-element_type=\"widget\" data-e-type=\"widget\" data-widget_type=\"icon.default\">\n\t\t\t\t<div class=\"elementor-widget-container\">\n\t\t\t\t\t\t\t<div class=\"elementor-icon-wrapper\">\n\t\t\t<div class=\"elementor-icon\">\n\t\t\t<i aria-hidden=\"true\" class=\"fas fa-angle-right\"><\/i>\t\t\t<\/div>\n\t\t<\/div>\n\t\t\t\t\t\t<\/div>\n\t\t\t\t<\/div>\n\t\t\t\t<div class=\"elementor-element elementor-element-5f2c99c8 elementor-widget__width-initial elementor-widget elementor-widget-heading\" data-id=\"5f2c99c8\" data-element_type=\"widget\" data-e-type=\"widget\" data-widget_type=\"heading.default\">\n\t\t\t\t<div class=\"elementor-widget-container\">\n\t\t\t\t\t<h3 class=\"elementor-heading-title elementor-size-default\"><a href=\"https:\/\/vee.energy\/pl\/projekty-i-zastosowania\/projekty\/\">Projekty<\/a><\/h3>\t\t\t\t<\/div>\n\t\t\t\t<\/div>\n\t\t\t\t<div class=\"elementor-element elementor-element-13c43236 elementor-widget elementor-widget-text-editor\" data-id=\"13c43236\" data-element_type=\"widget\" data-e-type=\"widget\" data-widget_type=\"text-editor.default\">\n\t\t\t\t<div class=\"elementor-widget-container\">\n\t\t\t\t\t\t\t\t\t<p>Ju\u017c dzia\u0142aj\u0105ce lub wci\u0105\u017c w fazie planowania, prosz\u0119 przeczyta\u0107 wi\u0119cej o naszych projektach referencyjnych.<\/p>\t\t\t\t\t\t\t\t<\/div>\n\t\t\t\t<\/div>\n\t\t\t\t\t<\/div>\n\t\t<\/div>\n\t\t\t\t\t<\/div>\n\t\t<\/section>\n\t\t\t\t\t<\/div>\n\t\t<\/div>\n\t\t\t\t\t<\/div>\n\t\t<\/section>\n\t\t\t\t<\/div>\n\t\t","protected":false},"excerpt":{"rendered":"<p>Projekty i zastosowania zwi\u0105zane z gazem drzewnym Indywidualne wymagania Ka\u017cdy projekt kogeneracji na gaz drzewny ma indywidualne wymagania,pocz\u0105wszy od dost\u0119pno\u015bci i jako\u015bci biomasy, poprzez mo\u017cliwo\u015bci logistyczne transportu i magazynowania, a\u017c po samowystarczalno\u015b\u0107 w zakresie zu\u017cycia energii elektrycznej i ciep\u0142a. Nasze koncepcje s\u0105 dostosowane do Pa\u0144stwa warunk\u00f3w ramowych. Zastosowania Ka\u017cda bran\u017ca ma swoje w\u0142asne wymagania. Kt\u00f3ry [&hellip;]<\/p>\n","protected":false},"author":2,"featured_media":0,"parent":0,"menu_order":0,"comment_status":"closed","ping_status":"closed","template":"","meta":{"ocean_post_layout":"","ocean_both_sidebars_style":"","ocean_both_sidebars_content_width":0,"ocean_both_sidebars_sidebars_width":0,"ocean_sidebar":"0","ocean_second_sidebar":"0","ocean_disable_margins":"enable","ocean_add_body_class":"","ocean_shortcode_before_top_bar":"","ocean_shortcode_after_top_bar":"","ocean_shortcode_before_header":"","ocean_shortcode_after_header":"","ocean_has_shortcode":"","ocean_shortcode_after_title":"","ocean_shortcode_before_footer_widgets":"","ocean_shortcode_after_footer_widgets":"","ocean_shortcode_before_footer_bottom":"","ocean_shortcode_after_footer_bottom":"","ocean_display_top_bar":"default","ocean_display_header":"default","ocean_header_style":"","ocean_center_header_left_menu":"0","ocean_custom_header_template":"0","ocean_custom_logo":0,"ocean_custom_retina_logo":0,"ocean_custom_logo_max_width":0,"ocean_custom_logo_tablet_max_width":0,"ocean_custom_logo_mobile_max_width":0,"ocean_custom_logo_max_height":0,"ocean_custom_logo_tablet_max_height":0,"ocean_custom_logo_mobile_max_height":0,"ocean_header_custom_menu":"0","ocean_menu_typo_font_family":"0","ocean_menu_typo_font_subset":"","ocean_menu_typo_font_size":0,"ocean_menu_typo_font_size_tablet":0,"ocean_menu_typo_font_size_mobile":0,"ocean_menu_typo_font_size_unit":"px","ocean_menu_typo_font_weight":"","ocean_menu_typo_font_weight_tablet":"","ocean_menu_typo_font_weight_mobile":"","ocean_menu_typo_transform":"","ocean_menu_typo_transform_tablet":"","ocean_menu_typo_transform_mobile":"","ocean_menu_typo_line_height":0,"ocean_menu_typo_line_height_tablet":0,"ocean_menu_typo_line_height_mobile":0,"ocean_menu_typo_line_height_unit":"","ocean_menu_typo_spacing":0,"ocean_menu_typo_spacing_tablet":0,"ocean_menu_typo_spacing_mobile":0,"ocean_menu_typo_spacing_unit":"","ocean_menu_link_color":"","ocean_menu_link_color_hover":"","ocean_menu_link_color_active":"","ocean_menu_link_background":"","ocean_menu_link_hover_background":"","ocean_menu_link_active_background":"","ocean_menu_social_links_bg":"","ocean_menu_social_hover_links_bg":"","ocean_menu_social_links_color":"","ocean_menu_social_hover_links_color":"","ocean_disable_title":"default","ocean_disable_heading":"default","ocean_post_title":"","ocean_post_subheading":"","ocean_post_title_style":"","ocean_post_title_background_color":"","ocean_post_title_background":0,"ocean_post_title_bg_image_position":"","ocean_post_title_bg_image_attachment":"","ocean_post_title_bg_image_repeat":"","ocean_post_title_bg_image_size":"","ocean_post_title_height":0,"ocean_post_title_bg_overlay":0.5,"ocean_post_title_bg_overlay_color":"","ocean_disable_breadcrumbs":"default","ocean_breadcrumbs_color":"","ocean_breadcrumbs_separator_color":"","ocean_breadcrumbs_links_color":"","ocean_breadcrumbs_links_hover_color":"","ocean_display_footer_widgets":"default","ocean_display_footer_bottom":"default","ocean_custom_footer_template":"0","footnotes":""},"class_list":["post-19787","page","type-page","status-publish","hentry","entry"],"yoast_head":"<!-- This site is optimized with the Yoast SEO plugin v27.3 - https:\/\/yoast.com\/product\/yoast-seo-wordpress\/ -->\n<title>Projekty i zastosowania - vee - valuable ecological energy<\/title>\n<meta name=\"description\" content=\"Ka\u017cdy projekt kogeneracji na gaz drzewny ma indywidualne wymagania dotycz\u0105ce dost\u0119pno\u015bci i jako\u015bci biomasy. Planujemy Pa\u0144stwa projekt wsp\u00f3lnie z Pa\u0144stwem.\" \/>\n<meta name=\"robots\" content=\"index, follow, max-snippet:-1, max-image-preview:large, max-video-preview:-1\" \/>\n<link rel=\"canonical\" href=\"https:\/\/vee.energy\/pl\/projekty-i-zastosowania\/\" \/>\n<meta property=\"og:locale\" content=\"pl_PL\" \/>\n<meta property=\"og:type\" content=\"article\" \/>\n<meta property=\"og:title\" content=\"Projekty i zastosowania - vee - valuable ecological energy\" \/>\n<meta property=\"og:description\" content=\"Ka\u017cdy projekt kogeneracji na gaz drzewny ma indywidualne wymagania dotycz\u0105ce dost\u0119pno\u015bci i jako\u015bci biomasy. Planujemy Pa\u0144stwa projekt wsp\u00f3lnie z Pa\u0144stwem.\" \/>\n<meta property=\"og:url\" content=\"https:\/\/vee.energy\/pl\/projekty-i-zastosowania\/\" \/>\n<meta property=\"og:site_name\" content=\"vee - valuable ecological energy\" \/>\n<meta property=\"article:modified_time\" content=\"2025-12-01T15:34:27+00:00\" \/>\n<meta property=\"og:image\" content=\"https:\/\/vee.energy\/wp-content\/uploads\/elementor\/thumbs\/vee_energy_holzgas-KWK_engineering-qwfgk2vg61gqoiiww76gpcn9ut91pv0fbxjk9bl2go.jpg\" \/>\n<meta name=\"twitter:card\" content=\"summary_large_image\" \/>\n<meta name=\"twitter:label1\" content=\"Szacowany czas czytania\" \/>\n\t<meta name=\"twitter:data1\" content=\"1 minuta\" \/>\n<script type=\"application\/ld+json\" class=\"yoast-schema-graph\">{\"@context\":\"https:\\\/\\\/schema.org\",\"@graph\":[{\"@type\":\"WebPage\",\"@id\":\"https:\\\/\\\/vee.energy\\\/pl\\\/projekty-i-zastosowania\\\/\",\"url\":\"https:\\\/\\\/vee.energy\\\/pl\\\/projekty-i-zastosowania\\\/\",\"name\":\"Projekty i zastosowania - vee - valuable ecological energy\",\"isPartOf\":{\"@id\":\"https:\\\/\\\/vee.energy\\\/pl\\\/#website\"},\"primaryImageOfPage\":{\"@id\":\"https:\\\/\\\/vee.energy\\\/pl\\\/projekty-i-zastosowania\\\/#primaryimage\"},\"image\":{\"@id\":\"https:\\\/\\\/vee.energy\\\/pl\\\/projekty-i-zastosowania\\\/#primaryimage\"},\"thumbnailUrl\":\"https:\\\/\\\/vee.energy\\\/wp-content\\\/uploads\\\/elementor\\\/thumbs\\\/vee_energy_holzgas-KWK_engineering-qwfgk2vg61gqoiiww76gpcn9ut91pv0fbxjk9bl2go.jpg\",\"datePublished\":\"2022-01-17T13:23:36+00:00\",\"dateModified\":\"2025-12-01T15:34:27+00:00\",\"description\":\"Ka\u017cdy projekt kogeneracji na gaz drzewny ma indywidualne wymagania dotycz\u0105ce dost\u0119pno\u015bci i jako\u015bci biomasy. Planujemy Pa\u0144stwa projekt wsp\u00f3lnie z Pa\u0144stwem.\",\"breadcrumb\":{\"@id\":\"https:\\\/\\\/vee.energy\\\/pl\\\/projekty-i-zastosowania\\\/#breadcrumb\"},\"inLanguage\":\"pl-PL\",\"potentialAction\":[{\"@type\":\"ReadAction\",\"target\":[\"https:\\\/\\\/vee.energy\\\/pl\\\/projekty-i-zastosowania\\\/\"]}]},{\"@type\":\"ImageObject\",\"inLanguage\":\"pl-PL\",\"@id\":\"https:\\\/\\\/vee.energy\\\/pl\\\/projekty-i-zastosowania\\\/#primaryimage\",\"url\":\"https:\\\/\\\/vee.energy\\\/wp-content\\\/uploads\\\/elementor\\\/thumbs\\\/vee_energy_holzgas-KWK_engineering-qwfgk2vg61gqoiiww76gpcn9ut91pv0fbxjk9bl2go.jpg\",\"contentUrl\":\"https:\\\/\\\/vee.energy\\\/wp-content\\\/uploads\\\/elementor\\\/thumbs\\\/vee_energy_holzgas-KWK_engineering-qwfgk2vg61gqoiiww76gpcn9ut91pv0fbxjk9bl2go.jpg\"},{\"@type\":\"BreadcrumbList\",\"@id\":\"https:\\\/\\\/vee.energy\\\/pl\\\/projekty-i-zastosowania\\\/#breadcrumb\",\"itemListElement\":[{\"@type\":\"ListItem\",\"position\":1,\"name\":\"Startseite\",\"item\":\"https:\\\/\\\/vee.energy\\\/pl\\\/strona-glowna\\\/\"},{\"@type\":\"ListItem\",\"position\":2,\"name\":\"Projekty i zastosowania\"}]},{\"@type\":\"WebSite\",\"@id\":\"https:\\\/\\\/vee.energy\\\/pl\\\/#website\",\"url\":\"https:\\\/\\\/vee.energy\\\/pl\\\/\",\"name\":\"vee - valuable ecological energy\",\"description\":\"Hackschnitzel BHKW - Holzgas KWK Anlagen\",\"publisher\":{\"@id\":\"https:\\\/\\\/vee.energy\\\/pl\\\/#organization\"},\"potentialAction\":[{\"@type\":\"SearchAction\",\"target\":{\"@type\":\"EntryPoint\",\"urlTemplate\":\"https:\\\/\\\/vee.energy\\\/pl\\\/?s={search_term_string}\"},\"query-input\":{\"@type\":\"PropertyValueSpecification\",\"valueRequired\":true,\"valueName\":\"search_term_string\"}}],\"inLanguage\":\"pl-PL\"},{\"@type\":\"Organization\",\"@id\":\"https:\\\/\\\/vee.energy\\\/pl\\\/#organization\",\"name\":\"vee - valuable ecological energy\",\"url\":\"https:\\\/\\\/vee.energy\\\/pl\\\/\",\"logo\":{\"@type\":\"ImageObject\",\"inLanguage\":\"pl-PL\",\"@id\":\"https:\\\/\\\/vee.energy\\\/pl\\\/#\\\/schema\\\/logo\\\/image\\\/\",\"url\":\"https:\\\/\\\/vee.energy\\\/wp-content\\\/uploads\\\/cropped-VEE_rgb_300dpi_mit-claim-1.jpg\",\"contentUrl\":\"https:\\\/\\\/vee.energy\\\/wp-content\\\/uploads\\\/cropped-VEE_rgb_300dpi_mit-claim-1.jpg\",\"width\":1920,\"height\":545,\"caption\":\"vee - valuable ecological energy\"},\"image\":{\"@id\":\"https:\\\/\\\/vee.energy\\\/pl\\\/#\\\/schema\\\/logo\\\/image\\\/\"}}]}<\/script>\n<!-- \/ Yoast SEO plugin. -->","yoast_head_json":{"title":"Projekty i zastosowania - vee - valuable ecological energy","description":"Ka\u017cdy projekt kogeneracji na gaz drzewny ma indywidualne wymagania dotycz\u0105ce dost\u0119pno\u015bci i jako\u015bci biomasy. Planujemy Pa\u0144stwa projekt wsp\u00f3lnie z Pa\u0144stwem.","robots":{"index":"index","follow":"follow","max-snippet":"max-snippet:-1","max-image-preview":"max-image-preview:large","max-video-preview":"max-video-preview:-1"},"canonical":"https:\/\/vee.energy\/pl\/projekty-i-zastosowania\/","og_locale":"pl_PL","og_type":"article","og_title":"Projekty i zastosowania - vee - valuable ecological energy","og_description":"Ka\u017cdy projekt kogeneracji na gaz drzewny ma indywidualne wymagania dotycz\u0105ce dost\u0119pno\u015bci i jako\u015bci biomasy. Planujemy Pa\u0144stwa projekt wsp\u00f3lnie z Pa\u0144stwem.","og_url":"https:\/\/vee.energy\/pl\/projekty-i-zastosowania\/","og_site_name":"vee - valuable ecological energy","article_modified_time":"2025-12-01T15:34:27+00:00","og_image":[{"url":"https:\/\/vee.energy\/wp-content\/uploads\/elementor\/thumbs\/vee_energy_holzgas-KWK_engineering-qwfgk2vg61gqoiiww76gpcn9ut91pv0fbxjk9bl2go.jpg","type":"","width":"","height":""}],"twitter_card":"summary_large_image","twitter_misc":{"Szacowany czas czytania":"1 minuta"},"schema":{"@context":"https:\/\/schema.org","@graph":[{"@type":"WebPage","@id":"https:\/\/vee.energy\/pl\/projekty-i-zastosowania\/","url":"https:\/\/vee.energy\/pl\/projekty-i-zastosowania\/","name":"Projekty i zastosowania - vee - valuable ecological energy","isPartOf":{"@id":"https:\/\/vee.energy\/pl\/#website"},"primaryImageOfPage":{"@id":"https:\/\/vee.energy\/pl\/projekty-i-zastosowania\/#primaryimage"},"image":{"@id":"https:\/\/vee.energy\/pl\/projekty-i-zastosowania\/#primaryimage"},"thumbnailUrl":"https:\/\/vee.energy\/wp-content\/uploads\/elementor\/thumbs\/vee_energy_holzgas-KWK_engineering-qwfgk2vg61gqoiiww76gpcn9ut91pv0fbxjk9bl2go.jpg","datePublished":"2022-01-17T13:23:36+00:00","dateModified":"2025-12-01T15:34:27+00:00","description":"Ka\u017cdy projekt kogeneracji na gaz drzewny ma indywidualne wymagania dotycz\u0105ce dost\u0119pno\u015bci i jako\u015bci biomasy. Planujemy Pa\u0144stwa projekt wsp\u00f3lnie z Pa\u0144stwem.","breadcrumb":{"@id":"https:\/\/vee.energy\/pl\/projekty-i-zastosowania\/#breadcrumb"},"inLanguage":"pl-PL","potentialAction":[{"@type":"ReadAction","target":["https:\/\/vee.energy\/pl\/projekty-i-zastosowania\/"]}]},{"@type":"ImageObject","inLanguage":"pl-PL","@id":"https:\/\/vee.energy\/pl\/projekty-i-zastosowania\/#primaryimage","url":"https:\/\/vee.energy\/wp-content\/uploads\/elementor\/thumbs\/vee_energy_holzgas-KWK_engineering-qwfgk2vg61gqoiiww76gpcn9ut91pv0fbxjk9bl2go.jpg","contentUrl":"https:\/\/vee.energy\/wp-content\/uploads\/elementor\/thumbs\/vee_energy_holzgas-KWK_engineering-qwfgk2vg61gqoiiww76gpcn9ut91pv0fbxjk9bl2go.jpg"},{"@type":"BreadcrumbList","@id":"https:\/\/vee.energy\/pl\/projekty-i-zastosowania\/#breadcrumb","itemListElement":[{"@type":"ListItem","position":1,"name":"Startseite","item":"https:\/\/vee.energy\/pl\/strona-glowna\/"},{"@type":"ListItem","position":2,"name":"Projekty i zastosowania"}]},{"@type":"WebSite","@id":"https:\/\/vee.energy\/pl\/#website","url":"https:\/\/vee.energy\/pl\/","name":"vee - valuable ecological energy","description":"Hackschnitzel BHKW - Holzgas KWK Anlagen","publisher":{"@id":"https:\/\/vee.energy\/pl\/#organization"},"potentialAction":[{"@type":"SearchAction","target":{"@type":"EntryPoint","urlTemplate":"https:\/\/vee.energy\/pl\/?s={search_term_string}"},"query-input":{"@type":"PropertyValueSpecification","valueRequired":true,"valueName":"search_term_string"}}],"inLanguage":"pl-PL"},{"@type":"Organization","@id":"https:\/\/vee.energy\/pl\/#organization","name":"vee - valuable ecological energy","url":"https:\/\/vee.energy\/pl\/","logo":{"@type":"ImageObject","inLanguage":"pl-PL","@id":"https:\/\/vee.energy\/pl\/#\/schema\/logo\/image\/","url":"https:\/\/vee.energy\/wp-content\/uploads\/cropped-VEE_rgb_300dpi_mit-claim-1.jpg","contentUrl":"https:\/\/vee.energy\/wp-content\/uploads\/cropped-VEE_rgb_300dpi_mit-claim-1.jpg","width":1920,"height":545,"caption":"vee - valuable ecological energy"},"image":{"@id":"https:\/\/vee.energy\/pl\/#\/schema\/logo\/image\/"}}]}},"_links":{"self":[{"href":"https:\/\/vee.energy\/pl\/wp-json\/wp\/v2\/pages\/19787","targetHints":{"allow":["GET"]}}],"collection":[{"href":"https:\/\/vee.energy\/pl\/wp-json\/wp\/v2\/pages"}],"about":[{"href":"https:\/\/vee.energy\/pl\/wp-json\/wp\/v2\/types\/page"}],"author":[{"embeddable":true,"href":"https:\/\/vee.energy\/pl\/wp-json\/wp\/v2\/users\/2"}],"replies":[{"embeddable":true,"href":"https:\/\/vee.energy\/pl\/wp-json\/wp\/v2\/comments?post=19787"}],"version-history":[{"count":3,"href":"https:\/\/vee.energy\/pl\/wp-json\/wp\/v2\/pages\/19787\/revisions"}],"predecessor-version":[{"id":19927,"href":"https:\/\/vee.energy\/pl\/wp-json\/wp\/v2\/pages\/19787\/revisions\/19927"}],"wp:attachment":[{"href":"https:\/\/vee.energy\/pl\/wp-json\/wp\/v2\/media?parent=19787"}],"curies":[{"name":"wp","href":"https:\/\/api.w.org\/{rel}","templated":true}]}}