{"id":19774,"date":"2022-01-18T06:43:48","date_gmt":"2022-01-18T05:43:48","guid":{"rendered":"https:\/\/vee.energy\/centrum-pobierania\/"},"modified":"2026-03-03T10:45:37","modified_gmt":"2026-03-03T09:45:37","slug":"centrum-pobierania","status":"publish","type":"page","link":"https:\/\/vee.energy\/pl\/centrum-pobierania\/","title":{"rendered":"Centrum pobierania"},"content":{"rendered":"\t\t<div data-elementor-type=\"wp-page\" data-elementor-id=\"19774\" class=\"elementor elementor-19774 elementor-204\">\n\t\t\t\t\t\t<section class=\"elementor-section elementor-top-section elementor-element elementor-element-11624f31 elementor-section-boxed elementor-section-height-default elementor-section-height-default\" data-id=\"11624f31\" data-element_type=\"section\" data-e-type=\"section\" data-settings=\"{&quot;background_background&quot;:&quot;classic&quot;}\">\n\t\t\t\t\t\t<div class=\"elementor-container elementor-column-gap-default\">\n\t\t\t\t\t<div class=\"elementor-column elementor-col-100 elementor-top-column elementor-element elementor-element-6f21e02a\" data-id=\"6f21e02a\" data-element_type=\"column\" data-e-type=\"column\">\n\t\t\t<div class=\"elementor-widget-wrap elementor-element-populated\">\n\t\t\t\t\t\t<section class=\"elementor-section elementor-inner-section elementor-element elementor-element-35f6b623 elementor-section-boxed elementor-section-height-default elementor-section-height-default\" data-id=\"35f6b623\" data-element_type=\"section\" data-e-type=\"section\">\n\t\t\t\t\t\t<div class=\"elementor-container elementor-column-gap-default\">\n\t\t\t\t\t<div class=\"elementor-column elementor-col-100 elementor-inner-column elementor-element elementor-element-3a13cabc\" data-id=\"3a13cabc\" data-element_type=\"column\" data-e-type=\"column\">\n\t\t\t<div class=\"elementor-widget-wrap elementor-element-populated\">\n\t\t\t\t\t\t<div class=\"elementor-element elementor-element-2aa6ec05 elementor-widget__width-initial elementor-widget-divider--view-line elementor-widget elementor-widget-divider\" data-id=\"2aa6ec05\" data-element_type=\"widget\" data-e-type=\"widget\" data-widget_type=\"divider.default\">\n\t\t\t\t<div class=\"elementor-widget-container\">\n\t\t\t\t\t\t\t<div class=\"elementor-divider\">\n\t\t\t<span class=\"elementor-divider-separator\">\n\t\t\t\t\t\t<\/span>\n\t\t<\/div>\n\t\t\t\t\t\t<\/div>\n\t\t\t\t<\/div>\n\t\t\t\t<div class=\"elementor-element elementor-element-277098 elementor-widget__width-initial elementor-widget elementor-widget-heading\" data-id=\"277098\" data-element_type=\"widget\" data-e-type=\"widget\" data-widget_type=\"heading.default\">\n\t\t\t\t<div class=\"elementor-widget-container\">\n\t\t\t\t\t<h1 class=\"elementor-heading-title elementor-size-default\">Informacje i dokumenty<\/h1>\t\t\t\t<\/div>\n\t\t\t\t<\/div>\n\t\t\t\t<div class=\"elementor-element elementor-element-11f35735 elementor-widget elementor-widget-heading\" data-id=\"11f35735\" data-element_type=\"widget\" data-e-type=\"widget\" data-widget_type=\"heading.default\">\n\t\t\t\t<div class=\"elementor-widget-container\">\n\t\t\t\t\t<h2 class=\"elementor-heading-title elementor-size-default\">Centrum pobierania<\/h2>\t\t\t\t<\/div>\n\t\t\t\t<\/div>\n\t\t\t\t\t<\/div>\n\t\t<\/div>\n\t\t\t\t\t<\/div>\n\t\t<\/section>\n\t\t\t\t\t<\/div>\n\t\t<\/div>\n\t\t\t\t\t<\/div>\n\t\t<\/section>\n\t\t\t\t<section class=\"elementor-section elementor-top-section elementor-element elementor-element-877a53b elementor-section-boxed elementor-section-height-default elementor-section-height-default\" data-id=\"877a53b\" data-element_type=\"section\" data-e-type=\"section\">\n\t\t\t\t\t\t<div class=\"elementor-container elementor-column-gap-default\">\n\t\t\t\t\t<div class=\"elementor-column elementor-col-100 elementor-top-column elementor-element elementor-element-6fac95f\" data-id=\"6fac95f\" data-element_type=\"column\" data-e-type=\"column\">\n\t\t\t<div class=\"elementor-widget-wrap elementor-element-populated\">\n\t\t\t\t\t\t<div class=\"elementor-element elementor-element-835ba75 elementor-widget elementor-widget-button\" data-id=\"835ba75\" data-element_type=\"widget\" data-e-type=\"widget\" data-widget_type=\"button.default\">\n\t\t\t\t<div class=\"elementor-widget-container\">\n\t\t\t\t\t\t\t\t\t<div class=\"elementor-button-wrapper\">\n\t\t\t\t\t<a class=\"elementor-button elementor-button-link elementor-size-sm\" href=\"https:\/\/vee.energy\/wp-content\/uploads\/System-Overview_DC-Gasifier-CHP-8.pdf\" target=\"_blank\">\n\t\t\t\t\t\t<span class=\"elementor-button-content-wrapper\">\n\t\t\t\t\t\t<span class=\"elementor-button-icon\">\n\t\t\t\t<i aria-hidden=\"true\" class=\"far fa-file-pdf\"><\/i>\t\t\t<\/span>\n\t\t\t\t\t\t\t\t\t<span class=\"elementor-button-text\">Przegl\u0105d systemu Zgazowarka DC + jednostka kogeneracyjna<\/span>\n\t\t\t\t\t<\/span>\n\t\t\t\t\t<\/a>\n\t\t\t\t<\/div>\n\t\t\t\t\t\t\t\t<\/div>\n\t\t\t\t<\/div>\n\t\t\t\t<div class=\"elementor-element elementor-element-2c65d27 elementor-widget elementor-widget-button\" data-id=\"2c65d27\" data-element_type=\"widget\" data-e-type=\"widget\" data-widget_type=\"button.default\">\n\t\t\t\t<div class=\"elementor-widget-container\">\n\t\t\t\t\t\t\t\t\t<div class=\"elementor-button-wrapper\">\n\t\t\t\t\t<a class=\"elementor-button elementor-button-link elementor-size-sm\" href=\"https:\/\/vee.energy\/wp-content\/uploads\/VEE_272-Specification-Wood-Chips-G30-50-Rev.1_PL-EN.pdf\" target=\"_blank\">\n\t\t\t\t\t\t<span class=\"elementor-button-content-wrapper\">\n\t\t\t\t\t\t<span class=\"elementor-button-icon\">\n\t\t\t\t<i aria-hidden=\"true\" class=\"far fa-file-pdf\"><\/i>\t\t\t<\/span>\n\t\t\t\t\t\t\t\t\t<span class=\"elementor-button-text\">Specyfikacja zr\u0119bk\u00f3w drzewnych G30-50<\/span>\n\t\t\t\t\t<\/span>\n\t\t\t\t\t<\/a>\n\t\t\t\t<\/div>\n\t\t\t\t\t\t\t\t<\/div>\n\t\t\t\t<\/div>\n\t\t\t\t<div class=\"elementor-element elementor-element-e6a0417 elementor-align-left elementor-widget elementor-widget-button\" data-id=\"e6a0417\" data-element_type=\"widget\" data-e-type=\"widget\" data-widget_type=\"button.default\">\n\t\t\t\t<div class=\"elementor-widget-container\">\n\t\t\t\t\t\t\t\t\t<div class=\"elementor-button-wrapper\">\n\t\t\t\t\t<a class=\"elementor-button elementor-button-link elementor-size-sm\" href=\"https:\/\/vee.energy\/wp-content\/uploads\/wp3.350_EN-Synthesis-Gas-System_Datasheet-Rev.3-1-3.pdf\" target=\"_blank\">\n\t\t\t\t\t\t<span class=\"elementor-button-content-wrapper\">\n\t\t\t\t\t\t<span class=\"elementor-button-icon\">\n\t\t\t\t<i aria-hidden=\"true\" class=\"far fa-file-pdf\"><\/i>\t\t\t<\/span>\n\t\t\t\t\t\t\t\t\t<span class=\"elementor-button-text\">Zr\u0119bki drewniane BHKW_wp3.350 Karta produktu<\/span>\n\t\t\t\t\t<\/span>\n\t\t\t\t\t<\/a>\n\t\t\t\t<\/div>\n\t\t\t\t\t\t\t\t<\/div>\n\t\t\t\t<\/div>\n\t\t\t\t<div class=\"elementor-element elementor-element-5e4db45 elementor-align-left elementor-widget elementor-widget-button\" data-id=\"5e4db45\" data-element_type=\"widget\" data-e-type=\"widget\" data-widget_type=\"button.default\">\n\t\t\t\t<div class=\"elementor-widget-container\">\n\t\t\t\t\t\t\t\t\t<div class=\"elementor-button-wrapper\">\n\t\t\t\t\t<a class=\"elementor-button elementor-button-link elementor-size-sm\" href=\"https:\/\/vee.energy\/wp-content\/uploads\/wp3.250_EN_PL-Synthesis-Gas-System_Datasheet-Rev.3.pdf\" target=\"_blank\">\n\t\t\t\t\t\t<span class=\"elementor-button-content-wrapper\">\n\t\t\t\t\t\t<span class=\"elementor-button-icon\">\n\t\t\t\t<i aria-hidden=\"true\" class=\"far fa-file-pdf\"><\/i>\t\t\t<\/span>\n\t\t\t\t\t\t\t\t\t<span class=\"elementor-button-text\">Zr\u0119bki drewniane BHKW_wp3.250 Karta produktu<\/span>\n\t\t\t\t\t<\/span>\n\t\t\t\t\t<\/a>\n\t\t\t\t<\/div>\n\t\t\t\t\t\t\t\t<\/div>\n\t\t\t\t<\/div>\n\t\t\t\t<div class=\"elementor-element elementor-element-dea7781 elementor-align-left elementor-widget elementor-widget-button\" data-id=\"dea7781\" data-element_type=\"widget\" data-e-type=\"widget\" data-widget_type=\"button.default\">\n\t\t\t\t<div class=\"elementor-widget-container\">\n\t\t\t\t\t\t\t\t\t<div class=\"elementor-button-wrapper\">\n\t\t\t\t\t<a class=\"elementor-button elementor-button-link elementor-size-sm\" href=\"https:\/\/vee.energy\/wp-content\/uploads\/wp3.160_EN_PL_Synthesis-Gas-System_Datasheet-Rev.2.pdf\" target=\"_blank\">\n\t\t\t\t\t\t<span class=\"elementor-button-content-wrapper\">\n\t\t\t\t\t\t<span class=\"elementor-button-icon\">\n\t\t\t\t<i aria-hidden=\"true\" class=\"far fa-file-pdf\"><\/i>\t\t\t<\/span>\n\t\t\t\t\t\t\t\t\t<span class=\"elementor-button-text\">Zr\u0119bki BHKW_wp3.160 Karta charakterystyki produktu<\/span>\n\t\t\t\t\t<\/span>\n\t\t\t\t\t<\/a>\n\t\t\t\t<\/div>\n\t\t\t\t\t\t\t\t<\/div>\n\t\t\t\t<\/div>\n\t\t\t\t<div class=\"elementor-element elementor-element-2c8f8f9 elementor-align-left elementor-widget elementor-widget-button\" data-id=\"2c8f8f9\" data-element_type=\"widget\" data-e-type=\"widget\" data-widget_type=\"button.default\">\n\t\t\t\t<div class=\"elementor-widget-container\">\n\t\t\t\t\t\t\t\t\t<div class=\"elementor-button-wrapper\">\n\t\t\t\t\t<a class=\"elementor-button elementor-button-link elementor-size-sm\" href=\"https:\/\/vee.energy\/wp-content\/uploads\/cd2.270_EN-Wood-Chip-Dryer-Product-Datasheet-Rev.2.pdf\" target=\"_blank\">\n\t\t\t\t\t\t<span class=\"elementor-button-content-wrapper\">\n\t\t\t\t\t\t<span class=\"elementor-button-icon\">\n\t\t\t\t<i aria-hidden=\"true\" class=\"far fa-file-pdf\"><\/i>\t\t\t<\/span>\n\t\t\t\t\t\t\t\t\t<span class=\"elementor-button-text\">Karta katalogowa cd2.270<\/span>\n\t\t\t\t\t<\/span>\n\t\t\t\t\t<\/a>\n\t\t\t\t<\/div>\n\t\t\t\t\t\t\t\t<\/div>\n\t\t\t\t<\/div>\n\t\t\t\t<div class=\"elementor-element elementor-element-cc215f8 elementor-align-left elementor-widget elementor-widget-button\" data-id=\"cc215f8\" data-element_type=\"widget\" data-e-type=\"widget\" data-widget_type=\"button.default\">\n\t\t\t\t<div class=\"elementor-widget-container\">\n\t\t\t\t\t\t\t\t\t<div class=\"elementor-button-wrapper\">\n\t\t\t\t\t<a class=\"elementor-button elementor-button-link elementor-size-sm\" href=\"https:\/\/vee.energy\/wp-content\/uploads\/VEE_258-Customer-Inquiry-Basic-Checklist-Rev.1_PL-EN.xlsx\" target=\"_blank\">\n\t\t\t\t\t\t<span class=\"elementor-button-content-wrapper\">\n\t\t\t\t\t\t<span class=\"elementor-button-icon\">\n\t\t\t\t<i aria-hidden=\"true\" class=\"far fa-file-pdf\"><\/i>\t\t\t<\/span>\n\t\t\t\t\t\t\t\t\t<span class=\"elementor-button-text\">Podstawowa lista kontrolna dla Pa\u0144stwa zapytania o projekt (niemiecki)<\/span>\n\t\t\t\t\t<\/span>\n\t\t\t\t\t<\/a>\n\t\t\t\t<\/div>\n\t\t\t\t\t\t\t\t<\/div>\n\t\t\t\t<\/div>\n\t\t\t\t<div class=\"elementor-element elementor-element-14fc989 elementor-align-left elementor-widget elementor-widget-button\" data-id=\"14fc989\" data-element_type=\"widget\" data-e-type=\"widget\" data-widget_type=\"button.default\">\n\t\t\t\t<div class=\"elementor-widget-container\">\n\t\t\t\t\t\t\t\t\t<div class=\"elementor-button-wrapper\">\n\t\t\t\t\t<a class=\"elementor-button elementor-button-link elementor-size-sm\" href=\"https:\/\/vee.energy\/wp-content\/uploads\/VEE_401-AGB-Lieferung-von-Anlagen-Anlagenkomponenten-Rev.3.pdf\" target=\"_blank\">\n\t\t\t\t\t\t<span class=\"elementor-button-content-wrapper\">\n\t\t\t\t\t\t<span class=\"elementor-button-icon\">\n\t\t\t\t<i aria-hidden=\"true\" class=\"far fa-file-pdf\"><\/i>\t\t\t<\/span>\n\t\t\t\t\t\t\t\t\t<span class=\"elementor-button-text\">Og\u00f3lne warunki dostawy system\u00f3w i komponent\u00f3w systemowych (niemiecki)<\/span>\n\t\t\t\t\t<\/span>\n\t\t\t\t\t<\/a>\n\t\t\t\t<\/div>\n\t\t\t\t\t\t\t\t<\/div>\n\t\t\t\t<\/div>\n\t\t\t\t<div class=\"elementor-element elementor-element-2bff655 elementor-align-left elementor-widget elementor-widget-button\" data-id=\"2bff655\" data-element_type=\"widget\" data-e-type=\"widget\" data-widget_type=\"button.default\">\n\t\t\t\t<div class=\"elementor-widget-container\">\n\t\t\t\t\t\t\t\t\t<div class=\"elementor-button-wrapper\">\n\t\t\t\t\t<a class=\"elementor-button elementor-button-link elementor-size-sm\" href=\"https:\/\/vee.energy\/wp-content\/uploads\/VEE_701-AGB-Kundendienstleistungen-Ersatzteillieferungen-Rev.2.pdf\" target=\"_blank\">\n\t\t\t\t\t\t<span class=\"elementor-button-content-wrapper\">\n\t\t\t\t\t\t<span class=\"elementor-button-icon\">\n\t\t\t\t<i aria-hidden=\"true\" class=\"far fa-file-pdf\"><\/i>\t\t\t<\/span>\n\t\t\t\t\t\t\t\t\t<span class=\"elementor-button-text\">Obs\u0142uga klienta GTC i dostawy cz\u0119\u015bci zamiennych (niemiecki)<\/span>\n\t\t\t\t\t<\/span>\n\t\t\t\t\t<\/a>\n\t\t\t\t<\/div>\n\t\t\t\t\t\t\t\t<\/div>\n\t\t\t\t<\/div>\n\t\t\t\t\t<\/div>\n\t\t<\/div>\n\t\t\t\t\t<\/div>\n\t\t<\/section>\n\t\t\t\t<\/div>\n\t\t","protected":false},"excerpt":{"rendered":"<p>Informacje i dokumenty Centrum pobierania Przegl\u0105d systemu Zgazowarka DC + jednostka kogeneracyjna Specyfikacja zr\u0119bk\u00f3w drzewnych G30-50 Zr\u0119bki drewniane BHKW_wp3.350 Karta produktu Zr\u0119bki drewniane BHKW_wp3.250 Karta produktu Zr\u0119bki BHKW_wp3.160 Karta charakterystyki produktu Karta katalogowa cd2.270 Podstawowa lista kontrolna dla Pa\u0144stwa zapytania o projekt (niemiecki) Og\u00f3lne warunki dostawy system\u00f3w i komponent\u00f3w systemowych (niemiecki) Obs\u0142uga klienta GTC i [&hellip;]<\/p>\n","protected":false},"author":2,"featured_media":0,"parent":0,"menu_order":0,"comment_status":"closed","ping_status":"closed","template":"","meta":{"ocean_post_layout":"","ocean_both_sidebars_style":"","ocean_both_sidebars_content_width":0,"ocean_both_sidebars_sidebars_width":0,"ocean_sidebar":"0","ocean_second_sidebar":"0","ocean_disable_margins":"enable","ocean_add_body_class":"","ocean_shortcode_before_top_bar":"","ocean_shortcode_after_top_bar":"","ocean_shortcode_before_header":"","ocean_shortcode_after_header":"","ocean_has_shortcode":"","ocean_shortcode_after_title":"","ocean_shortcode_before_footer_widgets":"","ocean_shortcode_after_footer_widgets":"","ocean_shortcode_before_footer_bottom":"","ocean_shortcode_after_footer_bottom":"","ocean_display_top_bar":"default","ocean_display_header":"default","ocean_header_style":"","ocean_center_header_left_menu":"0","ocean_custom_header_template":"0","ocean_custom_logo":0,"ocean_custom_retina_logo":0,"ocean_custom_logo_max_width":0,"ocean_custom_logo_tablet_max_width":0,"ocean_custom_logo_mobile_max_width":0,"ocean_custom_logo_max_height":0,"ocean_custom_logo_tablet_max_height":0,"ocean_custom_logo_mobile_max_height":0,"ocean_header_custom_menu":"0","ocean_menu_typo_font_family":"0","ocean_menu_typo_font_subset":"","ocean_menu_typo_font_size":0,"ocean_menu_typo_font_size_tablet":0,"ocean_menu_typo_font_size_mobile":0,"ocean_menu_typo_font_size_unit":"px","ocean_menu_typo_font_weight":"","ocean_menu_typo_font_weight_tablet":"","ocean_menu_typo_font_weight_mobile":"","ocean_menu_typo_transform":"","ocean_menu_typo_transform_tablet":"","ocean_menu_typo_transform_mobile":"","ocean_menu_typo_line_height":0,"ocean_menu_typo_line_height_tablet":0,"ocean_menu_typo_line_height_mobile":0,"ocean_menu_typo_line_height_unit":"","ocean_menu_typo_spacing":0,"ocean_menu_typo_spacing_tablet":0,"ocean_menu_typo_spacing_mobile":0,"ocean_menu_typo_spacing_unit":"","ocean_menu_link_color":"","ocean_menu_link_color_hover":"","ocean_menu_link_color_active":"","ocean_menu_link_background":"","ocean_menu_link_hover_background":"","ocean_menu_link_active_background":"","ocean_menu_social_links_bg":"","ocean_menu_social_hover_links_bg":"","ocean_menu_social_links_color":"","ocean_menu_social_hover_links_color":"","ocean_disable_title":"default","ocean_disable_heading":"default","ocean_post_title":"","ocean_post_subheading":"","ocean_post_title_style":"","ocean_post_title_background_color":"","ocean_post_title_background":0,"ocean_post_title_bg_image_position":"","ocean_post_title_bg_image_attachment":"","ocean_post_title_bg_image_repeat":"","ocean_post_title_bg_image_size":"","ocean_post_title_height":0,"ocean_post_title_bg_overlay":0.5,"ocean_post_title_bg_overlay_color":"","ocean_disable_breadcrumbs":"default","ocean_breadcrumbs_color":"","ocean_breadcrumbs_separator_color":"","ocean_breadcrumbs_links_color":"","ocean_breadcrumbs_links_hover_color":"","ocean_display_footer_widgets":"default","ocean_display_footer_bottom":"default","ocean_custom_footer_template":"0","footnotes":""},"class_list":["post-19774","page","type-page","status-publish","hentry","entry"],"yoast_head":"<!-- This site is optimized with the Yoast SEO plugin v27.2 - https:\/\/yoast.com\/product\/yoast-seo-wordpress\/ -->\n<title>Centrum pobierania - vee - valuable ecological energy<\/title>\n<meta name=\"description\" content=\"Wszystkie karty katalogowe naszych system\u00f3w znajd\u0105 Pa\u0144stwo w naszym centrum pobierania. Ponadto znajd\u0105 tam Pa\u0144stwo nasze og\u00f3lne warunki handlowe i warunki dostawy.\" \/>\n<meta name=\"robots\" content=\"index, follow, max-snippet:-1, max-image-preview:large, max-video-preview:-1\" \/>\n<link rel=\"canonical\" href=\"https:\/\/vee.energy\/pl\/centrum-pobierania\/\" \/>\n<meta property=\"og:locale\" content=\"pl_PL\" \/>\n<meta property=\"og:type\" content=\"article\" \/>\n<meta property=\"og:title\" content=\"Centrum pobierania - vee - valuable ecological energy\" \/>\n<meta property=\"og:description\" content=\"Wszystkie karty katalogowe naszych system\u00f3w znajd\u0105 Pa\u0144stwo w naszym centrum pobierania. Ponadto znajd\u0105 tam Pa\u0144stwo nasze og\u00f3lne warunki handlowe i warunki dostawy.\" \/>\n<meta property=\"og:url\" content=\"https:\/\/vee.energy\/pl\/centrum-pobierania\/\" \/>\n<meta property=\"og:site_name\" content=\"vee - valuable ecological energy\" \/>\n<meta property=\"article:modified_time\" content=\"2026-03-03T09:45:37+00:00\" \/>\n<meta name=\"twitter:card\" content=\"summary_large_image\" \/>\n<meta name=\"twitter:label1\" content=\"Szacowany czas czytania\" \/>\n\t<meta name=\"twitter:data1\" content=\"1 minuta\" \/>\n<script type=\"application\/ld+json\" class=\"yoast-schema-graph\">{\"@context\":\"https:\/\/schema.org\",\"@graph\":[{\"@type\":\"WebPage\",\"@id\":\"https:\/\/vee.energy\/pl\/centrum-pobierania\/\",\"url\":\"https:\/\/vee.energy\/pl\/centrum-pobierania\/\",\"name\":\"Centrum pobierania - vee - valuable ecological energy\",\"isPartOf\":{\"@id\":\"https:\/\/vee.energy\/pl\/#website\"},\"datePublished\":\"2022-01-18T05:43:48+00:00\",\"dateModified\":\"2026-03-03T09:45:37+00:00\",\"description\":\"Wszystkie karty katalogowe naszych system\u00f3w znajd\u0105 Pa\u0144stwo w naszym centrum pobierania. Ponadto znajd\u0105 tam Pa\u0144stwo nasze og\u00f3lne warunki handlowe i warunki dostawy.\",\"breadcrumb\":{\"@id\":\"https:\/\/vee.energy\/pl\/centrum-pobierania\/#breadcrumb\"},\"inLanguage\":\"pl-PL\",\"potentialAction\":[{\"@type\":\"ReadAction\",\"target\":[\"https:\/\/vee.energy\/pl\/centrum-pobierania\/\"]}]},{\"@type\":\"BreadcrumbList\",\"@id\":\"https:\/\/vee.energy\/pl\/centrum-pobierania\/#breadcrumb\",\"itemListElement\":[{\"@type\":\"ListItem\",\"position\":1,\"name\":\"Startseite\",\"item\":\"https:\/\/vee.energy\/pl\/strona-glowna\/\"},{\"@type\":\"ListItem\",\"position\":2,\"name\":\"Centrum pobierania\"}]},{\"@type\":\"WebSite\",\"@id\":\"https:\/\/vee.energy\/pl\/#website\",\"url\":\"https:\/\/vee.energy\/pl\/\",\"name\":\"vee - valuable ecological energy\",\"description\":\"Hackschnitzel BHKW - Holzgas KWK Anlagen\",\"publisher\":{\"@id\":\"https:\/\/vee.energy\/pl\/#organization\"},\"potentialAction\":[{\"@type\":\"SearchAction\",\"target\":{\"@type\":\"EntryPoint\",\"urlTemplate\":\"https:\/\/vee.energy\/pl\/?s={search_term_string}\"},\"query-input\":{\"@type\":\"PropertyValueSpecification\",\"valueRequired\":true,\"valueName\":\"search_term_string\"}}],\"inLanguage\":\"pl-PL\"},{\"@type\":\"Organization\",\"@id\":\"https:\/\/vee.energy\/pl\/#organization\",\"name\":\"vee - valuable ecological energy\",\"url\":\"https:\/\/vee.energy\/pl\/\",\"logo\":{\"@type\":\"ImageObject\",\"inLanguage\":\"pl-PL\",\"@id\":\"https:\/\/vee.energy\/pl\/#\/schema\/logo\/image\/\",\"url\":\"https:\/\/vee.energy\/wp-content\/uploads\/cropped-VEE_rgb_300dpi_mit-claim-1.jpg\",\"contentUrl\":\"https:\/\/vee.energy\/wp-content\/uploads\/cropped-VEE_rgb_300dpi_mit-claim-1.jpg\",\"width\":1920,\"height\":545,\"caption\":\"vee - valuable ecological energy\"},\"image\":{\"@id\":\"https:\/\/vee.energy\/pl\/#\/schema\/logo\/image\/\"}}]}<\/script>\n<!-- \/ Yoast SEO plugin. -->","yoast_head_json":{"title":"Centrum pobierania - vee - valuable ecological energy","description":"Wszystkie karty katalogowe naszych system\u00f3w znajd\u0105 Pa\u0144stwo w naszym centrum pobierania. Ponadto znajd\u0105 tam Pa\u0144stwo nasze og\u00f3lne warunki handlowe i warunki dostawy.","robots":{"index":"index","follow":"follow","max-snippet":"max-snippet:-1","max-image-preview":"max-image-preview:large","max-video-preview":"max-video-preview:-1"},"canonical":"https:\/\/vee.energy\/pl\/centrum-pobierania\/","og_locale":"pl_PL","og_type":"article","og_title":"Centrum pobierania - vee - valuable ecological energy","og_description":"Wszystkie karty katalogowe naszych system\u00f3w znajd\u0105 Pa\u0144stwo w naszym centrum pobierania. Ponadto znajd\u0105 tam Pa\u0144stwo nasze og\u00f3lne warunki handlowe i warunki dostawy.","og_url":"https:\/\/vee.energy\/pl\/centrum-pobierania\/","og_site_name":"vee - valuable ecological energy","article_modified_time":"2026-03-03T09:45:37+00:00","twitter_card":"summary_large_image","twitter_misc":{"Szacowany czas czytania":"1 minuta"},"schema":{"@context":"https:\/\/schema.org","@graph":[{"@type":"WebPage","@id":"https:\/\/vee.energy\/pl\/centrum-pobierania\/","url":"https:\/\/vee.energy\/pl\/centrum-pobierania\/","name":"Centrum pobierania - vee - valuable ecological energy","isPartOf":{"@id":"https:\/\/vee.energy\/pl\/#website"},"datePublished":"2022-01-18T05:43:48+00:00","dateModified":"2026-03-03T09:45:37+00:00","description":"Wszystkie karty katalogowe naszych system\u00f3w znajd\u0105 Pa\u0144stwo w naszym centrum pobierania. Ponadto znajd\u0105 tam Pa\u0144stwo nasze og\u00f3lne warunki handlowe i warunki dostawy.","breadcrumb":{"@id":"https:\/\/vee.energy\/pl\/centrum-pobierania\/#breadcrumb"},"inLanguage":"pl-PL","potentialAction":[{"@type":"ReadAction","target":["https:\/\/vee.energy\/pl\/centrum-pobierania\/"]}]},{"@type":"BreadcrumbList","@id":"https:\/\/vee.energy\/pl\/centrum-pobierania\/#breadcrumb","itemListElement":[{"@type":"ListItem","position":1,"name":"Startseite","item":"https:\/\/vee.energy\/pl\/strona-glowna\/"},{"@type":"ListItem","position":2,"name":"Centrum pobierania"}]},{"@type":"WebSite","@id":"https:\/\/vee.energy\/pl\/#website","url":"https:\/\/vee.energy\/pl\/","name":"vee - valuable ecological energy","description":"Hackschnitzel BHKW - Holzgas KWK Anlagen","publisher":{"@id":"https:\/\/vee.energy\/pl\/#organization"},"potentialAction":[{"@type":"SearchAction","target":{"@type":"EntryPoint","urlTemplate":"https:\/\/vee.energy\/pl\/?s={search_term_string}"},"query-input":{"@type":"PropertyValueSpecification","valueRequired":true,"valueName":"search_term_string"}}],"inLanguage":"pl-PL"},{"@type":"Organization","@id":"https:\/\/vee.energy\/pl\/#organization","name":"vee - valuable ecological energy","url":"https:\/\/vee.energy\/pl\/","logo":{"@type":"ImageObject","inLanguage":"pl-PL","@id":"https:\/\/vee.energy\/pl\/#\/schema\/logo\/image\/","url":"https:\/\/vee.energy\/wp-content\/uploads\/cropped-VEE_rgb_300dpi_mit-claim-1.jpg","contentUrl":"https:\/\/vee.energy\/wp-content\/uploads\/cropped-VEE_rgb_300dpi_mit-claim-1.jpg","width":1920,"height":545,"caption":"vee - valuable ecological energy"},"image":{"@id":"https:\/\/vee.energy\/pl\/#\/schema\/logo\/image\/"}}]}},"_links":{"self":[{"href":"https:\/\/vee.energy\/pl\/wp-json\/wp\/v2\/pages\/19774","targetHints":{"allow":["GET"]}}],"collection":[{"href":"https:\/\/vee.energy\/pl\/wp-json\/wp\/v2\/pages"}],"about":[{"href":"https:\/\/vee.energy\/pl\/wp-json\/wp\/v2\/types\/page"}],"author":[{"embeddable":true,"href":"https:\/\/vee.energy\/pl\/wp-json\/wp\/v2\/users\/2"}],"replies":[{"embeddable":true,"href":"https:\/\/vee.energy\/pl\/wp-json\/wp\/v2\/comments?post=19774"}],"version-history":[{"count":47,"href":"https:\/\/vee.energy\/pl\/wp-json\/wp\/v2\/pages\/19774\/revisions"}],"predecessor-version":[{"id":21943,"href":"https:\/\/vee.energy\/pl\/wp-json\/wp\/v2\/pages\/19774\/revisions\/21943"}],"wp:attachment":[{"href":"https:\/\/vee.energy\/pl\/wp-json\/wp\/v2\/media?parent=19774"}],"curies":[{"name":"wp","href":"https:\/\/api.w.org\/{rel}","templated":true}]}}