{"id":19719,"date":"2022-02-22T21:02:06","date_gmt":"2022-02-22T20:02:06","guid":{"rendered":"https:\/\/vee.energy\/produkty\/sterowanie-plc\/"},"modified":"2025-12-01T16:38:33","modified_gmt":"2025-12-01T15:38:33","slug":"sterowanie-plc","status":"publish","type":"page","link":"https:\/\/vee.energy\/pl\/produkty\/sterowanie-plc\/","title":{"rendered":"Sterowanie PLC"},"content":{"rendered":"\t\t<div data-elementor-type=\"wp-page\" data-elementor-id=\"19719\" class=\"elementor elementor-19719 elementor-4850\">\n\t\t\t\t\t\t<section class=\"elementor-section elementor-top-section elementor-element elementor-element-5d41bc71 elementor-section-boxed elementor-section-height-default elementor-section-height-default\" data-id=\"5d41bc71\" data-element_type=\"section\" data-e-type=\"section\" data-settings=\"{&quot;background_background&quot;:&quot;classic&quot;}\">\n\t\t\t\t\t\t<div class=\"elementor-container elementor-column-gap-default\">\n\t\t\t\t\t<div class=\"elementor-column elementor-col-50 elementor-top-column elementor-element elementor-element-3015d39\" data-id=\"3015d39\" data-element_type=\"column\" data-e-type=\"column\">\n\t\t\t<div class=\"elementor-widget-wrap elementor-element-populated\">\n\t\t\t\t\t\t<section class=\"elementor-section elementor-inner-section elementor-element elementor-element-60ed907e elementor-section-boxed elementor-section-height-default elementor-section-height-default\" data-id=\"60ed907e\" data-element_type=\"section\" data-e-type=\"section\">\n\t\t\t\t\t\t<div class=\"elementor-container elementor-column-gap-default\">\n\t\t\t\t\t<div class=\"elementor-column elementor-col-100 elementor-inner-column elementor-element elementor-element-627507c\" data-id=\"627507c\" data-element_type=\"column\" data-e-type=\"column\">\n\t\t\t<div class=\"elementor-widget-wrap elementor-element-populated\">\n\t\t\t\t\t\t<div class=\"elementor-element elementor-element-7e1726ff elementor-widget__width-initial elementor-widget-divider--view-line elementor-widget elementor-widget-divider\" data-id=\"7e1726ff\" data-element_type=\"widget\" data-e-type=\"widget\" data-widget_type=\"divider.default\">\n\t\t\t\t<div class=\"elementor-widget-container\">\n\t\t\t\t\t\t\t<div class=\"elementor-divider\">\n\t\t\t<span class=\"elementor-divider-separator\">\n\t\t\t\t\t\t<\/span>\n\t\t<\/div>\n\t\t\t\t\t\t<\/div>\n\t\t\t\t<\/div>\n\t\t\t\t<div class=\"elementor-element elementor-element-1848756b elementor-widget__width-initial elementor-widget elementor-widget-heading\" data-id=\"1848756b\" data-element_type=\"widget\" data-e-type=\"widget\" data-widget_type=\"heading.default\">\n\t\t\t\t<div class=\"elementor-widget-container\">\n\t\t\t\t\t<h2 class=\"elementor-heading-title elementor-size-default\">Produkty<\/h2>\t\t\t\t<\/div>\n\t\t\t\t<\/div>\n\t\t\t\t<div class=\"elementor-element elementor-element-3e9bce73 elementor-widget elementor-widget-heading\" data-id=\"3e9bce73\" data-element_type=\"widget\" data-e-type=\"widget\" data-widget_type=\"heading.default\">\n\t\t\t\t<div class=\"elementor-widget-container\">\n\t\t\t\t\t<h1 class=\"elementor-heading-title elementor-size-default\">Kontrola i bezpiecze\u0144stwo systemu<\/h1>\t\t\t\t<\/div>\n\t\t\t\t<\/div>\n\t\t\t\t\t<\/div>\n\t\t<\/div>\n\t\t\t\t\t<\/div>\n\t\t<\/section>\n\t\t\t\t<div class=\"elementor-element elementor-element-9019adf elementor-widget elementor-widget-spacer\" data-id=\"9019adf\" data-element_type=\"widget\" data-e-type=\"widget\" data-widget_type=\"spacer.default\">\n\t\t\t\t<div class=\"elementor-widget-container\">\n\t\t\t\t\t\t\t<div class=\"elementor-spacer\">\n\t\t\t<div class=\"elementor-spacer-inner\"><\/div>\n\t\t<\/div>\n\t\t\t\t\t\t<\/div>\n\t\t\t\t<\/div>\n\t\t\t\t<div class=\"elementor-element elementor-element-8d36dbf elementor-widget elementor-widget-spacer\" data-id=\"8d36dbf\" data-element_type=\"widget\" data-e-type=\"widget\" data-widget_type=\"spacer.default\">\n\t\t\t\t<div class=\"elementor-widget-container\">\n\t\t\t\t\t\t\t<div class=\"elementor-spacer\">\n\t\t\t<div class=\"elementor-spacer-inner\"><\/div>\n\t\t<\/div>\n\t\t\t\t\t\t<\/div>\n\t\t\t\t<\/div>\n\t\t\t\t<div class=\"elementor-element elementor-element-46cfa06f elementor-widget elementor-widget-text-editor\" data-id=\"46cfa06f\" data-element_type=\"widget\" data-e-type=\"widget\" data-widget_type=\"text-editor.default\">\n\t\t\t\t<div class=\"elementor-widget-container\">\n\t\t\t\t\t\t\t\t\t<p><strong>Zdalna konserwacja i dostosowywanie oprogramowania s\u0105 mo\u017cliwe online.<\/strong><\/p><p>Pe\u0142ne sterowanie instalacj\u0105, od bunkra paliwa po pob\u00f3r ciep\u0142a i zasilanie energi\u0105 elektryczn\u0105, odbywa si\u0119 za po\u015brednictwem nowoczesnego sterownika PLC (Beckhoff Ethercat) ze zintegrowanym serwerem internetowym. Sterowanie silnikiem i generatorem synchronicznym jest zintegrowane z centralnym systemem sterowania. System mo\u017ce by\u0107 obs\u0142ugiwany i monitorowany na miejscu lub za po\u015brednictwem smartfona \/ komputera PC przez Internet z dowolnego miejsca na \u015bwiecie. Dzienniki zdarze\u0144, wykresy, ostrze\u017cenia i komunikaty o usterkach s\u0105 przesy\u0142ane poczt\u0105 elektroniczn\u0105 lub SMS-em. Mo\u017cliwa jest integracja i komunikacja z innymi systemami.    <\/p><p>Monitorowanie bezpiecze\u0144stwa obejmuje monitorowanie CO w powietrzu w pomieszczeniu i zintegrowane zabezpieczenie przed cofni\u0119ciem si\u0119 p\u0142omienia. Nawet je\u015bli system dzia\u0142a bezawaryjnie przez wiele tygodni, codzienna kr\u00f3tka kontrola wzrokowa jest cz\u0119\u015bci\u0105 codziennej pracy. <\/p>\t\t\t\t\t\t\t\t<\/div>\n\t\t\t\t<\/div>\n\t\t\t\t\t<\/div>\n\t\t<\/div>\n\t\t\t\t<section class=\"elementor-column elementor-col-50 elementor-top-column elementor-element elementor-element-1be380c\" data-id=\"1be380c\" data-element_type=\"column\" data-e-type=\"column\" data-settings=\"{&quot;background_background&quot;:&quot;classic&quot;}\">\n\t\t\t<div class=\"elementor-widget-wrap elementor-element-populated\">\n\t\t\t\t\t<div class=\"elementor-background-overlay\"><\/div>\n\t\t\t\t\t\t<div class=\"elementor-element elementor-element-b2f5483 elementor-widget elementor-widget-image\" data-id=\"b2f5483\" data-element_type=\"widget\" data-e-type=\"widget\" data-widget_type=\"image.default\">\n\t\t\t\t<div class=\"elementor-widget-container\">\n\t\t\t\t\t\t\t\t\t\t\t\t\t\t\t<img decoding=\"async\" src=\"https:\/\/vee.energy\/wp-content\/uploads\/elementor\/thumbs\/Hackschnitzel-BHWK-Steuerung_1-1165x700-1-qwfgsygqszkedyfd4lngti7t0ijzpqbrauai6etbuo.jpg\" title=\"Hackschnitzel-BHWK-Steuerung_1-1165&#215;700\" alt=\"Hackschnitzel-BHWK-Steuerung_1-1165x700\" loading=\"lazy\" \/>\t\t\t\t\t\t\t\t\t\t\t\t\t\t\t<\/div>\n\t\t\t\t<\/div>\n\t\t\t\t<div class=\"elementor-element elementor-element-415b048 elementor-mobile-align-justify elementor-widget-mobile__width-inherit elementor-align-justify elementor-widget__width-inherit elementor-widget elementor-widget-button\" data-id=\"415b048\" data-element_type=\"widget\" data-e-type=\"widget\" data-widget_type=\"button.default\">\n\t\t\t\t<div class=\"elementor-widget-container\">\n\t\t\t\t\t\t\t\t\t<div class=\"elementor-button-wrapper\">\n\t\t\t\t\t<a class=\"elementor-button elementor-button-link elementor-size-sm\" href=\"https:\/\/vee.energy\/pl\/serwis\/\" target=\"_blank\">\n\t\t\t\t\t\t<span class=\"elementor-button-content-wrapper\">\n\t\t\t\t\t\t<span class=\"elementor-button-icon\">\n\t\t\t\t<i aria-hidden=\"true\" class=\"fas fa-arrow-circle-right\"><\/i>\t\t\t<\/span>\n\t\t\t\t\t\t\t\t\t<span class=\"elementor-button-text\">Obs\u0142uga system\u00f3w<\/span>\n\t\t\t\t\t<\/span>\n\t\t\t\t\t<\/a>\n\t\t\t\t<\/div>\n\t\t\t\t\t\t\t\t<\/div>\n\t\t\t\t<\/div>\n\t\t\t\t\t<\/div>\n\t\t<\/section>\n\t\t\t\t\t<\/div>\n\t\t<\/section>\n\t\t\t\t<\/div>\n\t\t","protected":false},"excerpt":{"rendered":"<p>Produkty Kontrola i bezpiecze\u0144stwo systemu Zdalna konserwacja i dostosowywanie oprogramowania s\u0105 mo\u017cliwe online. Pe\u0142ne sterowanie instalacj\u0105, od bunkra paliwa po pob\u00f3r ciep\u0142a i zasilanie energi\u0105 elektryczn\u0105, odbywa si\u0119 za po\u015brednictwem nowoczesnego sterownika PLC (Beckhoff Ethercat) ze zintegrowanym serwerem internetowym. Sterowanie silnikiem i generatorem synchronicznym jest zintegrowane z centralnym systemem sterowania. System mo\u017ce by\u0107 obs\u0142ugiwany i [&hellip;]<\/p>\n","protected":false},"author":2,"featured_media":0,"parent":19648,"menu_order":0,"comment_status":"closed","ping_status":"closed","template":"","meta":{"ocean_post_layout":"","ocean_both_sidebars_style":"","ocean_both_sidebars_content_width":0,"ocean_both_sidebars_sidebars_width":0,"ocean_sidebar":"0","ocean_second_sidebar":"0","ocean_disable_margins":"enable","ocean_add_body_class":"","ocean_shortcode_before_top_bar":"","ocean_shortcode_after_top_bar":"","ocean_shortcode_before_header":"","ocean_shortcode_after_header":"","ocean_has_shortcode":"","ocean_shortcode_after_title":"","ocean_shortcode_before_footer_widgets":"","ocean_shortcode_after_footer_widgets":"","ocean_shortcode_before_footer_bottom":"","ocean_shortcode_after_footer_bottom":"","ocean_display_top_bar":"default","ocean_display_header":"default","ocean_header_style":"","ocean_center_header_left_menu":"0","ocean_custom_header_template":"0","ocean_custom_logo":0,"ocean_custom_retina_logo":0,"ocean_custom_logo_max_width":0,"ocean_custom_logo_tablet_max_width":0,"ocean_custom_logo_mobile_max_width":0,"ocean_custom_logo_max_height":0,"ocean_custom_logo_tablet_max_height":0,"ocean_custom_logo_mobile_max_height":0,"ocean_header_custom_menu":"0","ocean_menu_typo_font_family":"0","ocean_menu_typo_font_subset":"","ocean_menu_typo_font_size":0,"ocean_menu_typo_font_size_tablet":0,"ocean_menu_typo_font_size_mobile":0,"ocean_menu_typo_font_size_unit":"px","ocean_menu_typo_font_weight":"","ocean_menu_typo_font_weight_tablet":"","ocean_menu_typo_font_weight_mobile":"","ocean_menu_typo_transform":"","ocean_menu_typo_transform_tablet":"","ocean_menu_typo_transform_mobile":"","ocean_menu_typo_line_height":0,"ocean_menu_typo_line_height_tablet":0,"ocean_menu_typo_line_height_mobile":0,"ocean_menu_typo_line_height_unit":"","ocean_menu_typo_spacing":0,"ocean_menu_typo_spacing_tablet":0,"ocean_menu_typo_spacing_mobile":0,"ocean_menu_typo_spacing_unit":"","ocean_menu_link_color":"","ocean_menu_link_color_hover":"","ocean_menu_link_color_active":"","ocean_menu_link_background":"","ocean_menu_link_hover_background":"","ocean_menu_link_active_background":"","ocean_menu_social_links_bg":"","ocean_menu_social_hover_links_bg":"","ocean_menu_social_links_color":"","ocean_menu_social_hover_links_color":"","ocean_disable_title":"default","ocean_disable_heading":"default","ocean_post_title":"","ocean_post_subheading":"","ocean_post_title_style":"","ocean_post_title_background_color":"","ocean_post_title_background":0,"ocean_post_title_bg_image_position":"","ocean_post_title_bg_image_attachment":"","ocean_post_title_bg_image_repeat":"","ocean_post_title_bg_image_size":"","ocean_post_title_height":0,"ocean_post_title_bg_overlay":0.5,"ocean_post_title_bg_overlay_color":"","ocean_disable_breadcrumbs":"default","ocean_breadcrumbs_color":"","ocean_breadcrumbs_separator_color":"","ocean_breadcrumbs_links_color":"","ocean_breadcrumbs_links_hover_color":"","ocean_display_footer_widgets":"default","ocean_display_footer_bottom":"default","ocean_custom_footer_template":"0","footnotes":""},"class_list":["post-19719","page","type-page","status-publish","hentry","entry"],"yoast_head":"<!-- This site is optimized with the Yoast SEO plugin v27.3 - https:\/\/yoast.com\/product\/yoast-seo-wordpress\/ -->\n<title>Sterowanie PLC - vee - valuable ecological energy<\/title>\n<meta name=\"description\" content=\"Nowoczesny sterownik PLC kontroluje ca\u0142y system, od bunkra paliwowego po pob\u00f3r ciep\u0142a i zasilanie energi\u0105 elektryczn\u0105.\" \/>\n<meta name=\"robots\" content=\"index, follow, max-snippet:-1, max-image-preview:large, max-video-preview:-1\" \/>\n<link rel=\"canonical\" href=\"https:\/\/vee.energy\/pl\/produkty\/sterowanie-plc\/\" \/>\n<meta property=\"og:locale\" content=\"pl_PL\" \/>\n<meta property=\"og:type\" content=\"article\" \/>\n<meta property=\"og:title\" content=\"Sterowanie PLC - vee - valuable ecological energy\" \/>\n<meta property=\"og:description\" content=\"Nowoczesny sterownik PLC kontroluje ca\u0142y system, od bunkra paliwowego po pob\u00f3r ciep\u0142a i zasilanie energi\u0105 elektryczn\u0105.\" \/>\n<meta property=\"og:url\" content=\"https:\/\/vee.energy\/pl\/produkty\/sterowanie-plc\/\" \/>\n<meta property=\"og:site_name\" content=\"vee - valuable ecological energy\" \/>\n<meta property=\"article:modified_time\" content=\"2025-12-01T15:38:33+00:00\" \/>\n<meta property=\"og:image\" content=\"https:\/\/vee.energy\/wp-content\/uploads\/elementor\/thumbs\/Hackschnitzel-BHWK-Steuerung_1-1165x700-1-qwfgsygqszkedyfd4lngti7t0ijzpqbrauai6etb2w.jpg\" \/>\n<meta name=\"twitter:card\" content=\"summary_large_image\" \/>\n<meta name=\"twitter:label1\" content=\"Szacowany czas czytania\" \/>\n\t<meta name=\"twitter:data1\" content=\"1 minuta\" \/>\n<script type=\"application\/ld+json\" class=\"yoast-schema-graph\">{\"@context\":\"https:\\\/\\\/schema.org\",\"@graph\":[{\"@type\":\"WebPage\",\"@id\":\"https:\\\/\\\/vee.energy\\\/pl\\\/produkty\\\/sterowanie-plc\\\/\",\"url\":\"https:\\\/\\\/vee.energy\\\/pl\\\/produkty\\\/sterowanie-plc\\\/\",\"name\":\"Sterowanie PLC - vee - valuable ecological energy\",\"isPartOf\":{\"@id\":\"https:\\\/\\\/vee.energy\\\/pl\\\/#website\"},\"primaryImageOfPage\":{\"@id\":\"https:\\\/\\\/vee.energy\\\/pl\\\/produkty\\\/sterowanie-plc\\\/#primaryimage\"},\"image\":{\"@id\":\"https:\\\/\\\/vee.energy\\\/pl\\\/produkty\\\/sterowanie-plc\\\/#primaryimage\"},\"thumbnailUrl\":\"https:\\\/\\\/vee.energy\\\/wp-content\\\/uploads\\\/elementor\\\/thumbs\\\/Hackschnitzel-BHWK-Steuerung_1-1165x700-1-qwfgsygqszkedyfd4lngti7t0ijzpqbrauai6etb2w.jpg\",\"datePublished\":\"2022-02-22T20:02:06+00:00\",\"dateModified\":\"2025-12-01T15:38:33+00:00\",\"description\":\"Nowoczesny sterownik PLC kontroluje ca\u0142y system, od bunkra paliwowego po pob\u00f3r ciep\u0142a i zasilanie energi\u0105 elektryczn\u0105.\",\"breadcrumb\":{\"@id\":\"https:\\\/\\\/vee.energy\\\/pl\\\/produkty\\\/sterowanie-plc\\\/#breadcrumb\"},\"inLanguage\":\"pl-PL\",\"potentialAction\":[{\"@type\":\"ReadAction\",\"target\":[\"https:\\\/\\\/vee.energy\\\/pl\\\/produkty\\\/sterowanie-plc\\\/\"]}]},{\"@type\":\"ImageObject\",\"inLanguage\":\"pl-PL\",\"@id\":\"https:\\\/\\\/vee.energy\\\/pl\\\/produkty\\\/sterowanie-plc\\\/#primaryimage\",\"url\":\"https:\\\/\\\/vee.energy\\\/wp-content\\\/uploads\\\/elementor\\\/thumbs\\\/Hackschnitzel-BHWK-Steuerung_1-1165x700-1-qwfgsygqszkedyfd4lngti7t0ijzpqbrauai6etb2w.jpg\",\"contentUrl\":\"https:\\\/\\\/vee.energy\\\/wp-content\\\/uploads\\\/elementor\\\/thumbs\\\/Hackschnitzel-BHWK-Steuerung_1-1165x700-1-qwfgsygqszkedyfd4lngti7t0ijzpqbrauai6etb2w.jpg\"},{\"@type\":\"BreadcrumbList\",\"@id\":\"https:\\\/\\\/vee.energy\\\/pl\\\/produkty\\\/sterowanie-plc\\\/#breadcrumb\",\"itemListElement\":[{\"@type\":\"ListItem\",\"position\":1,\"name\":\"Startseite\",\"item\":\"https:\\\/\\\/vee.energy\\\/pl\\\/strona-glowna\\\/\"},{\"@type\":\"ListItem\",\"position\":2,\"name\":\"Produkty\",\"item\":\"https:\\\/\\\/vee.energy\\\/pl\\\/produkty\\\/\"},{\"@type\":\"ListItem\",\"position\":3,\"name\":\"Sterowanie PLC\"}]},{\"@type\":\"WebSite\",\"@id\":\"https:\\\/\\\/vee.energy\\\/pl\\\/#website\",\"url\":\"https:\\\/\\\/vee.energy\\\/pl\\\/\",\"name\":\"vee - valuable ecological energy\",\"description\":\"Hackschnitzel BHKW - Holzgas KWK Anlagen\",\"publisher\":{\"@id\":\"https:\\\/\\\/vee.energy\\\/pl\\\/#organization\"},\"potentialAction\":[{\"@type\":\"SearchAction\",\"target\":{\"@type\":\"EntryPoint\",\"urlTemplate\":\"https:\\\/\\\/vee.energy\\\/pl\\\/?s={search_term_string}\"},\"query-input\":{\"@type\":\"PropertyValueSpecification\",\"valueRequired\":true,\"valueName\":\"search_term_string\"}}],\"inLanguage\":\"pl-PL\"},{\"@type\":\"Organization\",\"@id\":\"https:\\\/\\\/vee.energy\\\/pl\\\/#organization\",\"name\":\"vee - valuable ecological energy\",\"url\":\"https:\\\/\\\/vee.energy\\\/pl\\\/\",\"logo\":{\"@type\":\"ImageObject\",\"inLanguage\":\"pl-PL\",\"@id\":\"https:\\\/\\\/vee.energy\\\/pl\\\/#\\\/schema\\\/logo\\\/image\\\/\",\"url\":\"https:\\\/\\\/vee.energy\\\/wp-content\\\/uploads\\\/cropped-VEE_rgb_300dpi_mit-claim-1.jpg\",\"contentUrl\":\"https:\\\/\\\/vee.energy\\\/wp-content\\\/uploads\\\/cropped-VEE_rgb_300dpi_mit-claim-1.jpg\",\"width\":1920,\"height\":545,\"caption\":\"vee - valuable ecological energy\"},\"image\":{\"@id\":\"https:\\\/\\\/vee.energy\\\/pl\\\/#\\\/schema\\\/logo\\\/image\\\/\"}}]}<\/script>\n<!-- \/ Yoast SEO plugin. -->","yoast_head_json":{"title":"Sterowanie PLC - vee - valuable ecological energy","description":"Nowoczesny sterownik PLC kontroluje ca\u0142y system, od bunkra paliwowego po pob\u00f3r ciep\u0142a i zasilanie energi\u0105 elektryczn\u0105.","robots":{"index":"index","follow":"follow","max-snippet":"max-snippet:-1","max-image-preview":"max-image-preview:large","max-video-preview":"max-video-preview:-1"},"canonical":"https:\/\/vee.energy\/pl\/produkty\/sterowanie-plc\/","og_locale":"pl_PL","og_type":"article","og_title":"Sterowanie PLC - vee - valuable ecological energy","og_description":"Nowoczesny sterownik PLC kontroluje ca\u0142y system, od bunkra paliwowego po pob\u00f3r ciep\u0142a i zasilanie energi\u0105 elektryczn\u0105.","og_url":"https:\/\/vee.energy\/pl\/produkty\/sterowanie-plc\/","og_site_name":"vee - valuable ecological energy","article_modified_time":"2025-12-01T15:38:33+00:00","og_image":[{"url":"https:\/\/vee.energy\/wp-content\/uploads\/elementor\/thumbs\/Hackschnitzel-BHWK-Steuerung_1-1165x700-1-qwfgsygqszkedyfd4lngti7t0ijzpqbrauai6etb2w.jpg","type":"","width":"","height":""}],"twitter_card":"summary_large_image","twitter_misc":{"Szacowany czas czytania":"1 minuta"},"schema":{"@context":"https:\/\/schema.org","@graph":[{"@type":"WebPage","@id":"https:\/\/vee.energy\/pl\/produkty\/sterowanie-plc\/","url":"https:\/\/vee.energy\/pl\/produkty\/sterowanie-plc\/","name":"Sterowanie PLC - vee - valuable ecological energy","isPartOf":{"@id":"https:\/\/vee.energy\/pl\/#website"},"primaryImageOfPage":{"@id":"https:\/\/vee.energy\/pl\/produkty\/sterowanie-plc\/#primaryimage"},"image":{"@id":"https:\/\/vee.energy\/pl\/produkty\/sterowanie-plc\/#primaryimage"},"thumbnailUrl":"https:\/\/vee.energy\/wp-content\/uploads\/elementor\/thumbs\/Hackschnitzel-BHWK-Steuerung_1-1165x700-1-qwfgsygqszkedyfd4lngti7t0ijzpqbrauai6etb2w.jpg","datePublished":"2022-02-22T20:02:06+00:00","dateModified":"2025-12-01T15:38:33+00:00","description":"Nowoczesny sterownik PLC kontroluje ca\u0142y system, od bunkra paliwowego po pob\u00f3r ciep\u0142a i zasilanie energi\u0105 elektryczn\u0105.","breadcrumb":{"@id":"https:\/\/vee.energy\/pl\/produkty\/sterowanie-plc\/#breadcrumb"},"inLanguage":"pl-PL","potentialAction":[{"@type":"ReadAction","target":["https:\/\/vee.energy\/pl\/produkty\/sterowanie-plc\/"]}]},{"@type":"ImageObject","inLanguage":"pl-PL","@id":"https:\/\/vee.energy\/pl\/produkty\/sterowanie-plc\/#primaryimage","url":"https:\/\/vee.energy\/wp-content\/uploads\/elementor\/thumbs\/Hackschnitzel-BHWK-Steuerung_1-1165x700-1-qwfgsygqszkedyfd4lngti7t0ijzpqbrauai6etb2w.jpg","contentUrl":"https:\/\/vee.energy\/wp-content\/uploads\/elementor\/thumbs\/Hackschnitzel-BHWK-Steuerung_1-1165x700-1-qwfgsygqszkedyfd4lngti7t0ijzpqbrauai6etb2w.jpg"},{"@type":"BreadcrumbList","@id":"https:\/\/vee.energy\/pl\/produkty\/sterowanie-plc\/#breadcrumb","itemListElement":[{"@type":"ListItem","position":1,"name":"Startseite","item":"https:\/\/vee.energy\/pl\/strona-glowna\/"},{"@type":"ListItem","position":2,"name":"Produkty","item":"https:\/\/vee.energy\/pl\/produkty\/"},{"@type":"ListItem","position":3,"name":"Sterowanie PLC"}]},{"@type":"WebSite","@id":"https:\/\/vee.energy\/pl\/#website","url":"https:\/\/vee.energy\/pl\/","name":"vee - valuable ecological energy","description":"Hackschnitzel BHKW - Holzgas KWK Anlagen","publisher":{"@id":"https:\/\/vee.energy\/pl\/#organization"},"potentialAction":[{"@type":"SearchAction","target":{"@type":"EntryPoint","urlTemplate":"https:\/\/vee.energy\/pl\/?s={search_term_string}"},"query-input":{"@type":"PropertyValueSpecification","valueRequired":true,"valueName":"search_term_string"}}],"inLanguage":"pl-PL"},{"@type":"Organization","@id":"https:\/\/vee.energy\/pl\/#organization","name":"vee - valuable ecological energy","url":"https:\/\/vee.energy\/pl\/","logo":{"@type":"ImageObject","inLanguage":"pl-PL","@id":"https:\/\/vee.energy\/pl\/#\/schema\/logo\/image\/","url":"https:\/\/vee.energy\/wp-content\/uploads\/cropped-VEE_rgb_300dpi_mit-claim-1.jpg","contentUrl":"https:\/\/vee.energy\/wp-content\/uploads\/cropped-VEE_rgb_300dpi_mit-claim-1.jpg","width":1920,"height":545,"caption":"vee - valuable ecological energy"},"image":{"@id":"https:\/\/vee.energy\/pl\/#\/schema\/logo\/image\/"}}]}},"_links":{"self":[{"href":"https:\/\/vee.energy\/pl\/wp-json\/wp\/v2\/pages\/19719","targetHints":{"allow":["GET"]}}],"collection":[{"href":"https:\/\/vee.energy\/pl\/wp-json\/wp\/v2\/pages"}],"about":[{"href":"https:\/\/vee.energy\/pl\/wp-json\/wp\/v2\/types\/page"}],"author":[{"embeddable":true,"href":"https:\/\/vee.energy\/pl\/wp-json\/wp\/v2\/users\/2"}],"replies":[{"embeddable":true,"href":"https:\/\/vee.energy\/pl\/wp-json\/wp\/v2\/comments?post=19719"}],"version-history":[{"count":3,"href":"https:\/\/vee.energy\/pl\/wp-json\/wp\/v2\/pages\/19719\/revisions"}],"predecessor-version":[{"id":19941,"href":"https:\/\/vee.energy\/pl\/wp-json\/wp\/v2\/pages\/19719\/revisions\/19941"}],"up":[{"embeddable":true,"href":"https:\/\/vee.energy\/pl\/wp-json\/wp\/v2\/pages\/19648"}],"wp:attachment":[{"href":"https:\/\/vee.energy\/pl\/wp-json\/wp\/v2\/media?parent=19719"}],"curies":[{"name":"wp","href":"https:\/\/api.w.org\/{rel}","templated":true}]}}