{"id":19674,"date":"2022-01-16T15:43:47","date_gmt":"2022-01-16T14:43:47","guid":{"rendered":"https:\/\/vee.energy\/ochrona-danych\/"},"modified":"2025-12-01T16:34:26","modified_gmt":"2025-12-01T15:34:26","slug":"ochrona-danych","status":"publish","type":"page","link":"https:\/\/vee.energy\/pl\/ochrona-danych\/","title":{"rendered":"Ochrona danych"},"content":{"rendered":"\t\t<div data-elementor-type=\"wp-page\" data-elementor-id=\"19674\" class=\"elementor elementor-19674 elementor-838\">\n\t\t\t\t\t\t<section class=\"elementor-section elementor-top-section elementor-element elementor-element-68306573 elementor-section-boxed elementor-section-height-default elementor-section-height-default\" data-id=\"68306573\" data-element_type=\"section\" data-e-type=\"section\" data-settings=\"{&quot;background_background&quot;:&quot;classic&quot;}\">\n\t\t\t\t\t\t<div class=\"elementor-container elementor-column-gap-default\">\n\t\t\t\t\t<div class=\"elementor-column elementor-col-100 elementor-top-column elementor-element elementor-element-5301475\" data-id=\"5301475\" data-element_type=\"column\" data-e-type=\"column\">\n\t\t\t<div class=\"elementor-widget-wrap elementor-element-populated\">\n\t\t\t\t\t\t<section class=\"elementor-section elementor-inner-section elementor-element elementor-element-756ec78e elementor-section-boxed elementor-section-height-default elementor-section-height-default\" data-id=\"756ec78e\" data-element_type=\"section\" data-e-type=\"section\">\n\t\t\t\t\t\t<div class=\"elementor-container elementor-column-gap-default\">\n\t\t\t\t\t<div class=\"elementor-column elementor-col-100 elementor-inner-column elementor-element elementor-element-485becce\" data-id=\"485becce\" data-element_type=\"column\" data-e-type=\"column\">\n\t\t\t<div class=\"elementor-widget-wrap elementor-element-populated\">\n\t\t\t\t\t\t<div class=\"elementor-element elementor-element-6f124f9a elementor-widget__width-initial elementor-widget-divider--view-line elementor-widget elementor-widget-divider\" data-id=\"6f124f9a\" data-element_type=\"widget\" data-e-type=\"widget\" data-widget_type=\"divider.default\">\n\t\t\t\t<div class=\"elementor-widget-container\">\n\t\t\t\t\t\t\t<div class=\"elementor-divider\">\n\t\t\t<span class=\"elementor-divider-separator\">\n\t\t\t\t\t\t<\/span>\n\t\t<\/div>\n\t\t\t\t\t\t<\/div>\n\t\t\t\t<\/div>\n\t\t\t\t<div class=\"elementor-element elementor-element-196fe2e3 elementor-widget elementor-widget-heading\" data-id=\"196fe2e3\" data-element_type=\"widget\" data-e-type=\"widget\" data-widget_type=\"heading.default\">\n\t\t\t\t<div class=\"elementor-widget-container\">\n\t\t\t\t\t<h1 class=\"elementor-heading-title elementor-size-default\">Wy\u0142\u0105czenie odpowiedzialno\u015bci \/ Ochrona danych<\/h1>\t\t\t\t<\/div>\n\t\t\t\t<\/div>\n\t\t\t\t\t<\/div>\n\t\t<\/div>\n\t\t\t\t\t<\/div>\n\t\t<\/section>\n\t\t\t\t<div class=\"elementor-element elementor-element-2f60cdb5 elementor-widget elementor-widget-text-editor\" data-id=\"2f60cdb5\" data-element_type=\"widget\" data-e-type=\"widget\" data-widget_type=\"text-editor.default\">\n\t\t\t\t<div class=\"elementor-widget-container\">\n\t\t\t\t\t\t\t\t\t<p>Projekt, struktura, tre\u015b\u0107, obrazy i tekst tej strony internetowej s\u0105 chronione prawem autorskim i nie mog\u0105 by\u0107 wykorzystywane bez uprzedniej wyra\u017anej pisemnej zgody vee GmbH.<\/p>\n<p>Informacje zamieszczone na niniejszej stronie internetowej maj\u0105 charakter og\u00f3lny i s\u0142u\u017c\u0105 wy\u0142\u0105cznie prezentacji naszych produkt\u00f3w i us\u0142ug. Nie ponosimy odpowiedzialno\u015bci za decyzje podj\u0119te przez u\u017cytkownika na podstawie lub z wykorzystaniem tych informacji. Pragniemy podkre\u015bli\u0107, \u017ce informacje te nie stanowi\u0105 indywidualnych informacji ani zalece\u0144 prawnych, technicznych, biznesowych lub innych specjalistycznych informacji, ani nie zast\u0119puj\u0105 indywidualnych porad ekspert\u00f3w uwzgl\u0119dniaj\u0105cych konkretne okoliczno\u015bci danego przypadku.  <\/p>\n<p>Informacje zawarte na niniejszej stronie internetowej s\u0105 na bie\u017c\u0105co sprawdzane i w razie potrzeby uzupe\u0142niane, niemniej jednak mog\u0105 one utraci\u0107 swoj\u0105 aktualno\u015b\u0107, kompletno\u015b\u0107 lub dok\u0142adno\u015b\u0107. W zakresie dozwolonym przez obowi\u0105zuj\u0105ce prawo, vee GmbH nie ponosi odpowiedzialno\u015bci i nie udziela gwarancji za aktualno\u015b\u0107, dok\u0142adno\u015b\u0107 i kompletno\u015b\u0107 tre\u015bci i informacji zawartych na tej stronie internetowej, w szczeg\u00f3lno\u015bci tych dotycz\u0105cych Google Analytics. U\u017cytkownik ponosi wy\u0142\u0105czne ryzyko zwi\u0105zane z jej u\u017cytkowaniem. Je\u015bli strona internetowa oferuje mo\u017cliwo\u015b\u0107 wprowadzenia danych osobowych lub firmowych (adresy e-mail, nazwiska, adresy), ujawnienie tych danych przez u\u017cytkownika jest wyra\u017anie dobrowolne.   <\/p>\n<p>Niniejsza witryna zawiera \u0142\u0105cza do witryn internetowych os\u00f3b trzecich. Nie mamy kontroli nad tymi stronami internetowymi i ich zawarto\u015bci\u0105. vee GmbH nie ponosi odpowiedzialno\u015bci ani nie udziela gwarancji za tre\u015b\u0107 stron zewn\u0119trznych, do kt\u00f3rych prowadz\u0105 \u0142\u0105cza.  <\/p>\n<p>vee GmbH dok\u0142ada wszelkich stara\u0144, aby jej strony internetowe by\u0142y wolne od wirus\u00f3w, ale nie jest mo\u017cliwe zagwarantowanie braku wirus\u00f3w. Z tego powodu zalecamy, aby przed pobraniem dokument\u00f3w i danych u\u017cytkownik zapewni\u0142 odpowiedni\u0105 ochron\u0119 przed wirusami (np. za pomoc\u0105 skanera antywirusowego). <\/p>\n<p>Niniejsza strona internetowa korzysta z Google Analytics, us\u0142ugi analizy ogl\u0105dalno\u015bci stron internetowych udost\u0119pnianej przez Google Inc (Google). Google Analytics wykorzystuje pliki cookie, kt\u00f3re s\u0105 plikami tekstowymi umieszczanymi na Pa\u0144stwa komputerze w celu umo\u017cliwienia witrynie przeanalizowania sposobu, w jaki u\u017cytkownicy z niej korzystaj\u0105. Informacje generowane przez pliki cookie na temat korzystania przez Pa\u0144stwa ze strony internetowej (w tym Pa\u0144stwa adres IP) b\u0119d\u0105 przekazywane i przechowywane przez Google na serwerach w Stanach Zjednoczonych. Google b\u0119dzie korzysta\u0107 z tych informacji w celu analizy korzystania z witryny przez u\u017cytkownika, tworzenia raport\u00f3w dotycz\u0105cych ruchu na stronach dla operator\u00f3w witryn oraz \u015bwiadczenia innych us\u0142ug zwi\u0105zanych z ruchem na witrynach internetowych i korzystaniem z Internetu. Google mo\u017ce r\u00f3wnie\u017c przekazywa\u0107 te informacje osobom trzecim, je\u015bli jest to wymagane przez prawo lub je\u015bli osoby trzecie przetwarzaj\u0105 te informacje w imieniu Google. Google w \u017cadnym wypadku nie b\u0119dzie \u0142\u0105czy\u0107 Pa\u0144stwa adresu IP z innymi danymi przechowywanymi przez Google Inc. U\u017cytkownik mo\u017ce odm\u00f3wi\u0107 korzystania z plik\u00f3w cookie, wybieraj\u0105c odpowiednie ustawienia w przegl\u0105darce, jednak nale\u017cy pami\u0119ta\u0107, \u017ce je\u015bli to zrobisz, mo\u017cesz nie by\u0107 w stanie korzysta\u0107 z pe\u0142nej funkcjonalno\u015bci tej witryny. Korzystaj\u0105c z tej strony internetowej, wyra\u017caj\u0105 Pa\u0144stwo zgod\u0119 na przetwarzanie Pa\u0144stwa danych przez Google w spos\u00f3b i w celach okre\u015blonych powy\u017cej.         <\/p>\n<p>U\u017cywamy narz\u0119dzia zgody &#8222;Real Cookie Banner&#8221; do zarz\u0105dzania plikami cookie i podobnymi technologiami (piksele \u015bledz\u0105ce, sygna\u0142y nawigacyjne itp.) oraz powi\u0105zanymi zgodami. Szczeg\u00f3\u0142owe informacje na temat dzia\u0142ania &#8222;Real Cookie Banner&#8221; mo\u017cna znale\u017a\u0107 na stronie https:\/\/devowl.io\/de\/rcb\/datenverarbeitung\/. <br><span style=\"font-size: 12.6px;\">Podstaw\u0105 prawn\u0105 przetwarzania danych osobowych w tym kontek\u015bcie jest art. 6 ust. 1 lit. c RODO i art. 6 ust. 1 lit. f RODO. Naszym uzasadnionym interesem jest zarz\u0105dzanie plikami cookie i podobnymi wykorzystywanymi technologiami oraz powi\u0105zanymi zgodami.     <br><\/span><span style=\"font-size: 12.6px;\">Podanie przez Pa\u0144stwa danych osobowych nie jest wymagane umownie ani konieczne do zawarcia umowy. Nie s\u0105 Pa\u0144stwo zobowi\u0105zani do podania danych osobowych. Je\u015bli nie podadz\u0105 Pa\u0144stwo danych osobowych, nie b\u0119dziemy mogli zarz\u0105dza\u0107 Pa\u0144stwa zgodami.  <\/span><\/p>\n<p>Niekt\u00f3re us\u0142ugi przetwarzaj\u0105 dane osobowe w niebezpiecznych pa\u0144stwach trzecich. Wyra\u017caj\u0105c zgod\u0119 na korzystanie z tych us\u0142ug, wyra\u017caj\u0105 Pa\u0144stwo r\u00f3wnie\u017c zgod\u0119 na przetwarzanie Pa\u0144stwa danych w tych niebezpiecznych pa\u0144stwach trzecich. Wi\u0105\u017ce si\u0119 to z ryzykiem, \u017ce Pa\u0144stwa dane mog\u0105 by\u0107 przetwarzane przez organy w celach kontrolnych i monitoruj\u0105cych, potencjalnie bez mo\u017cliwo\u015bci odwo\u0142ania si\u0119 na drodze prawnej.  <\/p><p>Zezwalaj\u0105 Pa\u0144stwo r\u00f3wnie\u017c na przetwarzanie danych zgodnie z Google Consent Mode na podstawie Pa\u0144stwa zgody w nast\u0119puj\u0105cych celach:<\/p><p>&#8211; Przechowywanie i odczytywanie danych, takich jak pliki cookie (sie\u0107) lub identyfikatory urz\u0105dze\u0144 (aplikacje) w zwi\u0105zku z reklam\u0105.<br><span style=\"font-size: 14px; color: var( --e-global-color-text ); letter-spacing: var( --e-global-typography-5aeea44-letter-spacing ); word-spacing: var( --e-global-typography-5aeea44-word-spacing );\">&#8211; Zapisywanie i odczytywanie danych takich jak pliki cookie (sie\u0107) lub identyfikatory urz\u0105dze\u0144 (aplikacje) w zwi\u0105zku z analizami (np. czas trwania wizyty).<br><\/span><span style=\"font-size: 14px; color: var( --e-global-color-text ); letter-spacing: var( --e-global-typography-5aeea44-letter-spacing ); word-spacing: var( --e-global-typography-5aeea44-word-spacing );\">&#8211; Ocena i wy\u015bwietlanie spersonalizowanych reklam.<br><\/span><span style=\"font-size: 14px; color: var( --e-global-color-text ); letter-spacing: var( --e-global-typography-5aeea44-letter-spacing ); word-spacing: var( --e-global-typography-5aeea44-word-spacing );\">&#8211; Przekazywanie danych u\u017cytkownika do Google w celach reklamowych online.<\/span><\/p>\n<p>Je\u015bli akceptuj\u0105 Pa\u0144stwo wszystkie us\u0142ugi, zezwalaj\u0105 Pa\u0144stwo na za\u0142adowanie wszystkich plik\u00f3w cookie. S\u0105 one podzielone na grupy zgodnie z ich przeznaczeniem. <\/p>\n<p>Zastrzegamy sobie prawo do zmiany lub aktualizacji informacji i danych, a tak\u017ce produkt\u00f3w i us\u0142ug oferowanych na tej stronie internetowej w dowolnym momencie bez wcze\u015bniejszego powiadomienia.<\/p>\n<p>\u00a9 (2022) Copyright vee GmbH, wszelkie prawa zastrze\u017cone.<\/p>\t\t\t\t\t\t\t\t<\/div>\n\t\t\t\t<\/div>\n\t\t\t\t\t<\/div>\n\t\t<\/div>\n\t\t\t\t\t<\/div>\n\t\t<\/section>\n\t\t\t\t<\/div>\n\t\t","protected":false},"excerpt":{"rendered":"<p>Wy\u0142\u0105czenie odpowiedzialno\u015bci \/ Ochrona danych Projekt, struktura, tre\u015b\u0107, obrazy i tekst tej strony internetowej s\u0105 chronione prawem autorskim i nie mog\u0105 by\u0107 wykorzystywane bez uprzedniej wyra\u017anej pisemnej zgody vee GmbH. Informacje zamieszczone na niniejszej stronie internetowej maj\u0105 charakter og\u00f3lny i s\u0142u\u017c\u0105 wy\u0142\u0105cznie prezentacji naszych produkt\u00f3w i us\u0142ug. Nie ponosimy odpowiedzialno\u015bci za decyzje podj\u0119te przez u\u017cytkownika [&hellip;]<\/p>\n","protected":false},"author":2,"featured_media":0,"parent":0,"menu_order":0,"comment_status":"closed","ping_status":"closed","template":"","meta":{"ocean_post_layout":"","ocean_both_sidebars_style":"","ocean_both_sidebars_content_width":0,"ocean_both_sidebars_sidebars_width":0,"ocean_sidebar":"0","ocean_second_sidebar":"0","ocean_disable_margins":"enable","ocean_add_body_class":"","ocean_shortcode_before_top_bar":"","ocean_shortcode_after_top_bar":"","ocean_shortcode_before_header":"","ocean_shortcode_after_header":"","ocean_has_shortcode":"","ocean_shortcode_after_title":"","ocean_shortcode_before_footer_widgets":"","ocean_shortcode_after_footer_widgets":"","ocean_shortcode_before_footer_bottom":"","ocean_shortcode_after_footer_bottom":"","ocean_display_top_bar":"default","ocean_display_header":"default","ocean_header_style":"","ocean_center_header_left_menu":"0","ocean_custom_header_template":"0","ocean_custom_logo":0,"ocean_custom_retina_logo":0,"ocean_custom_logo_max_width":0,"ocean_custom_logo_tablet_max_width":0,"ocean_custom_logo_mobile_max_width":0,"ocean_custom_logo_max_height":0,"ocean_custom_logo_tablet_max_height":0,"ocean_custom_logo_mobile_max_height":0,"ocean_header_custom_menu":"0","ocean_menu_typo_font_family":"0","ocean_menu_typo_font_subset":"","ocean_menu_typo_font_size":0,"ocean_menu_typo_font_size_tablet":0,"ocean_menu_typo_font_size_mobile":0,"ocean_menu_typo_font_size_unit":"px","ocean_menu_typo_font_weight":"","ocean_menu_typo_font_weight_tablet":"","ocean_menu_typo_font_weight_mobile":"","ocean_menu_typo_transform":"","ocean_menu_typo_transform_tablet":"","ocean_menu_typo_transform_mobile":"","ocean_menu_typo_line_height":0,"ocean_menu_typo_line_height_tablet":0,"ocean_menu_typo_line_height_mobile":0,"ocean_menu_typo_line_height_unit":"","ocean_menu_typo_spacing":0,"ocean_menu_typo_spacing_tablet":0,"ocean_menu_typo_spacing_mobile":0,"ocean_menu_typo_spacing_unit":"","ocean_menu_link_color":"","ocean_menu_link_color_hover":"","ocean_menu_link_color_active":"","ocean_menu_link_background":"","ocean_menu_link_hover_background":"","ocean_menu_link_active_background":"","ocean_menu_social_links_bg":"","ocean_menu_social_hover_links_bg":"","ocean_menu_social_links_color":"","ocean_menu_social_hover_links_color":"","ocean_disable_title":"default","ocean_disable_heading":"default","ocean_post_title":"","ocean_post_subheading":"","ocean_post_title_style":"","ocean_post_title_background_color":"","ocean_post_title_background":0,"ocean_post_title_bg_image_position":"","ocean_post_title_bg_image_attachment":"","ocean_post_title_bg_image_repeat":"","ocean_post_title_bg_image_size":"","ocean_post_title_height":0,"ocean_post_title_bg_overlay":0.5,"ocean_post_title_bg_overlay_color":"","ocean_disable_breadcrumbs":"default","ocean_breadcrumbs_color":"","ocean_breadcrumbs_separator_color":"","ocean_breadcrumbs_links_color":"","ocean_breadcrumbs_links_hover_color":"","ocean_display_footer_widgets":"default","ocean_display_footer_bottom":"default","ocean_custom_footer_template":"0","footnotes":""},"class_list":["post-19674","page","type-page","status-publish","hentry","entry"],"yoast_head":"<!-- This site is optimized with the Yoast SEO plugin v27.3 - https:\/\/yoast.com\/product\/yoast-seo-wordpress\/ -->\n<title>Ochrona danych - vee - valuable ecological energy<\/title>\n<meta name=\"description\" content=\"Informacje zamieszczone na niniejszej stronie internetowej maj\u0105 charakter og\u00f3lny i s\u0142u\u017c\u0105 wy\u0142\u0105cznie prezentacji naszych produkt\u00f3w i us\u0142ug.\" \/>\n<meta name=\"robots\" content=\"index, follow, max-snippet:-1, max-image-preview:large, max-video-preview:-1\" \/>\n<link rel=\"canonical\" href=\"https:\/\/vee.energy\/pl\/ochrona-danych\/\" \/>\n<meta property=\"og:locale\" content=\"pl_PL\" \/>\n<meta property=\"og:type\" content=\"article\" \/>\n<meta property=\"og:title\" content=\"Ochrona danych - vee - valuable ecological energy\" \/>\n<meta property=\"og:description\" content=\"Informacje zamieszczone na niniejszej stronie internetowej maj\u0105 charakter og\u00f3lny i s\u0142u\u017c\u0105 wy\u0142\u0105cznie prezentacji naszych produkt\u00f3w i us\u0142ug.\" \/>\n<meta property=\"og:url\" content=\"https:\/\/vee.energy\/pl\/ochrona-danych\/\" \/>\n<meta property=\"og:site_name\" content=\"vee - valuable ecological energy\" \/>\n<meta property=\"article:modified_time\" content=\"2025-12-01T15:34:26+00:00\" \/>\n<meta name=\"twitter:card\" content=\"summary_large_image\" \/>\n<meta name=\"twitter:label1\" content=\"Szacowany czas czytania\" \/>\n\t<meta name=\"twitter:data1\" content=\"4 minuty\" \/>\n<script type=\"application\/ld+json\" class=\"yoast-schema-graph\">{\"@context\":\"https:\\\/\\\/schema.org\",\"@graph\":[{\"@type\":\"WebPage\",\"@id\":\"https:\\\/\\\/vee.energy\\\/pl\\\/ochrona-danych\\\/\",\"url\":\"https:\\\/\\\/vee.energy\\\/pl\\\/ochrona-danych\\\/\",\"name\":\"Ochrona danych - vee - valuable ecological energy\",\"isPartOf\":{\"@id\":\"https:\\\/\\\/vee.energy\\\/pl\\\/#website\"},\"datePublished\":\"2022-01-16T14:43:47+00:00\",\"dateModified\":\"2025-12-01T15:34:26+00:00\",\"description\":\"Informacje zamieszczone na niniejszej stronie internetowej maj\u0105 charakter og\u00f3lny i s\u0142u\u017c\u0105 wy\u0142\u0105cznie prezentacji naszych produkt\u00f3w i us\u0142ug.\",\"breadcrumb\":{\"@id\":\"https:\\\/\\\/vee.energy\\\/pl\\\/ochrona-danych\\\/#breadcrumb\"},\"inLanguage\":\"pl-PL\",\"potentialAction\":[{\"@type\":\"ReadAction\",\"target\":[\"https:\\\/\\\/vee.energy\\\/pl\\\/ochrona-danych\\\/\"]}]},{\"@type\":\"BreadcrumbList\",\"@id\":\"https:\\\/\\\/vee.energy\\\/pl\\\/ochrona-danych\\\/#breadcrumb\",\"itemListElement\":[{\"@type\":\"ListItem\",\"position\":1,\"name\":\"Startseite\",\"item\":\"https:\\\/\\\/vee.energy\\\/pl\\\/strona-glowna\\\/\"},{\"@type\":\"ListItem\",\"position\":2,\"name\":\"Ochrona danych\"}]},{\"@type\":\"WebSite\",\"@id\":\"https:\\\/\\\/vee.energy\\\/pl\\\/#website\",\"url\":\"https:\\\/\\\/vee.energy\\\/pl\\\/\",\"name\":\"vee - valuable ecological energy\",\"description\":\"Hackschnitzel BHKW - Holzgas KWK Anlagen\",\"publisher\":{\"@id\":\"https:\\\/\\\/vee.energy\\\/pl\\\/#organization\"},\"potentialAction\":[{\"@type\":\"SearchAction\",\"target\":{\"@type\":\"EntryPoint\",\"urlTemplate\":\"https:\\\/\\\/vee.energy\\\/pl\\\/?s={search_term_string}\"},\"query-input\":{\"@type\":\"PropertyValueSpecification\",\"valueRequired\":true,\"valueName\":\"search_term_string\"}}],\"inLanguage\":\"pl-PL\"},{\"@type\":\"Organization\",\"@id\":\"https:\\\/\\\/vee.energy\\\/pl\\\/#organization\",\"name\":\"vee - valuable ecological energy\",\"url\":\"https:\\\/\\\/vee.energy\\\/pl\\\/\",\"logo\":{\"@type\":\"ImageObject\",\"inLanguage\":\"pl-PL\",\"@id\":\"https:\\\/\\\/vee.energy\\\/pl\\\/#\\\/schema\\\/logo\\\/image\\\/\",\"url\":\"https:\\\/\\\/vee.energy\\\/wp-content\\\/uploads\\\/cropped-VEE_rgb_300dpi_mit-claim-1.jpg\",\"contentUrl\":\"https:\\\/\\\/vee.energy\\\/wp-content\\\/uploads\\\/cropped-VEE_rgb_300dpi_mit-claim-1.jpg\",\"width\":1920,\"height\":545,\"caption\":\"vee - valuable ecological energy\"},\"image\":{\"@id\":\"https:\\\/\\\/vee.energy\\\/pl\\\/#\\\/schema\\\/logo\\\/image\\\/\"}}]}<\/script>\n<!-- \/ Yoast SEO plugin. -->","yoast_head_json":{"title":"Ochrona danych - vee - valuable ecological energy","description":"Informacje zamieszczone na niniejszej stronie internetowej maj\u0105 charakter og\u00f3lny i s\u0142u\u017c\u0105 wy\u0142\u0105cznie prezentacji naszych produkt\u00f3w i us\u0142ug.","robots":{"index":"index","follow":"follow","max-snippet":"max-snippet:-1","max-image-preview":"max-image-preview:large","max-video-preview":"max-video-preview:-1"},"canonical":"https:\/\/vee.energy\/pl\/ochrona-danych\/","og_locale":"pl_PL","og_type":"article","og_title":"Ochrona danych - vee - valuable ecological energy","og_description":"Informacje zamieszczone na niniejszej stronie internetowej maj\u0105 charakter og\u00f3lny i s\u0142u\u017c\u0105 wy\u0142\u0105cznie prezentacji naszych produkt\u00f3w i us\u0142ug.","og_url":"https:\/\/vee.energy\/pl\/ochrona-danych\/","og_site_name":"vee - valuable ecological energy","article_modified_time":"2025-12-01T15:34:26+00:00","twitter_card":"summary_large_image","twitter_misc":{"Szacowany czas czytania":"4 minuty"},"schema":{"@context":"https:\/\/schema.org","@graph":[{"@type":"WebPage","@id":"https:\/\/vee.energy\/pl\/ochrona-danych\/","url":"https:\/\/vee.energy\/pl\/ochrona-danych\/","name":"Ochrona danych - vee - valuable ecological energy","isPartOf":{"@id":"https:\/\/vee.energy\/pl\/#website"},"datePublished":"2022-01-16T14:43:47+00:00","dateModified":"2025-12-01T15:34:26+00:00","description":"Informacje zamieszczone na niniejszej stronie internetowej maj\u0105 charakter og\u00f3lny i s\u0142u\u017c\u0105 wy\u0142\u0105cznie prezentacji naszych produkt\u00f3w i us\u0142ug.","breadcrumb":{"@id":"https:\/\/vee.energy\/pl\/ochrona-danych\/#breadcrumb"},"inLanguage":"pl-PL","potentialAction":[{"@type":"ReadAction","target":["https:\/\/vee.energy\/pl\/ochrona-danych\/"]}]},{"@type":"BreadcrumbList","@id":"https:\/\/vee.energy\/pl\/ochrona-danych\/#breadcrumb","itemListElement":[{"@type":"ListItem","position":1,"name":"Startseite","item":"https:\/\/vee.energy\/pl\/strona-glowna\/"},{"@type":"ListItem","position":2,"name":"Ochrona danych"}]},{"@type":"WebSite","@id":"https:\/\/vee.energy\/pl\/#website","url":"https:\/\/vee.energy\/pl\/","name":"vee - valuable ecological energy","description":"Hackschnitzel BHKW - Holzgas KWK Anlagen","publisher":{"@id":"https:\/\/vee.energy\/pl\/#organization"},"potentialAction":[{"@type":"SearchAction","target":{"@type":"EntryPoint","urlTemplate":"https:\/\/vee.energy\/pl\/?s={search_term_string}"},"query-input":{"@type":"PropertyValueSpecification","valueRequired":true,"valueName":"search_term_string"}}],"inLanguage":"pl-PL"},{"@type":"Organization","@id":"https:\/\/vee.energy\/pl\/#organization","name":"vee - valuable ecological energy","url":"https:\/\/vee.energy\/pl\/","logo":{"@type":"ImageObject","inLanguage":"pl-PL","@id":"https:\/\/vee.energy\/pl\/#\/schema\/logo\/image\/","url":"https:\/\/vee.energy\/wp-content\/uploads\/cropped-VEE_rgb_300dpi_mit-claim-1.jpg","contentUrl":"https:\/\/vee.energy\/wp-content\/uploads\/cropped-VEE_rgb_300dpi_mit-claim-1.jpg","width":1920,"height":545,"caption":"vee - valuable ecological energy"},"image":{"@id":"https:\/\/vee.energy\/pl\/#\/schema\/logo\/image\/"}}]}},"_links":{"self":[{"href":"https:\/\/vee.energy\/pl\/wp-json\/wp\/v2\/pages\/19674","targetHints":{"allow":["GET"]}}],"collection":[{"href":"https:\/\/vee.energy\/pl\/wp-json\/wp\/v2\/pages"}],"about":[{"href":"https:\/\/vee.energy\/pl\/wp-json\/wp\/v2\/types\/page"}],"author":[{"embeddable":true,"href":"https:\/\/vee.energy\/pl\/wp-json\/wp\/v2\/users\/2"}],"replies":[{"embeddable":true,"href":"https:\/\/vee.energy\/pl\/wp-json\/wp\/v2\/comments?post=19674"}],"version-history":[{"count":2,"href":"https:\/\/vee.energy\/pl\/wp-json\/wp\/v2\/pages\/19674\/revisions"}],"predecessor-version":[{"id":19676,"href":"https:\/\/vee.energy\/pl\/wp-json\/wp\/v2\/pages\/19674\/revisions\/19676"}],"wp:attachment":[{"href":"https:\/\/vee.energy\/pl\/wp-json\/wp\/v2\/media?parent=19674"}],"curies":[{"name":"wp","href":"https:\/\/api.w.org\/{rel}","templated":true}]}}