{"id":19656,"date":"2023-10-16T11:46:14","date_gmt":"2023-10-16T09:46:14","guid":{"rendered":"https:\/\/vee.energy\/paliwo-odpady-wysokokaloryczne\/"},"modified":"2025-12-01T16:38:17","modified_gmt":"2025-12-01T15:38:17","slug":"paliwo-odpady-wysokokaloryczne","status":"publish","type":"page","link":"https:\/\/vee.energy\/pl\/technologia\/paliwo-odpady-wysokokaloryczne\/","title":{"rendered":"Paliwo Odpady wysokokaloryczne"},"content":{"rendered":"\t\t<div data-elementor-type=\"wp-page\" data-elementor-id=\"19656\" class=\"elementor elementor-19656 elementor-9871\">\n\t\t\t\t\t\t<section class=\"elementor-section elementor-top-section elementor-element elementor-element-cf34312 elementor-section-boxed elementor-section-height-default elementor-section-height-default\" data-id=\"cf34312\" data-element_type=\"section\" data-e-type=\"section\">\n\t\t\t\t\t\t<div class=\"elementor-container elementor-column-gap-default\">\n\t\t\t\t\t<div class=\"elementor-column elementor-col-50 elementor-top-column elementor-element elementor-element-8c3e7c1\" data-id=\"8c3e7c1\" data-element_type=\"column\" data-e-type=\"column\">\n\t\t\t<div class=\"elementor-widget-wrap elementor-element-populated\">\n\t\t\t\t\t\t<div class=\"elementor-element elementor-element-dcc3bf3 elementor-widget__width-initial elementor-widget-divider--view-line elementor-widget elementor-widget-divider\" data-id=\"dcc3bf3\" data-element_type=\"widget\" data-e-type=\"widget\" data-widget_type=\"divider.default\">\n\t\t\t\t<div class=\"elementor-widget-container\">\n\t\t\t\t\t\t\t<div class=\"elementor-divider\">\n\t\t\t<span class=\"elementor-divider-separator\">\n\t\t\t\t\t\t<\/span>\n\t\t<\/div>\n\t\t\t\t\t\t<\/div>\n\t\t\t\t<\/div>\n\t\t\t\t<div class=\"elementor-element elementor-element-174dee8 elementor-widget__width-initial elementor-widget elementor-widget-heading\" data-id=\"174dee8\" data-element_type=\"widget\" data-e-type=\"widget\" data-widget_type=\"heading.default\">\n\t\t\t\t<div class=\"elementor-widget-container\">\n\t\t\t\t\t<h2 class=\"elementor-heading-title elementor-size-default\">wsp\u00f3\u0142praca ecoloop<\/h2>\t\t\t\t<\/div>\n\t\t\t\t<\/div>\n\t\t\t\t<div class=\"elementor-element elementor-element-7de3036 elementor-widget elementor-widget-heading\" data-id=\"7de3036\" data-element_type=\"widget\" data-e-type=\"widget\" data-widget_type=\"heading.default\">\n\t\t\t\t<div class=\"elementor-widget-container\">\n\t\t\t\t\t<h1 class=\"elementor-heading-title elementor-size-default\">Wytwarzanie energii elektrycznej i ciep\u0142a z wysokokalorycznych odpad\u00f3w<\/h1>\t\t\t\t<\/div>\n\t\t\t\t<\/div>\n\t\t\t\t<div class=\"elementor-element elementor-element-042520d elementor-widget elementor-widget-text-editor\" data-id=\"042520d\" data-element_type=\"widget\" data-e-type=\"widget\" data-widget_type=\"text-editor.default\">\n\t\t\t\t<div class=\"elementor-widget-container\">\n\t\t\t\t\t\t\t\t\t<p><strong>Z przyjemno\u015bci\u0105 informujemy o naszej wsp\u00f3\u0142pracy z firm\u0105 ecoloop w zakresie technologii zgazowania odpad\u00f3w wysokokalorycznych.<\/strong><\/p>\t\t\t\t\t\t\t\t<\/div>\n\t\t\t\t<\/div>\n\t\t\t\t\t<\/div>\n\t\t<\/div>\n\t\t\t\t<div class=\"elementor-column elementor-col-50 elementor-top-column elementor-element elementor-element-74c5fc0\" data-id=\"74c5fc0\" data-element_type=\"column\" data-e-type=\"column\">\n\t\t\t<div class=\"elementor-widget-wrap elementor-element-populated\">\n\t\t\t\t\t\t<div class=\"elementor-element elementor-element-0ea9fe2 elementor-widget elementor-widget-image\" data-id=\"0ea9fe2\" data-element_type=\"widget\" data-e-type=\"widget\" data-widget_type=\"image.default\">\n\t\t\t\t<div class=\"elementor-widget-container\">\n\t\t\t\t\t\t\t\t\t\t\t\t\t\t\t\t<a href=\"https:\/\/www.ecoloop.eu\/\" target=\"_blank\">\n\t\t\t\t\t\t\t<img fetchpriority=\"high\" decoding=\"async\" width=\"768\" height=\"140\" src=\"https:\/\/vee.energy\/wp-content\/uploads\/ecoloop_logo-768x140.jpg\" class=\"attachment-medium_large size-medium_large wp-image-19657\" alt=\"ecoloop_logo\" srcset=\"https:\/\/vee.energy\/wp-content\/uploads\/ecoloop_logo-768x140.jpg 768w, https:\/\/vee.energy\/wp-content\/uploads\/ecoloop_logo-300x55.jpg 300w, https:\/\/vee.energy\/wp-content\/uploads\/ecoloop_logo-1024x187.jpg 1024w, https:\/\/vee.energy\/wp-content\/uploads\/ecoloop_logo.jpg 1062w\" sizes=\"(max-width: 768px) 100vw, 768px\" \/>\t\t\t\t\t\t\t\t<\/a>\n\t\t\t\t\t\t\t\t\t\t\t\t\t\t\t<\/div>\n\t\t\t\t<\/div>\n\t\t\t\t\t<\/div>\n\t\t<\/div>\n\t\t\t\t\t<\/div>\n\t\t<\/section>\n\t\t\t\t<section class=\"elementor-section elementor-top-section elementor-element elementor-element-941ae3c elementor-section-boxed elementor-section-height-default elementor-section-height-default\" data-id=\"941ae3c\" data-element_type=\"section\" data-e-type=\"section\">\n\t\t\t\t\t\t<div class=\"elementor-container elementor-column-gap-default\">\n\t\t\t\t\t<div class=\"elementor-column elementor-col-50 elementor-top-column elementor-element elementor-element-142ec00\" data-id=\"142ec00\" data-element_type=\"column\" data-e-type=\"column\">\n\t\t\t<div class=\"elementor-widget-wrap elementor-element-populated\">\n\t\t\t\t\t\t<div class=\"elementor-element elementor-element-74c849e elementor-widget__width-initial elementor-widget-divider--view-line elementor-widget elementor-widget-divider\" data-id=\"74c849e\" data-element_type=\"widget\" data-e-type=\"widget\" data-widget_type=\"divider.default\">\n\t\t\t\t<div class=\"elementor-widget-container\">\n\t\t\t\t\t\t\t<div class=\"elementor-divider\">\n\t\t\t<span class=\"elementor-divider-separator\">\n\t\t\t\t\t\t<\/span>\n\t\t<\/div>\n\t\t\t\t\t\t<\/div>\n\t\t\t\t<\/div>\n\t\t\t\t<div class=\"elementor-element elementor-element-ec062d1 elementor-widget__width-initial elementor-widget elementor-widget-heading\" data-id=\"ec062d1\" data-element_type=\"widget\" data-e-type=\"widget\" data-widget_type=\"heading.default\">\n\t\t\t\t<div class=\"elementor-widget-container\">\n\t\t\t\t\t<h2 class=\"elementor-heading-title elementor-size-default\">Proces ecoloop<\/h2>\t\t\t\t<\/div>\n\t\t\t\t<\/div>\n\t\t\t\t<div class=\"elementor-element elementor-element-bd8ba76 elementor-widget elementor-widget-spacer\" data-id=\"bd8ba76\" data-element_type=\"widget\" data-e-type=\"widget\" data-widget_type=\"spacer.default\">\n\t\t\t\t<div class=\"elementor-widget-container\">\n\t\t\t\t\t\t\t<div class=\"elementor-spacer\">\n\t\t\t<div class=\"elementor-spacer-inner\"><\/div>\n\t\t<\/div>\n\t\t\t\t\t\t<\/div>\n\t\t\t\t<\/div>\n\t\t\t\t<div class=\"elementor-element elementor-element-38ccb03 elementor-widget elementor-widget-text-editor\" data-id=\"38ccb03\" data-element_type=\"widget\" data-e-type=\"widget\" data-widget_type=\"text-editor.default\">\n\t\t\t\t<div class=\"elementor-widget-container\">\n\t\t\t\t\t\t\t\t\t<p><strong>ecoloop dostarcza systemy do wytwarzania gazu dla przemys\u0142u i komunalnego planowania energii i ciep\u0142a z chemicznego recyklingu tworzyw sztucznych.<\/strong><\/p>\t\t\t\t\t\t\t\t<\/div>\n\t\t\t\t<\/div>\n\t\t\t\t<div class=\"elementor-element elementor-element-6181d32 elementor-widget elementor-widget-text-editor\" data-id=\"6181d32\" data-element_type=\"widget\" data-e-type=\"widget\" data-widget_type=\"text-editor.default\">\n\t\t\t\t<div class=\"elementor-widget-container\">\n\t\t\t\t\t\t\t\t\t<p><strong>Mieszanka paliwowa<\/strong><\/p><p>Zr\u0119bki drzewne s\u0105 mieszane z odpadami z tworzyw sztucznych w okre\u015blonym stosunku przed wej\u015bciem do \u015bluzy paliwowej i stale podawane do g\u00f3rnej cz\u0119\u015bci reaktora. Ponadto dodawane jest drobne wapno, kt\u00f3re dzia\u0142a jako partner reakcji dla zanieczyszcze\u0144 uwalnianych w procesie, takich jak siarka lub halogeny (chlor, brom). Zr\u0119bki drzewne s\u0142u\u017c\u0105 jako struktura no\u015bna w procesie i zapewniaj\u0105 dobr\u0105 przepuszczalno\u015b\u0107 gazu w ruchomym z\u0142o\u017cu reakcyjnym.  <\/p><p><strong>Procedura<\/strong><\/p><p>Ruchome z\u0142o\u017ce reakcyjne przep\u0142ywa przez reaktor dzi\u0119ki w\u0142asnej grawitacji. Rozk\u0142ad termiczny paliw zachodzi w tak zwanej strefie pirolizy. W ten spos\u00f3b powstaje gaz pirolityczny i koks pirolityczny jako produkty reakcji. Przep\u0142ywaj\u0105 one dalej do strefy utleniania (zgazowarki wsp\u00f3\u0142pr\u0105dowej). W strefie utleniania produkty pirolizy s\u0105 przekszta\u0142cane przez dodanie tlenu. Cz\u0119\u015bciowe spalanie zachodzi z udzia\u0142em powietrza i palnych partner\u00f3w reakcji, co zapewnia wytworzenie temperatury reakcji powy\u017cej 1200 \u00b0C w strefie utleniania. Jest to r\u00f3wnie\u017c okre\u015blane jako proces autotermiczny (samowystarczalny energetycznie). Materia\u0142y wej\u015bciowe s\u0105 przekszta\u0142cane w gaz w temperaturze 1200 &#8211; 1400\u00b0C w obecno\u015bci wapna wi\u0105\u017c\u0105cego zanieczyszczenia, dzi\u0119ki czemu zanieczyszczenia te s\u0105 skoncentrowane w popiele i nieszkodliwie odprowadzane z procesu.       <\/p>\t\t\t\t\t\t\t\t<\/div>\n\t\t\t\t<\/div>\n\t\t\t\t\t<\/div>\n\t\t<\/div>\n\t\t\t\t<div class=\"elementor-column elementor-col-50 elementor-top-column elementor-element elementor-element-30eb48d\" data-id=\"30eb48d\" data-element_type=\"column\" data-e-type=\"column\">\n\t\t\t<div class=\"elementor-widget-wrap elementor-element-populated\">\n\t\t\t\t\t\t<div class=\"elementor-element elementor-element-3e30da6 elementor-widget elementor-widget-image\" data-id=\"3e30da6\" data-element_type=\"widget\" data-e-type=\"widget\" data-widget_type=\"image.default\">\n\t\t\t\t<div class=\"elementor-widget-container\">\n\t\t\t\t\t\t\t\t\t\t\t\t\t\t\t<img decoding=\"async\" width=\"691\" height=\"1024\" src=\"https:\/\/vee.energy\/wp-content\/uploads\/ecoloop_proceeding_PL-EN-691x1024.jpg\" class=\"attachment-large size-large wp-image-19658\" alt=\"ecoloop\" srcset=\"https:\/\/vee.energy\/wp-content\/uploads\/ecoloop_proceeding_PL-EN-691x1024.jpg 691w, https:\/\/vee.energy\/wp-content\/uploads\/ecoloop_proceeding_PL-EN-202x300.jpg 202w, https:\/\/vee.energy\/wp-content\/uploads\/ecoloop_proceeding_PL-EN-768x1139.jpg 768w, https:\/\/vee.energy\/wp-content\/uploads\/ecoloop_proceeding_PL-EN-1036x1536.jpg 1036w, https:\/\/vee.energy\/wp-content\/uploads\/ecoloop_proceeding_PL-EN.jpg 1280w\" sizes=\"(max-width: 691px) 100vw, 691px\" \/>\t\t\t\t\t\t\t\t\t\t\t\t\t\t\t<\/div>\n\t\t\t\t<\/div>\n\t\t\t\t\t<\/div>\n\t\t<\/div>\n\t\t\t\t\t<\/div>\n\t\t<\/section>\n\t\t\t\t<section class=\"elementor-section elementor-top-section elementor-element elementor-element-9864b48 elementor-section-boxed elementor-section-height-default elementor-section-height-default\" data-id=\"9864b48\" data-element_type=\"section\" data-e-type=\"section\">\n\t\t\t\t\t\t<div class=\"elementor-container elementor-column-gap-default\">\n\t\t\t\t\t<div class=\"elementor-column elementor-col-50 elementor-top-column elementor-element elementor-element-dc43399\" data-id=\"dc43399\" data-element_type=\"column\" data-e-type=\"column\">\n\t\t\t<div class=\"elementor-widget-wrap elementor-element-populated\">\n\t\t\t\t\t\t<div class=\"elementor-element elementor-element-5d0fd14 elementor-widget elementor-widget-heading\" data-id=\"5d0fd14\" data-element_type=\"widget\" data-e-type=\"widget\" data-widget_type=\"heading.default\">\n\t\t\t\t<div class=\"elementor-widget-container\">\n\t\t\t\t\t<h2 class=\"elementor-heading-title elementor-size-default\">Prosz\u0119 si\u0119 z nami skontaktowa\u0107<\/h2>\t\t\t\t<\/div>\n\t\t\t\t<\/div>\n\t\t\t\t<div class=\"elementor-element elementor-element-61768d9 elementor-widget__width-initial elementor-widget elementor-widget-text-editor\" data-id=\"61768d9\" data-element_type=\"widget\" data-e-type=\"widget\" data-widget_type=\"text-editor.default\">\n\t\t\t\t<div class=\"elementor-widget-container\">\n\t\t\t\t\t\t\t\t\t<p><strong>ecoloop GmbH<\/strong><\/p><p>Bahnhofstra\u00dfe 30<br>DE &#8211; 83278 Traunstein<\/p><p>Telefon +49 172 6378883<br>Email info@ecoloop.eu<br>Web www.ecoloop.eu <\/p>\t\t\t\t\t\t\t\t<\/div>\n\t\t\t\t<\/div>\n\t\t\t\t\t<\/div>\n\t\t<\/div>\n\t\t\t\t<div class=\"elementor-column elementor-col-50 elementor-top-column elementor-element elementor-element-b3155ee\" data-id=\"b3155ee\" data-element_type=\"column\" data-e-type=\"column\">\n\t\t\t<div class=\"elementor-widget-wrap elementor-element-populated\">\n\t\t\t\t\t\t<div class=\"elementor-element elementor-element-477168f elementor-widget elementor-widget-image\" data-id=\"477168f\" data-element_type=\"widget\" data-e-type=\"widget\" data-widget_type=\"image.default\">\n\t\t\t\t<div class=\"elementor-widget-container\">\n\t\t\t\t\t\t\t\t\t\t\t\t\t\t\t<img decoding=\"async\" width=\"1024\" height=\"671\" src=\"https:\/\/vee.energy\/wp-content\/uploads\/ecoloop_key-highlights_PL-EN-1024x671.png\" class=\"attachment-large size-large wp-image-19659\" alt=\"Najwa\u017cniejsze cechy ecoloop_key\" srcset=\"https:\/\/vee.energy\/wp-content\/uploads\/ecoloop_key-highlights_PL-EN-1024x671.png 1024w, https:\/\/vee.energy\/wp-content\/uploads\/ecoloop_key-highlights_PL-EN-300x197.png 300w, https:\/\/vee.energy\/wp-content\/uploads\/ecoloop_key-highlights_PL-EN-768x503.png 768w, https:\/\/vee.energy\/wp-content\/uploads\/ecoloop_key-highlights_PL-EN.png 1267w\" sizes=\"(max-width: 1024px) 100vw, 1024px\" \/>\t\t\t\t\t\t\t\t\t\t\t\t\t\t\t<\/div>\n\t\t\t\t<\/div>\n\t\t\t\t\t<\/div>\n\t\t<\/div>\n\t\t\t\t\t<\/div>\n\t\t<\/section>\n\t\t\t\t<\/div>\n\t\t","protected":false},"excerpt":{"rendered":"<p>wsp\u00f3\u0142praca ecoloop Wytwarzanie energii elektrycznej i ciep\u0142a z wysokokalorycznych odpad\u00f3w Z przyjemno\u015bci\u0105 informujemy o naszej wsp\u00f3\u0142pracy z firm\u0105 ecoloop w zakresie technologii zgazowania odpad\u00f3w wysokokalorycznych. Proces ecoloop ecoloop dostarcza systemy do wytwarzania gazu dla przemys\u0142u i komunalnego planowania energii i ciep\u0142a z chemicznego recyklingu tworzyw sztucznych. Mieszanka paliwowa Zr\u0119bki drzewne s\u0105 mieszane z odpadami z [&hellip;]<\/p>\n","protected":false},"author":2,"featured_media":0,"parent":19768,"menu_order":0,"comment_status":"closed","ping_status":"closed","template":"","meta":{"ocean_post_layout":"","ocean_both_sidebars_style":"","ocean_both_sidebars_content_width":0,"ocean_both_sidebars_sidebars_width":0,"ocean_sidebar":"","ocean_second_sidebar":"","ocean_disable_margins":"enable","ocean_add_body_class":"","ocean_shortcode_before_top_bar":"","ocean_shortcode_after_top_bar":"","ocean_shortcode_before_header":"","ocean_shortcode_after_header":"","ocean_has_shortcode":"","ocean_shortcode_after_title":"","ocean_shortcode_before_footer_widgets":"","ocean_shortcode_after_footer_widgets":"","ocean_shortcode_before_footer_bottom":"","ocean_shortcode_after_footer_bottom":"","ocean_display_top_bar":"default","ocean_display_header":"default","ocean_header_style":"","ocean_center_header_left_menu":"","ocean_custom_header_template":"","ocean_custom_logo":0,"ocean_custom_retina_logo":0,"ocean_custom_logo_max_width":0,"ocean_custom_logo_tablet_max_width":0,"ocean_custom_logo_mobile_max_width":0,"ocean_custom_logo_max_height":0,"ocean_custom_logo_tablet_max_height":0,"ocean_custom_logo_mobile_max_height":0,"ocean_header_custom_menu":"","ocean_menu_typo_font_family":"","ocean_menu_typo_font_subset":"","ocean_menu_typo_font_size":0,"ocean_menu_typo_font_size_tablet":0,"ocean_menu_typo_font_size_mobile":0,"ocean_menu_typo_font_size_unit":"px","ocean_menu_typo_font_weight":"","ocean_menu_typo_font_weight_tablet":"","ocean_menu_typo_font_weight_mobile":"","ocean_menu_typo_transform":"","ocean_menu_typo_transform_tablet":"","ocean_menu_typo_transform_mobile":"","ocean_menu_typo_line_height":0,"ocean_menu_typo_line_height_tablet":0,"ocean_menu_typo_line_height_mobile":0,"ocean_menu_typo_line_height_unit":"","ocean_menu_typo_spacing":0,"ocean_menu_typo_spacing_tablet":0,"ocean_menu_typo_spacing_mobile":0,"ocean_menu_typo_spacing_unit":"","ocean_menu_link_color":"","ocean_menu_link_color_hover":"","ocean_menu_link_color_active":"","ocean_menu_link_background":"","ocean_menu_link_hover_background":"","ocean_menu_link_active_background":"","ocean_menu_social_links_bg":"","ocean_menu_social_hover_links_bg":"","ocean_menu_social_links_color":"","ocean_menu_social_hover_links_color":"","ocean_disable_title":"default","ocean_disable_heading":"default","ocean_post_title":"","ocean_post_subheading":"","ocean_post_title_style":"","ocean_post_title_background_color":"","ocean_post_title_background":0,"ocean_post_title_bg_image_position":"","ocean_post_title_bg_image_attachment":"","ocean_post_title_bg_image_repeat":"","ocean_post_title_bg_image_size":"","ocean_post_title_height":0,"ocean_post_title_bg_overlay":0.5,"ocean_post_title_bg_overlay_color":"","ocean_disable_breadcrumbs":"default","ocean_breadcrumbs_color":"","ocean_breadcrumbs_separator_color":"","ocean_breadcrumbs_links_color":"","ocean_breadcrumbs_links_hover_color":"","ocean_display_footer_widgets":"default","ocean_display_footer_bottom":"default","ocean_custom_footer_template":"","footnotes":""},"class_list":["post-19656","page","type-page","status-publish","hentry","entry"],"yoast_head":"<!-- This site is optimized with the Yoast SEO plugin v27.3 - https:\/\/yoast.com\/product\/yoast-seo-wordpress\/ -->\n<title>Paliwo Odpady wysokokaloryczne - vee - valuable ecological energy<\/title>\n<meta name=\"description\" content=\"Z przyjemno\u015bci\u0105 informujemy o naszej wsp\u00f3\u0142pracy z firm\u0105 ecoloop w zakresie technologii zgazowania odpad\u00f3w wysokokalorycznych.\" \/>\n<meta name=\"robots\" content=\"index, follow, max-snippet:-1, max-image-preview:large, max-video-preview:-1\" \/>\n<link rel=\"canonical\" href=\"https:\/\/vee.energy\/pl\/technologia\/paliwo-odpady-wysokokaloryczne\/\" \/>\n<meta property=\"og:locale\" content=\"pl_PL\" \/>\n<meta property=\"og:type\" content=\"article\" \/>\n<meta property=\"og:title\" content=\"Paliwo Odpady wysokokaloryczne - vee - valuable ecological energy\" \/>\n<meta property=\"og:description\" content=\"Z przyjemno\u015bci\u0105 informujemy o naszej wsp\u00f3\u0142pracy z firm\u0105 ecoloop w zakresie technologii zgazowania odpad\u00f3w wysokokalorycznych.\" \/>\n<meta property=\"og:url\" content=\"https:\/\/vee.energy\/pl\/technologia\/paliwo-odpady-wysokokaloryczne\/\" \/>\n<meta property=\"og:site_name\" content=\"vee - valuable ecological energy\" \/>\n<meta property=\"article:modified_time\" content=\"2025-12-01T15:38:17+00:00\" \/>\n<meta property=\"og:image\" content=\"https:\/\/vee.energy\/wp-content\/uploads\/ecoloop_logo.jpg\" \/>\n\t<meta property=\"og:image:width\" content=\"1062\" \/>\n\t<meta property=\"og:image:height\" content=\"194\" \/>\n\t<meta property=\"og:image:type\" content=\"image\/jpeg\" \/>\n<meta name=\"twitter:card\" content=\"summary_large_image\" \/>\n<meta name=\"twitter:label1\" content=\"Szacowany czas czytania\" \/>\n\t<meta name=\"twitter:data1\" content=\"1 minuta\" \/>\n<script type=\"application\/ld+json\" class=\"yoast-schema-graph\">{\"@context\":\"https:\\\/\\\/schema.org\",\"@graph\":[{\"@type\":\"WebPage\",\"@id\":\"https:\\\/\\\/vee.energy\\\/pl\\\/technologia\\\/paliwo-odpady-wysokokaloryczne\\\/\",\"url\":\"https:\\\/\\\/vee.energy\\\/pl\\\/technologia\\\/paliwo-odpady-wysokokaloryczne\\\/\",\"name\":\"Paliwo Odpady wysokokaloryczne - vee - valuable ecological energy\",\"isPartOf\":{\"@id\":\"https:\\\/\\\/vee.energy\\\/pl\\\/#website\"},\"primaryImageOfPage\":{\"@id\":\"https:\\\/\\\/vee.energy\\\/pl\\\/technologia\\\/paliwo-odpady-wysokokaloryczne\\\/#primaryimage\"},\"image\":{\"@id\":\"https:\\\/\\\/vee.energy\\\/pl\\\/technologia\\\/paliwo-odpady-wysokokaloryczne\\\/#primaryimage\"},\"thumbnailUrl\":\"https:\\\/\\\/vee.energy\\\/wp-content\\\/uploads\\\/ecoloop_logo-768x140.jpg\",\"datePublished\":\"2023-10-16T09:46:14+00:00\",\"dateModified\":\"2025-12-01T15:38:17+00:00\",\"description\":\"Z przyjemno\u015bci\u0105 informujemy o naszej wsp\u00f3\u0142pracy z firm\u0105 ecoloop w zakresie technologii zgazowania odpad\u00f3w wysokokalorycznych.\",\"breadcrumb\":{\"@id\":\"https:\\\/\\\/vee.energy\\\/pl\\\/technologia\\\/paliwo-odpady-wysokokaloryczne\\\/#breadcrumb\"},\"inLanguage\":\"pl-PL\",\"potentialAction\":[{\"@type\":\"ReadAction\",\"target\":[\"https:\\\/\\\/vee.energy\\\/pl\\\/technologia\\\/paliwo-odpady-wysokokaloryczne\\\/\"]}]},{\"@type\":\"ImageObject\",\"inLanguage\":\"pl-PL\",\"@id\":\"https:\\\/\\\/vee.energy\\\/pl\\\/technologia\\\/paliwo-odpady-wysokokaloryczne\\\/#primaryimage\",\"url\":\"https:\\\/\\\/vee.energy\\\/wp-content\\\/uploads\\\/ecoloop_logo-768x140.jpg\",\"contentUrl\":\"https:\\\/\\\/vee.energy\\\/wp-content\\\/uploads\\\/ecoloop_logo-768x140.jpg\"},{\"@type\":\"BreadcrumbList\",\"@id\":\"https:\\\/\\\/vee.energy\\\/pl\\\/technologia\\\/paliwo-odpady-wysokokaloryczne\\\/#breadcrumb\",\"itemListElement\":[{\"@type\":\"ListItem\",\"position\":1,\"name\":\"Startseite\",\"item\":\"https:\\\/\\\/vee.energy\\\/pl\\\/strona-glowna\\\/\"},{\"@type\":\"ListItem\",\"position\":2,\"name\":\"Technologia\",\"item\":\"https:\\\/\\\/vee.energy\\\/pl\\\/technologia\\\/\"},{\"@type\":\"ListItem\",\"position\":3,\"name\":\"Paliwo Odpady wysokokaloryczne\"}]},{\"@type\":\"WebSite\",\"@id\":\"https:\\\/\\\/vee.energy\\\/pl\\\/#website\",\"url\":\"https:\\\/\\\/vee.energy\\\/pl\\\/\",\"name\":\"vee - valuable ecological energy\",\"description\":\"Hackschnitzel BHKW - Holzgas KWK Anlagen\",\"publisher\":{\"@id\":\"https:\\\/\\\/vee.energy\\\/pl\\\/#organization\"},\"potentialAction\":[{\"@type\":\"SearchAction\",\"target\":{\"@type\":\"EntryPoint\",\"urlTemplate\":\"https:\\\/\\\/vee.energy\\\/pl\\\/?s={search_term_string}\"},\"query-input\":{\"@type\":\"PropertyValueSpecification\",\"valueRequired\":true,\"valueName\":\"search_term_string\"}}],\"inLanguage\":\"pl-PL\"},{\"@type\":\"Organization\",\"@id\":\"https:\\\/\\\/vee.energy\\\/pl\\\/#organization\",\"name\":\"vee - valuable ecological energy\",\"url\":\"https:\\\/\\\/vee.energy\\\/pl\\\/\",\"logo\":{\"@type\":\"ImageObject\",\"inLanguage\":\"pl-PL\",\"@id\":\"https:\\\/\\\/vee.energy\\\/pl\\\/#\\\/schema\\\/logo\\\/image\\\/\",\"url\":\"https:\\\/\\\/vee.energy\\\/wp-content\\\/uploads\\\/cropped-VEE_rgb_300dpi_mit-claim-1.jpg\",\"contentUrl\":\"https:\\\/\\\/vee.energy\\\/wp-content\\\/uploads\\\/cropped-VEE_rgb_300dpi_mit-claim-1.jpg\",\"width\":1920,\"height\":545,\"caption\":\"vee - valuable ecological energy\"},\"image\":{\"@id\":\"https:\\\/\\\/vee.energy\\\/pl\\\/#\\\/schema\\\/logo\\\/image\\\/\"}}]}<\/script>\n<!-- \/ Yoast SEO plugin. -->","yoast_head_json":{"title":"Paliwo Odpady wysokokaloryczne - vee - valuable ecological energy","description":"Z przyjemno\u015bci\u0105 informujemy o naszej wsp\u00f3\u0142pracy z firm\u0105 ecoloop w zakresie technologii zgazowania odpad\u00f3w wysokokalorycznych.","robots":{"index":"index","follow":"follow","max-snippet":"max-snippet:-1","max-image-preview":"max-image-preview:large","max-video-preview":"max-video-preview:-1"},"canonical":"https:\/\/vee.energy\/pl\/technologia\/paliwo-odpady-wysokokaloryczne\/","og_locale":"pl_PL","og_type":"article","og_title":"Paliwo Odpady wysokokaloryczne - vee - valuable ecological energy","og_description":"Z przyjemno\u015bci\u0105 informujemy o naszej wsp\u00f3\u0142pracy z firm\u0105 ecoloop w zakresie technologii zgazowania odpad\u00f3w wysokokalorycznych.","og_url":"https:\/\/vee.energy\/pl\/technologia\/paliwo-odpady-wysokokaloryczne\/","og_site_name":"vee - valuable ecological energy","article_modified_time":"2025-12-01T15:38:17+00:00","og_image":[{"width":1062,"height":194,"url":"https:\/\/vee.energy\/wp-content\/uploads\/ecoloop_logo.jpg","type":"image\/jpeg"}],"twitter_card":"summary_large_image","twitter_misc":{"Szacowany czas czytania":"1 minuta"},"schema":{"@context":"https:\/\/schema.org","@graph":[{"@type":"WebPage","@id":"https:\/\/vee.energy\/pl\/technologia\/paliwo-odpady-wysokokaloryczne\/","url":"https:\/\/vee.energy\/pl\/technologia\/paliwo-odpady-wysokokaloryczne\/","name":"Paliwo Odpady wysokokaloryczne - vee - valuable ecological energy","isPartOf":{"@id":"https:\/\/vee.energy\/pl\/#website"},"primaryImageOfPage":{"@id":"https:\/\/vee.energy\/pl\/technologia\/paliwo-odpady-wysokokaloryczne\/#primaryimage"},"image":{"@id":"https:\/\/vee.energy\/pl\/technologia\/paliwo-odpady-wysokokaloryczne\/#primaryimage"},"thumbnailUrl":"https:\/\/vee.energy\/wp-content\/uploads\/ecoloop_logo-768x140.jpg","datePublished":"2023-10-16T09:46:14+00:00","dateModified":"2025-12-01T15:38:17+00:00","description":"Z przyjemno\u015bci\u0105 informujemy o naszej wsp\u00f3\u0142pracy z firm\u0105 ecoloop w zakresie technologii zgazowania odpad\u00f3w wysokokalorycznych.","breadcrumb":{"@id":"https:\/\/vee.energy\/pl\/technologia\/paliwo-odpady-wysokokaloryczne\/#breadcrumb"},"inLanguage":"pl-PL","potentialAction":[{"@type":"ReadAction","target":["https:\/\/vee.energy\/pl\/technologia\/paliwo-odpady-wysokokaloryczne\/"]}]},{"@type":"ImageObject","inLanguage":"pl-PL","@id":"https:\/\/vee.energy\/pl\/technologia\/paliwo-odpady-wysokokaloryczne\/#primaryimage","url":"https:\/\/vee.energy\/wp-content\/uploads\/ecoloop_logo-768x140.jpg","contentUrl":"https:\/\/vee.energy\/wp-content\/uploads\/ecoloop_logo-768x140.jpg"},{"@type":"BreadcrumbList","@id":"https:\/\/vee.energy\/pl\/technologia\/paliwo-odpady-wysokokaloryczne\/#breadcrumb","itemListElement":[{"@type":"ListItem","position":1,"name":"Startseite","item":"https:\/\/vee.energy\/pl\/strona-glowna\/"},{"@type":"ListItem","position":2,"name":"Technologia","item":"https:\/\/vee.energy\/pl\/technologia\/"},{"@type":"ListItem","position":3,"name":"Paliwo Odpady wysokokaloryczne"}]},{"@type":"WebSite","@id":"https:\/\/vee.energy\/pl\/#website","url":"https:\/\/vee.energy\/pl\/","name":"vee - valuable ecological energy","description":"Hackschnitzel BHKW - Holzgas KWK Anlagen","publisher":{"@id":"https:\/\/vee.energy\/pl\/#organization"},"potentialAction":[{"@type":"SearchAction","target":{"@type":"EntryPoint","urlTemplate":"https:\/\/vee.energy\/pl\/?s={search_term_string}"},"query-input":{"@type":"PropertyValueSpecification","valueRequired":true,"valueName":"search_term_string"}}],"inLanguage":"pl-PL"},{"@type":"Organization","@id":"https:\/\/vee.energy\/pl\/#organization","name":"vee - valuable ecological energy","url":"https:\/\/vee.energy\/pl\/","logo":{"@type":"ImageObject","inLanguage":"pl-PL","@id":"https:\/\/vee.energy\/pl\/#\/schema\/logo\/image\/","url":"https:\/\/vee.energy\/wp-content\/uploads\/cropped-VEE_rgb_300dpi_mit-claim-1.jpg","contentUrl":"https:\/\/vee.energy\/wp-content\/uploads\/cropped-VEE_rgb_300dpi_mit-claim-1.jpg","width":1920,"height":545,"caption":"vee - valuable ecological energy"},"image":{"@id":"https:\/\/vee.energy\/pl\/#\/schema\/logo\/image\/"}}]}},"_links":{"self":[{"href":"https:\/\/vee.energy\/pl\/wp-json\/wp\/v2\/pages\/19656","targetHints":{"allow":["GET"]}}],"collection":[{"href":"https:\/\/vee.energy\/pl\/wp-json\/wp\/v2\/pages"}],"about":[{"href":"https:\/\/vee.energy\/pl\/wp-json\/wp\/v2\/types\/page"}],"author":[{"embeddable":true,"href":"https:\/\/vee.energy\/pl\/wp-json\/wp\/v2\/users\/2"}],"replies":[{"embeddable":true,"href":"https:\/\/vee.energy\/pl\/wp-json\/wp\/v2\/comments?post=19656"}],"version-history":[{"count":2,"href":"https:\/\/vee.energy\/pl\/wp-json\/wp\/v2\/pages\/19656\/revisions"}],"predecessor-version":[{"id":19661,"href":"https:\/\/vee.energy\/pl\/wp-json\/wp\/v2\/pages\/19656\/revisions\/19661"}],"up":[{"embeddable":true,"href":"https:\/\/vee.energy\/pl\/wp-json\/wp\/v2\/pages\/19768"}],"wp:attachment":[{"href":"https:\/\/vee.energy\/pl\/wp-json\/wp\/v2\/media?parent=19656"}],"curies":[{"name":"wp","href":"https:\/\/api.w.org\/{rel}","templated":true}]}}