{"id":19644,"date":"2022-01-18T08:07:39","date_gmt":"2022-01-18T07:07:39","guid":{"rendered":"https:\/\/vee.energy\/historia\/"},"modified":"2025-12-01T16:38:37","modified_gmt":"2025-12-01T15:38:37","slug":"historia","status":"publish","type":"page","link":"https:\/\/vee.energy\/pl\/firma\/historia\/","title":{"rendered":"Historia"},"content":{"rendered":"\t\t<div data-elementor-type=\"wp-page\" data-elementor-id=\"19644\" class=\"elementor elementor-19644 elementor-40\">\n\t\t\t\t\t\t<section class=\"elementor-section elementor-top-section elementor-element elementor-element-50b9ef03 elementor-section-boxed elementor-section-height-default elementor-section-height-default\" data-id=\"50b9ef03\" data-element_type=\"section\" data-e-type=\"section\" data-settings=\"{&quot;background_background&quot;:&quot;classic&quot;}\">\n\t\t\t\t\t\t\t<div class=\"elementor-background-overlay\"><\/div>\n\t\t\t\t\t\t\t<div class=\"elementor-container elementor-column-gap-default\">\n\t\t\t\t\t<div class=\"elementor-column elementor-col-100 elementor-top-column elementor-element elementor-element-3727ccd1\" data-id=\"3727ccd1\" data-element_type=\"column\" data-e-type=\"column\">\n\t\t\t<div class=\"elementor-widget-wrap elementor-element-populated\">\n\t\t\t\t\t\t<div class=\"elementor-element elementor-element-35bfc576 elementor-widget__width-initial elementor-widget elementor-widget-heading\" data-id=\"35bfc576\" data-element_type=\"widget\" data-e-type=\"widget\" data-widget_type=\"heading.default\">\n\t\t\t\t<div class=\"elementor-widget-container\">\n\t\t\t\t\t<h2 class=\"elementor-heading-title elementor-size-default\">vee GmbH<\/h2>\t\t\t\t<\/div>\n\t\t\t\t<\/div>\n\t\t\t\t<div class=\"elementor-element elementor-element-2e3867d7 elementor-widget elementor-widget-heading\" data-id=\"2e3867d7\" data-element_type=\"widget\" data-e-type=\"widget\" data-widget_type=\"heading.default\">\n\t\t\t\t<div class=\"elementor-widget-container\">\n\t\t\t\t\t<h1 class=\"elementor-heading-title elementor-size-default\">Historia<\/h1>\t\t\t\t<\/div>\n\t\t\t\t<\/div>\n\t\t\t\t\t<\/div>\n\t\t<\/div>\n\t\t\t\t\t<\/div>\n\t\t<\/section>\n\t\t\t\t<section class=\"elementor-section elementor-top-section elementor-element elementor-element-6cd0a199 elementor-section-boxed elementor-section-height-default elementor-section-height-default\" data-id=\"6cd0a199\" data-element_type=\"section\" data-e-type=\"section\" data-settings=\"{&quot;background_background&quot;:&quot;classic&quot;}\">\n\t\t\t\t\t\t<div class=\"elementor-container elementor-column-gap-default\">\n\t\t\t\t\t<div class=\"elementor-column elementor-col-100 elementor-top-column elementor-element elementor-element-21497ec5\" data-id=\"21497ec5\" data-element_type=\"column\" data-e-type=\"column\">\n\t\t\t<div class=\"elementor-widget-wrap elementor-element-populated\">\n\t\t\t\t\t\t<section class=\"elementor-section elementor-inner-section elementor-element elementor-element-30724b92 elementor-section-boxed elementor-section-height-default elementor-section-height-default\" data-id=\"30724b92\" data-element_type=\"section\" data-e-type=\"section\">\n\t\t\t\t\t\t<div class=\"elementor-container elementor-column-gap-default\">\n\t\t\t\t\t<div class=\"elementor-column elementor-col-100 elementor-inner-column elementor-element elementor-element-49b98c25\" data-id=\"49b98c25\" data-element_type=\"column\" data-e-type=\"column\">\n\t\t\t<div class=\"elementor-widget-wrap elementor-element-populated\">\n\t\t\t\t\t\t<div class=\"elementor-element elementor-element-349f693e elementor-widget__width-initial elementor-widget-divider--view-line elementor-widget elementor-widget-divider\" data-id=\"349f693e\" data-element_type=\"widget\" data-e-type=\"widget\" data-widget_type=\"divider.default\">\n\t\t\t\t<div class=\"elementor-widget-container\">\n\t\t\t\t\t\t\t<div class=\"elementor-divider\">\n\t\t\t<span class=\"elementor-divider-separator\">\n\t\t\t\t\t\t<\/span>\n\t\t<\/div>\n\t\t\t\t\t\t<\/div>\n\t\t\t\t<\/div>\n\t\t\t\t<div class=\"elementor-element elementor-element-beddfb6 elementor-widget__width-initial elementor-widget elementor-widget-heading\" data-id=\"beddfb6\" data-element_type=\"widget\" data-e-type=\"widget\" data-widget_type=\"heading.default\">\n\t\t\t\t<div class=\"elementor-widget-container\">\n\t\t\t\t\t<h2 class=\"elementor-heading-title elementor-size-default\">Tradycja zobowi\u0105zuje<\/h2>\t\t\t\t<\/div>\n\t\t\t\t<\/div>\n\t\t\t\t<div class=\"elementor-element elementor-element-7ecb4a11 elementor-widget elementor-widget-heading\" data-id=\"7ecb4a11\" data-element_type=\"widget\" data-e-type=\"widget\" data-widget_type=\"heading.default\">\n\t\t\t\t<div class=\"elementor-widget-container\">\n\t\t\t\t\t<h2 class=\"elementor-heading-title elementor-size-default\">Historia i za\u0142o\u017cenia<\/h2>\t\t\t\t<\/div>\n\t\t\t\t<\/div>\n\t\t\t\t<div class=\"elementor-element elementor-element-b136603 elementor-widget elementor-widget-spacer\" data-id=\"b136603\" data-element_type=\"widget\" data-e-type=\"widget\" data-widget_type=\"spacer.default\">\n\t\t\t\t<div class=\"elementor-widget-container\">\n\t\t\t\t\t\t\t<div class=\"elementor-spacer\">\n\t\t\t<div class=\"elementor-spacer-inner\"><\/div>\n\t\t<\/div>\n\t\t\t\t\t\t<\/div>\n\t\t\t\t<\/div>\n\t\t\t\t\t<\/div>\n\t\t<\/div>\n\t\t\t\t\t<\/div>\n\t\t<\/section>\n\t\t\t\t<div class=\"elementor-element elementor-element-72e8b050 elementor-widget elementor-widget-text-editor\" data-id=\"72e8b050\" data-element_type=\"widget\" data-e-type=\"widget\" data-widget_type=\"text-editor.default\">\n\t\t\t\t<div class=\"elementor-widget-container\">\n\t\t\t\t\t\t\t\t\t<p>Jednym z g\u0142\u00f3wnych powod\u00f3w tego rozwoju by\u0142y pocz\u0105tkowo wymagania energetyczne w\u0142a\u015bciciela tartaku. Maszyny potrzebowa\u0142y du\u017cej ilo\u015bci energii elektrycznej, a suszenie tarcicy wymaga\u0142o du\u017cej ilo\u015bci ciep\u0142a. Poniewa\u017c zapotrzebowanie na ciep\u0142o by\u0142o zbyt niskie dla ekonomicznej pracy turbiny parowej, poszukiwania optymalnego rozwi\u0105zania d\u0142ugo nie przynosi\u0142y rezultat\u00f3w. &nbsp;<span style=\"font-size: 17px; color: var( --e-global-color-text ); letter-spacing: var( --e-global-typography-5f4c817-letter-spacing ); word-spacing: var( --e-global-typography-5f4c817-word-spacing );\">Poniewa\u017c na rynku nie istnia\u0142a \u017cadna op\u0142acalna technologia, pierwsze pr\u00f3by produkcji gazu drzewnego do silnik\u00f3w gazowych rozpocz\u0119to w 2010 roku.&nbsp;<\/span><\/p>\n<p>Dost\u0119pna w\u00f3wczas wiedza pos\u0142u\u017cy\u0142a jako podstawa do opracowania systemu. By\u0142o ju\u017c jasne, \u017ce system gazu drzewnego, kt\u00f3ry wymaga\u0142 napraw niemal ka\u017cdego dnia i by\u0142 podatny na usterki, nie nadawa\u0142 si\u0119 do tego celu. Kolejnym wymogiem by\u0142o to, aby system dzia\u0142a\u0142 bez \u017cadnych problem\u00f3w ze standardowymi wi\u00f3rami drzewnymi, w tym drobnymi i kor\u0105.  &nbsp;<span style=\"font-family: Verdana, sans-serif; font-size: 17px; font-style: normal; font-variant-ligatures: normal; font-variant-caps: normal; font-weight: 400; color: var( --e-global-color-text ); letter-spacing: var( --e-global-typography-5f4c817-letter-spacing ); word-spacing: var( --e-global-typography-5f4c817-word-spacing );\">Rozwi\u0105zanie to powinno charakteryzowa\u0107 si\u0119 wydajno\u015bci\u0105, funkcjonalno\u015bci\u0105 i nisk\u0105 z\u0142o\u017cono\u015bci\u0105.<\/span><\/p>\n<p><span style=\"font-family: Verdana, sans-serif; font-size: 17px; font-style: normal; font-variant-ligatures: normal; font-variant-caps: normal; font-weight: 400;\">Po wielu seriach test\u00f3w z post\u0119pami i niepowodzeniami, pod koniec 2012 roku opracowano ga\u017anik, kt\u00f3rego podstawowy system prawie nie zmieni\u0142 si\u0119 do dzi\u015b. W ostatnich latach dokonano znacznych ulepsze\u0144 w zakresie \u017cywotno\u015bci dzi\u0119ki zastosowaniu specjalnych materia\u0142\u00f3w do mocno obci\u0105\u017conych cz\u0119\u015bci. Koncepcja oczyszczania gazu r\u00f3wnie\u017c okaza\u0142a si\u0119 bardzo skuteczna, a \u017cywotno\u015b\u0107 filtr\u00f3w przekracza obecnie jeden rok. Pierwotnie u\u017cywane silniki wolnoss\u0105ce zosta\u0142y zast\u0105pione w 2014 roku silnikami turbodo\u0142adowanymi, kt\u00f3re s\u0105 znacznie bardziej wydajne i wymagaj\u0105 mniej konserwacji.   <\/span><span style=\"font-family: Verdana, sans-serif; font-size: 17px; font-style: normal; font-variant-ligatures: normal; font-variant-caps: normal; font-weight: 400; color: var( --e-global-color-text ); letter-spacing: var( --e-global-typography-5f4c817-letter-spacing ); word-spacing: var( --e-global-typography-5f4c817-word-spacing );\"><br><\/span><\/p>\t\t\t\t\t\t\t\t<\/div>\n\t\t\t\t<\/div>\n\t\t\t\t\t<\/div>\n\t\t<\/div>\n\t\t\t\t\t<\/div>\n\t\t<\/section>\n\t\t\t\t<section class=\"elementor-section elementor-top-section elementor-element elementor-element-160df1b8 elementor-section-boxed elementor-section-height-default elementor-section-height-default\" data-id=\"160df1b8\" data-element_type=\"section\" data-e-type=\"section\">\n\t\t\t\t\t\t<div class=\"elementor-container elementor-column-gap-default\">\n\t\t\t\t\t<div class=\"elementor-column elementor-col-50 elementor-top-column elementor-element elementor-element-38870761\" data-id=\"38870761\" data-element_type=\"column\" data-e-type=\"column\">\n\t\t\t<div class=\"elementor-widget-wrap elementor-element-populated\">\n\t\t\t\t\t\t<div class=\"elementor-element elementor-element-5ef33dd3 elementor-widget elementor-widget-text-editor\" data-id=\"5ef33dd3\" data-element_type=\"widget\" data-e-type=\"widget\" data-widget_type=\"text-editor.default\">\n\t\t\t\t<div class=\"elementor-widget-container\">\n\t\t\t\t\t\t\t\t\t<p><span style=\"font-size: 17px; color: var( --e-global-color-text ); letter-spacing: var( --e-global-typography-5f4c817-letter-spacing ); word-spacing: var( --e-global-typography-5f4c817-word-spacing );\">Siedem lat rozwoju i kilka sprzedanych system\u00f3w p\u00f3\u017aniej, ca\u0142y dzia\u0142 zgazowania biomasy zosta\u0142 przeniesiony do vee GmbH w 2017 roku. Trzy litery &#8222;vee&#8221; oznaczaj\u0105 &#8222;cenn\u0105 ekologiczn\u0105 energi\u0119&#8221;. <\/span><\/p>\t\t\t\t\t\t\t\t<\/div>\n\t\t\t\t<\/div>\n\t\t\t\t\t<\/div>\n\t\t<\/div>\n\t\t\t\t<div class=\"elementor-column elementor-col-50 elementor-top-column elementor-element elementor-element-054c6b4\" data-id=\"054c6b4\" data-element_type=\"column\" data-e-type=\"column\">\n\t\t\t<div class=\"elementor-widget-wrap elementor-element-populated\">\n\t\t\t\t\t\t<div class=\"elementor-element elementor-element-721bda2 elementor-widget__width-initial elementor-widget elementor-widget-testimonial\" data-id=\"721bda2\" data-element_type=\"widget\" data-e-type=\"widget\" data-widget_type=\"testimonial.default\">\n\t\t\t\t<div class=\"elementor-widget-container\">\n\t\t\t\t\t\t\t<div class=\"elementor-testimonial-wrapper\">\n\t\t\t\t\t\t\t<div class=\"elementor-testimonial-content\">Obecnie systemy dzia\u0142aj\u0105 bezawaryjnie przez wiele miesi\u0119cy, a ich niezawodno\u015b\u0107 wyra\u017anie przekracza pocz\u0105tkowe oczekiwania.<\/div>\n\t\t\t\n\t\t\t\t\t\t<div class=\"elementor-testimonial-meta elementor-has-image elementor-testimonial-image-position-aside\">\n\t\t\t\t<div class=\"elementor-testimonial-meta-inner\">\n\t\t\t\t\t\t\t\t\t\t\t<div class=\"elementor-testimonial-image\">\n\t\t\t\t\t\t\t<img decoding=\"async\" width=\"200\" height=\"200\" src=\"https:\/\/vee.energy\/wp-content\/uploads\/vee_Geschaeftsfuehrung_Fritsche_2.jpg\" class=\"attachment-full size-full wp-image-16161\" alt=\"vee_Geschaeftsfuehrung_Fritsche_2\" srcset=\"https:\/\/vee.energy\/wp-content\/uploads\/vee_Geschaeftsfuehrung_Fritsche_2.jpg 200w, https:\/\/vee.energy\/wp-content\/uploads\/vee_Geschaeftsfuehrung_Fritsche_2-150x150.jpg 150w\" sizes=\"(max-width: 200px) 100vw, 200px\" \/>\t\t\t\t\t\t<\/div>\n\t\t\t\t\t\n\t\t\t\t\t\t\t\t\t\t<div class=\"elementor-testimonial-details\">\n\t\t\t\t\t\t\t\t\t\t\t\t\t\t<div class=\"elementor-testimonial-name\">In\u017cynier Andreas Fritsche <\/div>\n\t\t\t\t\t\t\t\t\t\t\t\t\t\t\t\t\t\t\t\t\t\t<div class=\"elementor-testimonial-job\">W\u0142a\u015bciciel | Zarz\u0105dzanie <br>Technologia i Innowacje<\/div>\n\t\t\t\t\t\t\t\t\t\t\t\t\t<\/div>\n\t\t\t\t\t\t\t\t\t<\/div>\n\t\t\t<\/div>\n\t\t\t\t\t<\/div>\n\t\t\t\t\t\t<\/div>\n\t\t\t\t<\/div>\n\t\t\t\t\t<\/div>\n\t\t<\/div>\n\t\t\t\t\t<\/div>\n\t\t<\/section>\n\t\t\t\t<\/div>\n\t\t","protected":false},"excerpt":{"rendered":"<p>vee GmbH Historia Tradycja zobowi\u0105zuje Historia i za\u0142o\u017cenia Jednym z g\u0142\u00f3wnych powod\u00f3w tego rozwoju by\u0142y pocz\u0105tkowo wymagania energetyczne w\u0142a\u015bciciela tartaku. Maszyny potrzebowa\u0142y du\u017cej ilo\u015bci energii elektrycznej, a suszenie tarcicy wymaga\u0142o du\u017cej ilo\u015bci ciep\u0142a. Poniewa\u017c zapotrzebowanie na ciep\u0142o by\u0142o zbyt niskie dla ekonomicznej pracy turbiny parowej, poszukiwania optymalnego rozwi\u0105zania d\u0142ugo nie przynosi\u0142y rezultat\u00f3w. &nbsp;Poniewa\u017c na rynku [&hellip;]<\/p>\n","protected":false},"author":2,"featured_media":0,"parent":19759,"menu_order":0,"comment_status":"closed","ping_status":"closed","template":"","meta":{"ocean_post_layout":"","ocean_both_sidebars_style":"","ocean_both_sidebars_content_width":0,"ocean_both_sidebars_sidebars_width":0,"ocean_sidebar":"","ocean_second_sidebar":"","ocean_disable_margins":"enable","ocean_add_body_class":"","ocean_shortcode_before_top_bar":"","ocean_shortcode_after_top_bar":"","ocean_shortcode_before_header":"","ocean_shortcode_after_header":"","ocean_has_shortcode":"","ocean_shortcode_after_title":"","ocean_shortcode_before_footer_widgets":"","ocean_shortcode_after_footer_widgets":"","ocean_shortcode_before_footer_bottom":"","ocean_shortcode_after_footer_bottom":"","ocean_display_top_bar":"default","ocean_display_header":"default","ocean_header_style":"","ocean_center_header_left_menu":"","ocean_custom_header_template":"","ocean_custom_logo":0,"ocean_custom_retina_logo":0,"ocean_custom_logo_max_width":0,"ocean_custom_logo_tablet_max_width":0,"ocean_custom_logo_mobile_max_width":0,"ocean_custom_logo_max_height":0,"ocean_custom_logo_tablet_max_height":0,"ocean_custom_logo_mobile_max_height":0,"ocean_header_custom_menu":"","ocean_menu_typo_font_family":"","ocean_menu_typo_font_subset":"","ocean_menu_typo_font_size":0,"ocean_menu_typo_font_size_tablet":0,"ocean_menu_typo_font_size_mobile":0,"ocean_menu_typo_font_size_unit":"px","ocean_menu_typo_font_weight":"","ocean_menu_typo_font_weight_tablet":"","ocean_menu_typo_font_weight_mobile":"","ocean_menu_typo_transform":"","ocean_menu_typo_transform_tablet":"","ocean_menu_typo_transform_mobile":"","ocean_menu_typo_line_height":0,"ocean_menu_typo_line_height_tablet":0,"ocean_menu_typo_line_height_mobile":0,"ocean_menu_typo_line_height_unit":"","ocean_menu_typo_spacing":0,"ocean_menu_typo_spacing_tablet":0,"ocean_menu_typo_spacing_mobile":0,"ocean_menu_typo_spacing_unit":"","ocean_menu_link_color":"","ocean_menu_link_color_hover":"","ocean_menu_link_color_active":"","ocean_menu_link_background":"","ocean_menu_link_hover_background":"","ocean_menu_link_active_background":"","ocean_menu_social_links_bg":"","ocean_menu_social_hover_links_bg":"","ocean_menu_social_links_color":"","ocean_menu_social_hover_links_color":"","ocean_disable_title":"default","ocean_disable_heading":"default","ocean_post_title":"","ocean_post_subheading":"","ocean_post_title_style":"","ocean_post_title_background_color":"","ocean_post_title_background":0,"ocean_post_title_bg_image_position":"","ocean_post_title_bg_image_attachment":"","ocean_post_title_bg_image_repeat":"","ocean_post_title_bg_image_size":"","ocean_post_title_height":0,"ocean_post_title_bg_overlay":0.5,"ocean_post_title_bg_overlay_color":"","ocean_disable_breadcrumbs":"default","ocean_breadcrumbs_color":"","ocean_breadcrumbs_separator_color":"","ocean_breadcrumbs_links_color":"","ocean_breadcrumbs_links_hover_color":"","ocean_display_footer_widgets":"default","ocean_display_footer_bottom":"default","ocean_custom_footer_template":"","footnotes":""},"class_list":["post-19644","page","type-page","status-publish","hentry","entry"],"yoast_head":"<!-- This site is optimized with the Yoast SEO plugin v27.3 - https:\/\/yoast.com\/product\/yoast-seo-wordpress\/ -->\n<title>Historia - vee - valuable ecological energy<\/title>\n<meta name=\"description\" content=\"Jednym z g\u0142\u00f3wnych powod\u00f3w tego rozwoju by\u0142o pocz\u0105tkowo zapotrzebowanie na energi\u0119 tartaku w\u0142a\u015bciciela.\" \/>\n<meta name=\"robots\" content=\"index, follow, max-snippet:-1, max-image-preview:large, max-video-preview:-1\" \/>\n<link rel=\"canonical\" href=\"https:\/\/vee.energy\/pl\/firma\/historia\/\" \/>\n<meta property=\"og:locale\" content=\"pl_PL\" \/>\n<meta property=\"og:type\" content=\"article\" \/>\n<meta property=\"og:title\" content=\"Historia - vee - valuable ecological energy\" \/>\n<meta property=\"og:description\" content=\"Jednym z g\u0142\u00f3wnych powod\u00f3w tego rozwoju by\u0142o pocz\u0105tkowo zapotrzebowanie na energi\u0119 tartaku w\u0142a\u015bciciela.\" \/>\n<meta property=\"og:url\" content=\"https:\/\/vee.energy\/pl\/firma\/historia\/\" \/>\n<meta property=\"og:site_name\" content=\"vee - valuable ecological energy\" \/>\n<meta property=\"article:modified_time\" content=\"2025-12-01T15:38:37+00:00\" \/>\n<meta property=\"og:image\" content=\"https:\/\/vee.energy\/wp-content\/uploads\/vee_Geschaeftsfuehrung_Fritsche_2.jpg\" \/>\n\t<meta property=\"og:image:width\" content=\"200\" \/>\n\t<meta property=\"og:image:height\" content=\"200\" \/>\n\t<meta property=\"og:image:type\" content=\"image\/jpeg\" \/>\n<meta name=\"twitter:card\" content=\"summary_large_image\" \/>\n<meta name=\"twitter:label1\" content=\"Szacowany czas czytania\" \/>\n\t<meta name=\"twitter:data1\" content=\"2 minuty\" \/>\n<script type=\"application\/ld+json\" class=\"yoast-schema-graph\">{\"@context\":\"https:\\\/\\\/schema.org\",\"@graph\":[{\"@type\":\"WebPage\",\"@id\":\"https:\\\/\\\/vee.energy\\\/pl\\\/firma\\\/historia\\\/\",\"url\":\"https:\\\/\\\/vee.energy\\\/pl\\\/firma\\\/historia\\\/\",\"name\":\"Historia - vee - valuable ecological energy\",\"isPartOf\":{\"@id\":\"https:\\\/\\\/vee.energy\\\/pl\\\/#website\"},\"primaryImageOfPage\":{\"@id\":\"https:\\\/\\\/vee.energy\\\/pl\\\/firma\\\/historia\\\/#primaryimage\"},\"image\":{\"@id\":\"https:\\\/\\\/vee.energy\\\/pl\\\/firma\\\/historia\\\/#primaryimage\"},\"thumbnailUrl\":\"https:\\\/\\\/vee.energy\\\/wp-content\\\/uploads\\\/vee_Geschaeftsfuehrung_Fritsche_2.jpg\",\"datePublished\":\"2022-01-18T07:07:39+00:00\",\"dateModified\":\"2025-12-01T15:38:37+00:00\",\"description\":\"Jednym z g\u0142\u00f3wnych powod\u00f3w tego rozwoju by\u0142o pocz\u0105tkowo zapotrzebowanie na energi\u0119 tartaku w\u0142a\u015bciciela.\",\"breadcrumb\":{\"@id\":\"https:\\\/\\\/vee.energy\\\/pl\\\/firma\\\/historia\\\/#breadcrumb\"},\"inLanguage\":\"pl-PL\",\"potentialAction\":[{\"@type\":\"ReadAction\",\"target\":[\"https:\\\/\\\/vee.energy\\\/pl\\\/firma\\\/historia\\\/\"]}]},{\"@type\":\"ImageObject\",\"inLanguage\":\"pl-PL\",\"@id\":\"https:\\\/\\\/vee.energy\\\/pl\\\/firma\\\/historia\\\/#primaryimage\",\"url\":\"https:\\\/\\\/vee.energy\\\/wp-content\\\/uploads\\\/vee_Geschaeftsfuehrung_Fritsche_2.jpg\",\"contentUrl\":\"https:\\\/\\\/vee.energy\\\/wp-content\\\/uploads\\\/vee_Geschaeftsfuehrung_Fritsche_2.jpg\"},{\"@type\":\"BreadcrumbList\",\"@id\":\"https:\\\/\\\/vee.energy\\\/pl\\\/firma\\\/historia\\\/#breadcrumb\",\"itemListElement\":[{\"@type\":\"ListItem\",\"position\":1,\"name\":\"Startseite\",\"item\":\"https:\\\/\\\/vee.energy\\\/pl\\\/\"},{\"@type\":\"ListItem\",\"position\":2,\"name\":\"Firma\",\"item\":\"https:\\\/\\\/vee.energy\\\/pl\\\/firma\\\/\"},{\"@type\":\"ListItem\",\"position\":3,\"name\":\"Historia\"}]},{\"@type\":\"WebSite\",\"@id\":\"https:\\\/\\\/vee.energy\\\/pl\\\/#website\",\"url\":\"https:\\\/\\\/vee.energy\\\/pl\\\/\",\"name\":\"vee - valuable ecological energy\",\"description\":\"Hackschnitzel BHKW - Holzgas KWK Anlagen\",\"publisher\":{\"@id\":\"https:\\\/\\\/vee.energy\\\/pl\\\/#organization\"},\"potentialAction\":[{\"@type\":\"SearchAction\",\"target\":{\"@type\":\"EntryPoint\",\"urlTemplate\":\"https:\\\/\\\/vee.energy\\\/pl\\\/?s={search_term_string}\"},\"query-input\":{\"@type\":\"PropertyValueSpecification\",\"valueRequired\":true,\"valueName\":\"search_term_string\"}}],\"inLanguage\":\"pl-PL\"},{\"@type\":\"Organization\",\"@id\":\"https:\\\/\\\/vee.energy\\\/pl\\\/#organization\",\"name\":\"vee - valuable ecological energy\",\"url\":\"https:\\\/\\\/vee.energy\\\/pl\\\/\",\"logo\":{\"@type\":\"ImageObject\",\"inLanguage\":\"pl-PL\",\"@id\":\"https:\\\/\\\/vee.energy\\\/pl\\\/#\\\/schema\\\/logo\\\/image\\\/\",\"url\":\"https:\\\/\\\/vee.energy\\\/wp-content\\\/uploads\\\/cropped-VEE_rgb_300dpi_mit-claim-1.jpg\",\"contentUrl\":\"https:\\\/\\\/vee.energy\\\/wp-content\\\/uploads\\\/cropped-VEE_rgb_300dpi_mit-claim-1.jpg\",\"width\":1920,\"height\":545,\"caption\":\"vee - valuable ecological energy\"},\"image\":{\"@id\":\"https:\\\/\\\/vee.energy\\\/pl\\\/#\\\/schema\\\/logo\\\/image\\\/\"}}]}<\/script>\n<!-- \/ Yoast SEO plugin. -->","yoast_head_json":{"title":"Historia - vee - valuable ecological energy","description":"Jednym z g\u0142\u00f3wnych powod\u00f3w tego rozwoju by\u0142o pocz\u0105tkowo zapotrzebowanie na energi\u0119 tartaku w\u0142a\u015bciciela.","robots":{"index":"index","follow":"follow","max-snippet":"max-snippet:-1","max-image-preview":"max-image-preview:large","max-video-preview":"max-video-preview:-1"},"canonical":"https:\/\/vee.energy\/pl\/firma\/historia\/","og_locale":"pl_PL","og_type":"article","og_title":"Historia - vee - valuable ecological energy","og_description":"Jednym z g\u0142\u00f3wnych powod\u00f3w tego rozwoju by\u0142o pocz\u0105tkowo zapotrzebowanie na energi\u0119 tartaku w\u0142a\u015bciciela.","og_url":"https:\/\/vee.energy\/pl\/firma\/historia\/","og_site_name":"vee - valuable ecological energy","article_modified_time":"2025-12-01T15:38:37+00:00","og_image":[{"width":200,"height":200,"url":"https:\/\/vee.energy\/wp-content\/uploads\/vee_Geschaeftsfuehrung_Fritsche_2.jpg","type":"image\/jpeg"}],"twitter_card":"summary_large_image","twitter_misc":{"Szacowany czas czytania":"2 minuty"},"schema":{"@context":"https:\/\/schema.org","@graph":[{"@type":"WebPage","@id":"https:\/\/vee.energy\/pl\/firma\/historia\/","url":"https:\/\/vee.energy\/pl\/firma\/historia\/","name":"Historia - vee - valuable ecological energy","isPartOf":{"@id":"https:\/\/vee.energy\/pl\/#website"},"primaryImageOfPage":{"@id":"https:\/\/vee.energy\/pl\/firma\/historia\/#primaryimage"},"image":{"@id":"https:\/\/vee.energy\/pl\/firma\/historia\/#primaryimage"},"thumbnailUrl":"https:\/\/vee.energy\/wp-content\/uploads\/vee_Geschaeftsfuehrung_Fritsche_2.jpg","datePublished":"2022-01-18T07:07:39+00:00","dateModified":"2025-12-01T15:38:37+00:00","description":"Jednym z g\u0142\u00f3wnych powod\u00f3w tego rozwoju by\u0142o pocz\u0105tkowo zapotrzebowanie na energi\u0119 tartaku w\u0142a\u015bciciela.","breadcrumb":{"@id":"https:\/\/vee.energy\/pl\/firma\/historia\/#breadcrumb"},"inLanguage":"pl-PL","potentialAction":[{"@type":"ReadAction","target":["https:\/\/vee.energy\/pl\/firma\/historia\/"]}]},{"@type":"ImageObject","inLanguage":"pl-PL","@id":"https:\/\/vee.energy\/pl\/firma\/historia\/#primaryimage","url":"https:\/\/vee.energy\/wp-content\/uploads\/vee_Geschaeftsfuehrung_Fritsche_2.jpg","contentUrl":"https:\/\/vee.energy\/wp-content\/uploads\/vee_Geschaeftsfuehrung_Fritsche_2.jpg"},{"@type":"BreadcrumbList","@id":"https:\/\/vee.energy\/pl\/firma\/historia\/#breadcrumb","itemListElement":[{"@type":"ListItem","position":1,"name":"Startseite","item":"https:\/\/vee.energy\/pl\/"},{"@type":"ListItem","position":2,"name":"Firma","item":"https:\/\/vee.energy\/pl\/firma\/"},{"@type":"ListItem","position":3,"name":"Historia"}]},{"@type":"WebSite","@id":"https:\/\/vee.energy\/pl\/#website","url":"https:\/\/vee.energy\/pl\/","name":"vee - valuable ecological energy","description":"Hackschnitzel BHKW - Holzgas KWK Anlagen","publisher":{"@id":"https:\/\/vee.energy\/pl\/#organization"},"potentialAction":[{"@type":"SearchAction","target":{"@type":"EntryPoint","urlTemplate":"https:\/\/vee.energy\/pl\/?s={search_term_string}"},"query-input":{"@type":"PropertyValueSpecification","valueRequired":true,"valueName":"search_term_string"}}],"inLanguage":"pl-PL"},{"@type":"Organization","@id":"https:\/\/vee.energy\/pl\/#organization","name":"vee - valuable ecological energy","url":"https:\/\/vee.energy\/pl\/","logo":{"@type":"ImageObject","inLanguage":"pl-PL","@id":"https:\/\/vee.energy\/pl\/#\/schema\/logo\/image\/","url":"https:\/\/vee.energy\/wp-content\/uploads\/cropped-VEE_rgb_300dpi_mit-claim-1.jpg","contentUrl":"https:\/\/vee.energy\/wp-content\/uploads\/cropped-VEE_rgb_300dpi_mit-claim-1.jpg","width":1920,"height":545,"caption":"vee - valuable ecological energy"},"image":{"@id":"https:\/\/vee.energy\/pl\/#\/schema\/logo\/image\/"}}]}},"_links":{"self":[{"href":"https:\/\/vee.energy\/pl\/wp-json\/wp\/v2\/pages\/19644","targetHints":{"allow":["GET"]}}],"collection":[{"href":"https:\/\/vee.energy\/pl\/wp-json\/wp\/v2\/pages"}],"about":[{"href":"https:\/\/vee.energy\/pl\/wp-json\/wp\/v2\/types\/page"}],"author":[{"embeddable":true,"href":"https:\/\/vee.energy\/pl\/wp-json\/wp\/v2\/users\/2"}],"replies":[{"embeddable":true,"href":"https:\/\/vee.energy\/pl\/wp-json\/wp\/v2\/comments?post=19644"}],"version-history":[{"count":2,"href":"https:\/\/vee.energy\/pl\/wp-json\/wp\/v2\/pages\/19644\/revisions"}],"predecessor-version":[{"id":19647,"href":"https:\/\/vee.energy\/pl\/wp-json\/wp\/v2\/pages\/19644\/revisions\/19647"}],"up":[{"embeddable":true,"href":"https:\/\/vee.energy\/pl\/wp-json\/wp\/v2\/pages\/19759"}],"wp:attachment":[{"href":"https:\/\/vee.energy\/pl\/wp-json\/wp\/v2\/media?parent=19644"}],"curies":[{"name":"wp","href":"https:\/\/api.w.org\/{rel}","templated":true}]}}