{"id":15664,"date":"2022-01-18T08:07:39","date_gmt":"2022-01-18T07:07:39","guid":{"rendered":"https:\/\/dev.vee.energy\/la-storia\/"},"modified":"2025-12-01T16:38:36","modified_gmt":"2025-12-01T15:38:36","slug":"la-storia","status":"publish","type":"page","link":"https:\/\/vee.energy\/it\/lazienda\/la-storia\/","title":{"rendered":"La storia"},"content":{"rendered":"\t\t<div data-elementor-type=\"wp-page\" data-elementor-id=\"15664\" class=\"elementor elementor-15664 elementor-40\">\n\t\t\t\t\t\t<section class=\"elementor-section elementor-top-section elementor-element elementor-element-50b9ef03 elementor-section-boxed elementor-section-height-default elementor-section-height-default\" data-id=\"50b9ef03\" data-element_type=\"section\" data-e-type=\"section\" data-settings=\"{&quot;background_background&quot;:&quot;classic&quot;}\">\n\t\t\t\t\t\t\t<div class=\"elementor-background-overlay\"><\/div>\n\t\t\t\t\t\t\t<div class=\"elementor-container elementor-column-gap-default\">\n\t\t\t\t\t<div class=\"elementor-column elementor-col-100 elementor-top-column elementor-element elementor-element-3727ccd1\" data-id=\"3727ccd1\" data-element_type=\"column\" data-e-type=\"column\">\n\t\t\t<div class=\"elementor-widget-wrap elementor-element-populated\">\n\t\t\t\t\t\t<div class=\"elementor-element elementor-element-35bfc576 elementor-widget__width-initial elementor-widget elementor-widget-heading\" data-id=\"35bfc576\" data-element_type=\"widget\" data-e-type=\"widget\" data-widget_type=\"heading.default\">\n\t\t\t\t<div class=\"elementor-widget-container\">\n\t\t\t\t\t<h2 class=\"elementor-heading-title elementor-size-default\">vee GmbH<\/h2>\t\t\t\t<\/div>\n\t\t\t\t<\/div>\n\t\t\t\t<div class=\"elementor-element elementor-element-2e3867d7 elementor-widget elementor-widget-heading\" data-id=\"2e3867d7\" data-element_type=\"widget\" data-e-type=\"widget\" data-widget_type=\"heading.default\">\n\t\t\t\t<div class=\"elementor-widget-container\">\n\t\t\t\t\t<h1 class=\"elementor-heading-title elementor-size-default\">La storia<\/h1>\t\t\t\t<\/div>\n\t\t\t\t<\/div>\n\t\t\t\t\t<\/div>\n\t\t<\/div>\n\t\t\t\t\t<\/div>\n\t\t<\/section>\n\t\t\t\t<section class=\"elementor-section elementor-top-section elementor-element elementor-element-6cd0a199 elementor-section-boxed elementor-section-height-default elementor-section-height-default\" data-id=\"6cd0a199\" data-element_type=\"section\" data-e-type=\"section\" data-settings=\"{&quot;background_background&quot;:&quot;classic&quot;}\">\n\t\t\t\t\t\t<div class=\"elementor-container elementor-column-gap-default\">\n\t\t\t\t\t<div class=\"elementor-column elementor-col-100 elementor-top-column elementor-element elementor-element-21497ec5\" data-id=\"21497ec5\" data-element_type=\"column\" data-e-type=\"column\">\n\t\t\t<div class=\"elementor-widget-wrap elementor-element-populated\">\n\t\t\t\t\t\t<section class=\"elementor-section elementor-inner-section elementor-element elementor-element-30724b92 elementor-section-boxed elementor-section-height-default elementor-section-height-default\" data-id=\"30724b92\" data-element_type=\"section\" data-e-type=\"section\">\n\t\t\t\t\t\t<div class=\"elementor-container elementor-column-gap-default\">\n\t\t\t\t\t<div class=\"elementor-column elementor-col-100 elementor-inner-column elementor-element elementor-element-49b98c25\" data-id=\"49b98c25\" data-element_type=\"column\" data-e-type=\"column\">\n\t\t\t<div class=\"elementor-widget-wrap elementor-element-populated\">\n\t\t\t\t\t\t<div class=\"elementor-element elementor-element-349f693e elementor-widget__width-initial elementor-widget-divider--view-line elementor-widget elementor-widget-divider\" data-id=\"349f693e\" data-element_type=\"widget\" data-e-type=\"widget\" data-widget_type=\"divider.default\">\n\t\t\t\t<div class=\"elementor-widget-container\">\n\t\t\t\t\t\t\t<div class=\"elementor-divider\">\n\t\t\t<span class=\"elementor-divider-separator\">\n\t\t\t\t\t\t<\/span>\n\t\t<\/div>\n\t\t\t\t\t\t<\/div>\n\t\t\t\t<\/div>\n\t\t\t\t<div class=\"elementor-element elementor-element-beddfb6 elementor-widget__width-initial elementor-widget elementor-widget-heading\" data-id=\"beddfb6\" data-element_type=\"widget\" data-e-type=\"widget\" data-widget_type=\"heading.default\">\n\t\t\t\t<div class=\"elementor-widget-container\">\n\t\t\t\t\t<h2 class=\"elementor-heading-title elementor-size-default\">La tradizione obbliga<\/h2>\t\t\t\t<\/div>\n\t\t\t\t<\/div>\n\t\t\t\t<div class=\"elementor-element elementor-element-7ecb4a11 elementor-widget elementor-widget-heading\" data-id=\"7ecb4a11\" data-element_type=\"widget\" data-e-type=\"widget\" data-widget_type=\"heading.default\">\n\t\t\t\t<div class=\"elementor-widget-container\">\n\t\t\t\t\t<h2 class=\"elementor-heading-title elementor-size-default\">Storia e fondazione<\/h2>\t\t\t\t<\/div>\n\t\t\t\t<\/div>\n\t\t\t\t<div class=\"elementor-element elementor-element-b136603 elementor-widget elementor-widget-spacer\" data-id=\"b136603\" data-element_type=\"widget\" data-e-type=\"widget\" data-widget_type=\"spacer.default\">\n\t\t\t\t<div class=\"elementor-widget-container\">\n\t\t\t\t\t\t\t<div class=\"elementor-spacer\">\n\t\t\t<div class=\"elementor-spacer-inner\"><\/div>\n\t\t<\/div>\n\t\t\t\t\t\t<\/div>\n\t\t\t\t<\/div>\n\t\t\t\t\t<\/div>\n\t\t<\/div>\n\t\t\t\t\t<\/div>\n\t\t<\/section>\n\t\t\t\t<div class=\"elementor-element elementor-element-72e8b050 elementor-widget elementor-widget-text-editor\" data-id=\"72e8b050\" data-element_type=\"widget\" data-e-type=\"widget\" data-widget_type=\"text-editor.default\">\n\t\t\t\t<div class=\"elementor-widget-container\">\n\t\t\t\t\t\t\t\t\t<p>Uno dei motivi principali di questo sviluppo \u00e8 stato inizialmente il fabbisogno energetico della segheria del proprietario. &nbsp;Erano necessarie grandi quantit\u00e0 di elettricit\u00e0 per le macchine e molto calore per l&#8217;essiccazione del legname segato. Poich\u00e9 il fabbisogno di calore era troppo basso per il funzionamento economico di una turbina a vapore, la ricerca di una soluzione ottimale \u00e8 stata a lungo vana.&nbsp;<span style=\"font-size: 17px; color: var( --e-global-color-text ); letter-spacing: var( --e-global-typography-5f4c817-letter-spacing ); word-spacing: var( --e-global-typography-5f4c817-word-spacing );\">Poich\u00e9 non esisteva una tecnologia valida sul mercato, nel 2010 sono stati avviati i primi tentativi di produrre gas di legna per un motore a gas.&nbsp;<\/span><\/p>\n<p>Le conoscenze disponibili all&#8217;epoca sono servite come base per lo sviluppo di un sistema. Era gi\u00e0 chiaro che un sistema a gas di legna che richiedeva riparazioni quasi ogni giorno ed era soggetto a guasti non era adatto allo scopo. Un ulteriore requisito era che il sistema dovesse funzionare senza problemi con i trucioli di legno standard, comprese le particelle e la corteccia.  &nbsp;<span style=\"font-family: Verdana, sans-serif; font-size: 17px; font-style: normal; font-variant-ligatures: normal; font-variant-caps: normal; font-weight: 400; color: var( --e-global-color-text ); letter-spacing: var( --e-global-typography-5f4c817-letter-spacing ); word-spacing: var( --e-global-typography-5f4c817-word-spacing );\">&nbsp;&nbsp;Questa soluzione deve essere caratterizzata da efficienza, funzionalit\u00e0 e bassa complessit\u00e0.<\/span><\/p>\n<p><span style=\"font-family: Verdana, sans-serif; font-size: 17px; font-style: normal; font-variant-ligatures: normal; font-variant-caps: normal; font-weight: 400;\">Dopo molte serie di test con progressi e battute d&#8217;arresto, alla fine del 2012 era gi\u00e0 stato sviluppato un carburatore il cui sistema di base non \u00e8 praticamente cambiato fino ad oggi. Negli ultimi anni sono stati apportati miglioramenti significativi nell&#8217;area della durata di vita, grazie all&#8217;utilizzo di materiali speciali per le parti fortemente caricate. Anche il concetto di purificazione dei gas si \u00e8 rivelato di grande successo fino ad oggi, con una durata dei filtri superiore a un anno. I motori ad aspirazione naturale originariamente utilizzati sono stati sostituiti da motori turbo nel 2014, che sono significativamente pi\u00f9 efficienti e richiedono meno manutenzione.   <\/span><span style=\"font-family: Verdana, sans-serif; font-size: 17px; font-style: normal; font-variant-ligatures: normal; font-variant-caps: normal; font-weight: 400; color: var( --e-global-color-text ); letter-spacing: var( --e-global-typography-5f4c817-letter-spacing ); word-spacing: var( --e-global-typography-5f4c817-word-spacing );\"><br><\/span><\/p>\t\t\t\t\t\t\t\t<\/div>\n\t\t\t\t<\/div>\n\t\t\t\t\t<\/div>\n\t\t<\/div>\n\t\t\t\t\t<\/div>\n\t\t<\/section>\n\t\t\t\t<section class=\"elementor-section elementor-top-section elementor-element elementor-element-160df1b8 elementor-section-boxed elementor-section-height-default elementor-section-height-default\" data-id=\"160df1b8\" data-element_type=\"section\" data-e-type=\"section\">\n\t\t\t\t\t\t<div class=\"elementor-container elementor-column-gap-default\">\n\t\t\t\t\t<div class=\"elementor-column elementor-col-50 elementor-top-column elementor-element elementor-element-38870761\" data-id=\"38870761\" data-element_type=\"column\" data-e-type=\"column\">\n\t\t\t<div class=\"elementor-widget-wrap elementor-element-populated\">\n\t\t\t\t\t\t<div class=\"elementor-element elementor-element-5ef33dd3 elementor-widget elementor-widget-text-editor\" data-id=\"5ef33dd3\" data-element_type=\"widget\" data-e-type=\"widget\" data-widget_type=\"text-editor.default\">\n\t\t\t\t<div class=\"elementor-widget-container\">\n\t\t\t\t\t\t\t\t\t<p><span style=\"font-size: 17px; color: var( --e-global-color-text ); letter-spacing: var( --e-global-typography-5f4c817-letter-spacing ); word-spacing: var( --e-global-typography-5f4c817-word-spacing );\">Sette anni di sviluppo e diversi sistemi venduti pi\u00f9 tardi, l&#8217;intera divisione di gassificazione della biomassa viene trasferita a vee GmbH nel 2017. Le tre lettere &#8220;vee&#8221; stanno per &#8220;energia ecologica di valore&#8221;. <\/span><\/p>\t\t\t\t\t\t\t\t<\/div>\n\t\t\t\t<\/div>\n\t\t\t\t\t<\/div>\n\t\t<\/div>\n\t\t\t\t<div class=\"elementor-column elementor-col-50 elementor-top-column elementor-element elementor-element-054c6b4\" data-id=\"054c6b4\" data-element_type=\"column\" data-e-type=\"column\">\n\t\t\t<div class=\"elementor-widget-wrap elementor-element-populated\">\n\t\t\t\t\t\t<div class=\"elementor-element elementor-element-721bda2 elementor-widget__width-initial elementor-widget elementor-widget-testimonial\" data-id=\"721bda2\" data-element_type=\"widget\" data-e-type=\"widget\" data-widget_type=\"testimonial.default\">\n\t\t\t\t<div class=\"elementor-widget-container\">\n\t\t\t\t\t\t\t<div class=\"elementor-testimonial-wrapper\">\n\t\t\t\t\t\t\t<div class=\"elementor-testimonial-content\">Oggi, i sistemi funzionano senza problemi per mesi e l'affidabilit\u00e0 supera chiaramente le aspettative iniziali.<\/div>\n\t\t\t\n\t\t\t\t\t\t<div class=\"elementor-testimonial-meta elementor-has-image elementor-testimonial-image-position-aside\">\n\t\t\t\t<div class=\"elementor-testimonial-meta-inner\">\n\t\t\t\t\t\t\t\t\t\t\t<div class=\"elementor-testimonial-image\">\n\t\t\t\t\t\t\t<img decoding=\"async\" width=\"200\" height=\"200\" src=\"https:\/\/vee.energy\/wp-content\/uploads\/vee_Geschaeftsfuehrung_Fritsche_2.jpg\" class=\"attachment-full size-full wp-image-16161\" alt=\"vee_Geschaeftsfuehrung_Fritsche_2\" srcset=\"https:\/\/vee.energy\/wp-content\/uploads\/vee_Geschaeftsfuehrung_Fritsche_2.jpg 200w, https:\/\/vee.energy\/wp-content\/uploads\/vee_Geschaeftsfuehrung_Fritsche_2-150x150.jpg 150w\" sizes=\"(max-width: 200px) 100vw, 200px\" \/>\t\t\t\t\t\t<\/div>\n\t\t\t\t\t\n\t\t\t\t\t\t\t\t\t\t<div class=\"elementor-testimonial-details\">\n\t\t\t\t\t\t\t\t\t\t\t\t\t\t<div class=\"elementor-testimonial-name\">Ingegnere Andreas Fritsche <\/div>\n\t\t\t\t\t\t\t\t\t\t\t\t\t\t\t\t\t\t\t\t\t\t<div class=\"elementor-testimonial-job\"><br>Proprietario | Tecnologia di gestione e innovazioni<\/div>\n\t\t\t\t\t\t\t\t\t\t\t\t\t<\/div>\n\t\t\t\t\t\t\t\t\t<\/div>\n\t\t\t<\/div>\n\t\t\t\t\t<\/div>\n\t\t\t\t\t\t<\/div>\n\t\t\t\t<\/div>\n\t\t\t\t\t<\/div>\n\t\t<\/div>\n\t\t\t\t\t<\/div>\n\t\t<\/section>\n\t\t\t\t<\/div>\n\t\t","protected":false},"excerpt":{"rendered":"<p>vee GmbH La storia La tradizione obbliga Storia e fondazione Uno dei motivi principali di questo sviluppo \u00e8 stato inizialmente il fabbisogno energetico della segheria del proprietario. &nbsp;Erano necessarie grandi quantit\u00e0 di elettricit\u00e0 per le macchine e molto calore per l&#8217;essiccazione del legname segato. Poich\u00e9 il fabbisogno di calore era troppo basso per il funzionamento [&hellip;]<\/p>\n","protected":false},"author":2,"featured_media":0,"parent":15646,"menu_order":0,"comment_status":"closed","ping_status":"closed","template":"","meta":{"ocean_post_layout":"","ocean_both_sidebars_style":"","ocean_both_sidebars_content_width":0,"ocean_both_sidebars_sidebars_width":0,"ocean_sidebar":"","ocean_second_sidebar":"","ocean_disable_margins":"enable","ocean_add_body_class":"","ocean_shortcode_before_top_bar":"","ocean_shortcode_after_top_bar":"","ocean_shortcode_before_header":"","ocean_shortcode_after_header":"","ocean_has_shortcode":"","ocean_shortcode_after_title":"","ocean_shortcode_before_footer_widgets":"","ocean_shortcode_after_footer_widgets":"","ocean_shortcode_before_footer_bottom":"","ocean_shortcode_after_footer_bottom":"","ocean_display_top_bar":"default","ocean_display_header":"default","ocean_header_style":"","ocean_center_header_left_menu":"","ocean_custom_header_template":"","ocean_custom_logo":0,"ocean_custom_retina_logo":0,"ocean_custom_logo_max_width":0,"ocean_custom_logo_tablet_max_width":0,"ocean_custom_logo_mobile_max_width":0,"ocean_custom_logo_max_height":0,"ocean_custom_logo_tablet_max_height":0,"ocean_custom_logo_mobile_max_height":0,"ocean_header_custom_menu":"","ocean_menu_typo_font_family":"","ocean_menu_typo_font_subset":"","ocean_menu_typo_font_size":0,"ocean_menu_typo_font_size_tablet":0,"ocean_menu_typo_font_size_mobile":0,"ocean_menu_typo_font_size_unit":"px","ocean_menu_typo_font_weight":"","ocean_menu_typo_font_weight_tablet":"","ocean_menu_typo_font_weight_mobile":"","ocean_menu_typo_transform":"","ocean_menu_typo_transform_tablet":"","ocean_menu_typo_transform_mobile":"","ocean_menu_typo_line_height":0,"ocean_menu_typo_line_height_tablet":0,"ocean_menu_typo_line_height_mobile":0,"ocean_menu_typo_line_height_unit":"","ocean_menu_typo_spacing":0,"ocean_menu_typo_spacing_tablet":0,"ocean_menu_typo_spacing_mobile":0,"ocean_menu_typo_spacing_unit":"","ocean_menu_link_color":"","ocean_menu_link_color_hover":"","ocean_menu_link_color_active":"","ocean_menu_link_background":"","ocean_menu_link_hover_background":"","ocean_menu_link_active_background":"","ocean_menu_social_links_bg":"","ocean_menu_social_hover_links_bg":"","ocean_menu_social_links_color":"","ocean_menu_social_hover_links_color":"","ocean_disable_title":"default","ocean_disable_heading":"default","ocean_post_title":"","ocean_post_subheading":"","ocean_post_title_style":"","ocean_post_title_background_color":"","ocean_post_title_background":0,"ocean_post_title_bg_image_position":"","ocean_post_title_bg_image_attachment":"","ocean_post_title_bg_image_repeat":"","ocean_post_title_bg_image_size":"","ocean_post_title_height":0,"ocean_post_title_bg_overlay":0.5,"ocean_post_title_bg_overlay_color":"","ocean_disable_breadcrumbs":"default","ocean_breadcrumbs_color":"","ocean_breadcrumbs_separator_color":"","ocean_breadcrumbs_links_color":"","ocean_breadcrumbs_links_hover_color":"","ocean_display_footer_widgets":"default","ocean_display_footer_bottom":"default","ocean_custom_footer_template":"","footnotes":""},"class_list":["post-15664","page","type-page","status-publish","hentry","entry"],"yoast_head":"<!-- This site is optimized with the Yoast SEO plugin v27.3 - https:\/\/yoast.com\/product\/yoast-seo-wordpress\/ -->\n<title>La storia - vee - valuable ecological energy<\/title>\n<meta name=\"description\" content=\"Uno dei motivi principali di questo sviluppo \u00e8 stato inizialmente il fabbisogno energetico della segheria del proprietario.\" \/>\n<meta name=\"robots\" content=\"index, follow, max-snippet:-1, max-image-preview:large, max-video-preview:-1\" \/>\n<link rel=\"canonical\" href=\"https:\/\/vee.energy\/it\/lazienda\/la-storia\/\" \/>\n<meta property=\"og:locale\" content=\"it_IT\" \/>\n<meta property=\"og:type\" content=\"article\" \/>\n<meta property=\"og:title\" content=\"La storia - vee - valuable ecological energy\" \/>\n<meta property=\"og:description\" content=\"Uno dei motivi principali di questo sviluppo \u00e8 stato inizialmente il fabbisogno energetico della segheria del proprietario.\" \/>\n<meta property=\"og:url\" content=\"https:\/\/vee.energy\/it\/lazienda\/la-storia\/\" \/>\n<meta property=\"og:site_name\" content=\"vee - valuable ecological energy\" \/>\n<meta property=\"article:modified_time\" content=\"2025-12-01T15:38:36+00:00\" \/>\n<meta property=\"og:image\" content=\"https:\/\/vee.energy\/wp-content\/uploads\/vee_Geschaeftsfuehrung_Fritsche_2.jpg\" \/>\n\t<meta property=\"og:image:width\" content=\"200\" \/>\n\t<meta property=\"og:image:height\" content=\"200\" \/>\n\t<meta property=\"og:image:type\" content=\"image\/jpeg\" \/>\n<meta name=\"twitter:card\" content=\"summary_large_image\" \/>\n<meta name=\"twitter:label1\" content=\"Tempo di lettura stimato\" \/>\n\t<meta name=\"twitter:data1\" content=\"3 minuti\" \/>\n<script type=\"application\/ld+json\" class=\"yoast-schema-graph\">{\"@context\":\"https:\\\/\\\/schema.org\",\"@graph\":[{\"@type\":\"WebPage\",\"@id\":\"https:\\\/\\\/vee.energy\\\/it\\\/lazienda\\\/la-storia\\\/\",\"url\":\"https:\\\/\\\/vee.energy\\\/it\\\/lazienda\\\/la-storia\\\/\",\"name\":\"La storia - vee - valuable ecological energy\",\"isPartOf\":{\"@id\":\"https:\\\/\\\/vee.energy\\\/it\\\/#website\"},\"primaryImageOfPage\":{\"@id\":\"https:\\\/\\\/vee.energy\\\/it\\\/lazienda\\\/la-storia\\\/#primaryimage\"},\"image\":{\"@id\":\"https:\\\/\\\/vee.energy\\\/it\\\/lazienda\\\/la-storia\\\/#primaryimage\"},\"thumbnailUrl\":\"https:\\\/\\\/vee.energy\\\/wp-content\\\/uploads\\\/vee_Geschaeftsfuehrung_Fritsche_2.jpg\",\"datePublished\":\"2022-01-18T07:07:39+00:00\",\"dateModified\":\"2025-12-01T15:38:36+00:00\",\"description\":\"Uno dei motivi principali di questo sviluppo \u00e8 stato inizialmente il fabbisogno energetico della segheria del proprietario.\",\"breadcrumb\":{\"@id\":\"https:\\\/\\\/vee.energy\\\/it\\\/lazienda\\\/la-storia\\\/#breadcrumb\"},\"inLanguage\":\"it-IT\",\"potentialAction\":[{\"@type\":\"ReadAction\",\"target\":[\"https:\\\/\\\/vee.energy\\\/it\\\/lazienda\\\/la-storia\\\/\"]}]},{\"@type\":\"ImageObject\",\"inLanguage\":\"it-IT\",\"@id\":\"https:\\\/\\\/vee.energy\\\/it\\\/lazienda\\\/la-storia\\\/#primaryimage\",\"url\":\"https:\\\/\\\/vee.energy\\\/wp-content\\\/uploads\\\/vee_Geschaeftsfuehrung_Fritsche_2.jpg\",\"contentUrl\":\"https:\\\/\\\/vee.energy\\\/wp-content\\\/uploads\\\/vee_Geschaeftsfuehrung_Fritsche_2.jpg\"},{\"@type\":\"BreadcrumbList\",\"@id\":\"https:\\\/\\\/vee.energy\\\/it\\\/lazienda\\\/la-storia\\\/#breadcrumb\",\"itemListElement\":[{\"@type\":\"ListItem\",\"position\":1,\"name\":\"Startseite\",\"item\":\"https:\\\/\\\/vee.energy\\\/it\\\/\"},{\"@type\":\"ListItem\",\"position\":2,\"name\":\"L&#8217;azienda\",\"item\":\"https:\\\/\\\/vee.energy\\\/it\\\/lazienda\\\/\"},{\"@type\":\"ListItem\",\"position\":3,\"name\":\"La storia\"}]},{\"@type\":\"WebSite\",\"@id\":\"https:\\\/\\\/vee.energy\\\/it\\\/#website\",\"url\":\"https:\\\/\\\/vee.energy\\\/it\\\/\",\"name\":\"vee - valuable ecological energy\",\"description\":\"Hackschnitzel BHKW - Holzgas KWK Anlagen\",\"publisher\":{\"@id\":\"https:\\\/\\\/vee.energy\\\/it\\\/#organization\"},\"potentialAction\":[{\"@type\":\"SearchAction\",\"target\":{\"@type\":\"EntryPoint\",\"urlTemplate\":\"https:\\\/\\\/vee.energy\\\/it\\\/?s={search_term_string}\"},\"query-input\":{\"@type\":\"PropertyValueSpecification\",\"valueRequired\":true,\"valueName\":\"search_term_string\"}}],\"inLanguage\":\"it-IT\"},{\"@type\":\"Organization\",\"@id\":\"https:\\\/\\\/vee.energy\\\/it\\\/#organization\",\"name\":\"vee - valuable ecological energy\",\"url\":\"https:\\\/\\\/vee.energy\\\/it\\\/\",\"logo\":{\"@type\":\"ImageObject\",\"inLanguage\":\"it-IT\",\"@id\":\"https:\\\/\\\/vee.energy\\\/it\\\/#\\\/schema\\\/logo\\\/image\\\/\",\"url\":\"https:\\\/\\\/vee.energy\\\/wp-content\\\/uploads\\\/cropped-VEE_rgb_300dpi_mit-claim-1.jpg\",\"contentUrl\":\"https:\\\/\\\/vee.energy\\\/wp-content\\\/uploads\\\/cropped-VEE_rgb_300dpi_mit-claim-1.jpg\",\"width\":1920,\"height\":545,\"caption\":\"vee - valuable ecological energy\"},\"image\":{\"@id\":\"https:\\\/\\\/vee.energy\\\/it\\\/#\\\/schema\\\/logo\\\/image\\\/\"}}]}<\/script>\n<!-- \/ Yoast SEO plugin. -->","yoast_head_json":{"title":"La storia - vee - valuable ecological energy","description":"Uno dei motivi principali di questo sviluppo \u00e8 stato inizialmente il fabbisogno energetico della segheria del proprietario.","robots":{"index":"index","follow":"follow","max-snippet":"max-snippet:-1","max-image-preview":"max-image-preview:large","max-video-preview":"max-video-preview:-1"},"canonical":"https:\/\/vee.energy\/it\/lazienda\/la-storia\/","og_locale":"it_IT","og_type":"article","og_title":"La storia - vee - valuable ecological energy","og_description":"Uno dei motivi principali di questo sviluppo \u00e8 stato inizialmente il fabbisogno energetico della segheria del proprietario.","og_url":"https:\/\/vee.energy\/it\/lazienda\/la-storia\/","og_site_name":"vee - valuable ecological energy","article_modified_time":"2025-12-01T15:38:36+00:00","og_image":[{"width":200,"height":200,"url":"https:\/\/vee.energy\/wp-content\/uploads\/vee_Geschaeftsfuehrung_Fritsche_2.jpg","type":"image\/jpeg"}],"twitter_card":"summary_large_image","twitter_misc":{"Tempo di lettura stimato":"3 minuti"},"schema":{"@context":"https:\/\/schema.org","@graph":[{"@type":"WebPage","@id":"https:\/\/vee.energy\/it\/lazienda\/la-storia\/","url":"https:\/\/vee.energy\/it\/lazienda\/la-storia\/","name":"La storia - vee - valuable ecological energy","isPartOf":{"@id":"https:\/\/vee.energy\/it\/#website"},"primaryImageOfPage":{"@id":"https:\/\/vee.energy\/it\/lazienda\/la-storia\/#primaryimage"},"image":{"@id":"https:\/\/vee.energy\/it\/lazienda\/la-storia\/#primaryimage"},"thumbnailUrl":"https:\/\/vee.energy\/wp-content\/uploads\/vee_Geschaeftsfuehrung_Fritsche_2.jpg","datePublished":"2022-01-18T07:07:39+00:00","dateModified":"2025-12-01T15:38:36+00:00","description":"Uno dei motivi principali di questo sviluppo \u00e8 stato inizialmente il fabbisogno energetico della segheria del proprietario.","breadcrumb":{"@id":"https:\/\/vee.energy\/it\/lazienda\/la-storia\/#breadcrumb"},"inLanguage":"it-IT","potentialAction":[{"@type":"ReadAction","target":["https:\/\/vee.energy\/it\/lazienda\/la-storia\/"]}]},{"@type":"ImageObject","inLanguage":"it-IT","@id":"https:\/\/vee.energy\/it\/lazienda\/la-storia\/#primaryimage","url":"https:\/\/vee.energy\/wp-content\/uploads\/vee_Geschaeftsfuehrung_Fritsche_2.jpg","contentUrl":"https:\/\/vee.energy\/wp-content\/uploads\/vee_Geschaeftsfuehrung_Fritsche_2.jpg"},{"@type":"BreadcrumbList","@id":"https:\/\/vee.energy\/it\/lazienda\/la-storia\/#breadcrumb","itemListElement":[{"@type":"ListItem","position":1,"name":"Startseite","item":"https:\/\/vee.energy\/it\/"},{"@type":"ListItem","position":2,"name":"L&#8217;azienda","item":"https:\/\/vee.energy\/it\/lazienda\/"},{"@type":"ListItem","position":3,"name":"La storia"}]},{"@type":"WebSite","@id":"https:\/\/vee.energy\/it\/#website","url":"https:\/\/vee.energy\/it\/","name":"vee - valuable ecological energy","description":"Hackschnitzel BHKW - Holzgas KWK Anlagen","publisher":{"@id":"https:\/\/vee.energy\/it\/#organization"},"potentialAction":[{"@type":"SearchAction","target":{"@type":"EntryPoint","urlTemplate":"https:\/\/vee.energy\/it\/?s={search_term_string}"},"query-input":{"@type":"PropertyValueSpecification","valueRequired":true,"valueName":"search_term_string"}}],"inLanguage":"it-IT"},{"@type":"Organization","@id":"https:\/\/vee.energy\/it\/#organization","name":"vee - valuable ecological energy","url":"https:\/\/vee.energy\/it\/","logo":{"@type":"ImageObject","inLanguage":"it-IT","@id":"https:\/\/vee.energy\/it\/#\/schema\/logo\/image\/","url":"https:\/\/vee.energy\/wp-content\/uploads\/cropped-VEE_rgb_300dpi_mit-claim-1.jpg","contentUrl":"https:\/\/vee.energy\/wp-content\/uploads\/cropped-VEE_rgb_300dpi_mit-claim-1.jpg","width":1920,"height":545,"caption":"vee - valuable ecological energy"},"image":{"@id":"https:\/\/vee.energy\/it\/#\/schema\/logo\/image\/"}}]}},"_links":{"self":[{"href":"https:\/\/vee.energy\/it\/wp-json\/wp\/v2\/pages\/15664","targetHints":{"allow":["GET"]}}],"collection":[{"href":"https:\/\/vee.energy\/it\/wp-json\/wp\/v2\/pages"}],"about":[{"href":"https:\/\/vee.energy\/it\/wp-json\/wp\/v2\/types\/page"}],"author":[{"embeddable":true,"href":"https:\/\/vee.energy\/it\/wp-json\/wp\/v2\/users\/2"}],"replies":[{"embeddable":true,"href":"https:\/\/vee.energy\/it\/wp-json\/wp\/v2\/comments?post=15664"}],"version-history":[{"count":8,"href":"https:\/\/vee.energy\/it\/wp-json\/wp\/v2\/pages\/15664\/revisions"}],"predecessor-version":[{"id":19466,"href":"https:\/\/vee.energy\/it\/wp-json\/wp\/v2\/pages\/15664\/revisions\/19466"}],"up":[{"embeddable":true,"href":"https:\/\/vee.energy\/it\/wp-json\/wp\/v2\/pages\/15646"}],"wp:attachment":[{"href":"https:\/\/vee.energy\/it\/wp-json\/wp\/v2\/media?parent=15664"}],"curies":[{"name":"wp","href":"https:\/\/api.w.org\/{rel}","templated":true}]}}