{"id":15655,"date":"2022-01-17T21:13:48","date_gmt":"2022-01-17T20:13:48","guid":{"rendered":"https:\/\/dev.vee.energy\/produzione-interna\/"},"modified":"2025-12-01T16:35:06","modified_gmt":"2025-12-01T15:35:06","slug":"produzione-interna","status":"publish","type":"page","link":"https:\/\/vee.energy\/it\/prodotti\/produzione-interna\/","title":{"rendered":"Produzione interna"},"content":{"rendered":"\t\t<div data-elementor-type=\"wp-page\" data-elementor-id=\"15655\" class=\"elementor elementor-15655 elementor-1489\">\n\t\t\t\t\t\t<section class=\"elementor-section elementor-top-section elementor-element elementor-element-87dedae elementor-section-boxed elementor-section-height-default elementor-section-height-default\" data-id=\"87dedae\" data-element_type=\"section\" data-e-type=\"section\" data-settings=\"{&quot;background_background&quot;:&quot;classic&quot;}\">\n\t\t\t\t\t\t<div class=\"elementor-container elementor-column-gap-default\">\n\t\t\t\t\t<div class=\"elementor-column elementor-col-50 elementor-top-column elementor-element elementor-element-9118dba\" data-id=\"9118dba\" data-element_type=\"column\" data-e-type=\"column\">\n\t\t\t<div class=\"elementor-widget-wrap elementor-element-populated\">\n\t\t\t\t\t\t<section class=\"elementor-section elementor-inner-section elementor-element elementor-element-bc5fb35 elementor-section-boxed elementor-section-height-default elementor-section-height-default\" data-id=\"bc5fb35\" data-element_type=\"section\" data-e-type=\"section\">\n\t\t\t\t\t\t<div class=\"elementor-container elementor-column-gap-default\">\n\t\t\t\t\t<div class=\"elementor-column elementor-col-100 elementor-inner-column elementor-element elementor-element-452f9ed\" data-id=\"452f9ed\" data-element_type=\"column\" data-e-type=\"column\">\n\t\t\t<div class=\"elementor-widget-wrap elementor-element-populated\">\n\t\t\t\t\t\t<div class=\"elementor-element elementor-element-edf8302 elementor-widget__width-initial elementor-widget-divider--view-line elementor-widget elementor-widget-divider\" data-id=\"edf8302\" data-element_type=\"widget\" data-e-type=\"widget\" data-widget_type=\"divider.default\">\n\t\t\t\t<div class=\"elementor-widget-container\">\n\t\t\t\t\t\t\t<div class=\"elementor-divider\">\n\t\t\t<span class=\"elementor-divider-separator\">\n\t\t\t\t\t\t<\/span>\n\t\t<\/div>\n\t\t\t\t\t\t<\/div>\n\t\t\t\t<\/div>\n\t\t\t\t<div class=\"elementor-element elementor-element-0491575 elementor-widget__width-initial elementor-widget elementor-widget-heading\" data-id=\"0491575\" data-element_type=\"widget\" data-e-type=\"widget\" data-widget_type=\"heading.default\">\n\t\t\t\t<div class=\"elementor-widget-container\">\n\t\t\t\t\t<h2 class=\"elementor-heading-title elementor-size-default\">Prodotti<\/h2>\t\t\t\t<\/div>\n\t\t\t\t<\/div>\n\t\t\t\t<div class=\"elementor-element elementor-element-82d304d elementor-widget elementor-widget-heading\" data-id=\"82d304d\" data-element_type=\"widget\" data-e-type=\"widget\" data-widget_type=\"heading.default\">\n\t\t\t\t<div class=\"elementor-widget-container\">\n\t\t\t\t\t<h1 class=\"elementor-heading-title elementor-size-default\">Produzione interna<\/h1>\t\t\t\t<\/div>\n\t\t\t\t<\/div>\n\t\t\t\t<div class=\"elementor-element elementor-element-f72b1f0 elementor-widget elementor-widget-spacer\" data-id=\"f72b1f0\" data-element_type=\"widget\" data-e-type=\"widget\" data-widget_type=\"spacer.default\">\n\t\t\t\t<div class=\"elementor-widget-container\">\n\t\t\t\t\t\t\t<div class=\"elementor-spacer\">\n\t\t\t<div class=\"elementor-spacer-inner\"><\/div>\n\t\t<\/div>\n\t\t\t\t\t\t<\/div>\n\t\t\t\t<\/div>\n\t\t\t\t\t<\/div>\n\t\t<\/div>\n\t\t\t\t\t<\/div>\n\t\t<\/section>\n\t\t\t\t<div class=\"elementor-element elementor-element-141add4 elementor-widget elementor-widget-text-editor\" data-id=\"141add4\" data-element_type=\"widget\" data-e-type=\"widget\" data-widget_type=\"text-editor.default\">\n\t\t\t\t<div class=\"elementor-widget-container\">\n\t\t\t\t\t\t\t\t\t<p>Nel 2021, la produzione interna \u00e8 stata ampliata di un&#8217;area significativa. Ad esempio, i tavoli di saldatura regolabili in altezza facilitano il lavoro dei nostri dipendenti e apportano maggiore efficienza alla produzione. Un ulteriore passo \u00e8 la continua qualificazione del nostro team, in particolare nelle aree della tecnologia di saldatura e dell&#8217;ingegneria elettrica.  <\/p><p>Poich\u00e9 la domanda dei nostri sistemi a gas di legna \u00e8 aumentata costantemente negli ultimi anni, le capacit\u00e0 produttive sono state adeguate in modo continuativo. Un team competente di partner in outsourcing offre ulteriore flessibilit\u00e0.   <\/p>\t\t\t\t\t\t\t\t<\/div>\n\t\t\t\t<\/div>\n\t\t\t\t<div class=\"elementor-element elementor-element-0b961b5 elementor-align-justify elementor-widget elementor-widget-button\" data-id=\"0b961b5\" data-element_type=\"widget\" data-e-type=\"widget\" data-widget_type=\"button.default\">\n\t\t\t\t<div class=\"elementor-widget-container\">\n\t\t\t\t\t\t\t\t\t<div class=\"elementor-button-wrapper\">\n\t\t\t\t\t<a class=\"elementor-button elementor-button-link elementor-size-sm\" href=\"https:\/\/vee.energy\/it\/prodotti\/\">\n\t\t\t\t\t\t<span class=\"elementor-button-content-wrapper\">\n\t\t\t\t\t\t<span class=\"elementor-button-icon\">\n\t\t\t\t<i aria-hidden=\"true\" class=\"fas fa-arrow-alt-circle-right\"><\/i>\t\t\t<\/span>\n\t\t\t\t\t\t\t\t\t<span class=\"elementor-button-text\">Panoramica dei prodotti<\/span>\n\t\t\t\t\t<\/span>\n\t\t\t\t\t<\/a>\n\t\t\t\t<\/div>\n\t\t\t\t\t\t\t\t<\/div>\n\t\t\t\t<\/div>\n\t\t\t\t\t<\/div>\n\t\t<\/div>\n\t\t\t\t<section class=\"elementor-column elementor-col-50 elementor-top-column elementor-element elementor-element-ba6286d\" data-id=\"ba6286d\" data-element_type=\"column\" data-e-type=\"column\" data-settings=\"{&quot;background_background&quot;:&quot;classic&quot;}\">\n\t\t\t<div class=\"elementor-widget-wrap elementor-element-populated\">\n\t\t\t\t\t<div class=\"elementor-background-overlay\"><\/div>\n\t\t\t\t\t\t<div class=\"elementor-element elementor-element-2018bca elementor-arrows-position-inside elementor-pagination-position-outside elementor-widget elementor-widget-image-carousel\" data-id=\"2018bca\" data-element_type=\"widget\" data-e-type=\"widget\" data-settings=\"{&quot;slides_to_show&quot;:&quot;1&quot;,&quot;navigation&quot;:&quot;both&quot;,&quot;autoplay&quot;:&quot;yes&quot;,&quot;pause_on_hover&quot;:&quot;yes&quot;,&quot;pause_on_interaction&quot;:&quot;yes&quot;,&quot;autoplay_speed&quot;:5000,&quot;infinite&quot;:&quot;yes&quot;,&quot;effect&quot;:&quot;slide&quot;,&quot;speed&quot;:500}\" data-widget_type=\"image-carousel.default\">\n\t\t\t\t<div class=\"elementor-widget-container\">\n\t\t\t\t\t\t\t<div class=\"elementor-image-carousel-wrapper swiper\" role=\"region\" aria-roledescription=\"carousel\" aria-label=\"Bild Karussell\" dir=\"ltr\">\n\t\t\t<div class=\"elementor-image-carousel swiper-wrapper\" aria-live=\"off\">\n\t\t\t\t\t\t\t\t<div class=\"swiper-slide\" role=\"group\" aria-roledescription=\"slide\" aria-label=\"1 di 2\"><figure class=\"swiper-slide-inner\"><img decoding=\"async\" class=\"swiper-slide-image\" src=\"https:\/\/vee.energy\/wp-content\/uploads\/elementor\/thumbs\/vee_Produktion_Laserschneiden-qwfgl4h5uoudmxsyv7re1hdisx5vkj8a82ku7effpc.jpg\" alt=\"taglio_laser_di_produzione\" \/><\/figure><\/div><div class=\"swiper-slide\" role=\"group\" aria-roledescription=\"slide\" aria-label=\"2 di 2\"><figure class=\"swiper-slide-inner\"><img decoding=\"async\" class=\"swiper-slide-image\" src=\"https:\/\/vee.energy\/wp-content\/uploads\/elementor\/thumbs\/rahmen_schweissen_web-qwfgkv2rychieu6me3p4cjqwv2g7fk6yus1zemtdfk.jpeg\" alt=\"rahmen_schweissen_web\" \/><\/figure><\/div>\t\t\t<\/div>\n\t\t\t\t\t\t\t\t\t\t\t\t<div class=\"elementor-swiper-button elementor-swiper-button-prev\" role=\"button\" tabindex=\"0\">\n\t\t\t\t\t\t<i aria-hidden=\"true\" class=\"eicon-chevron-left\"><\/i>\t\t\t\t\t<\/div>\n\t\t\t\t\t<div class=\"elementor-swiper-button elementor-swiper-button-next\" role=\"button\" tabindex=\"0\">\n\t\t\t\t\t\t<i aria-hidden=\"true\" class=\"eicon-chevron-right\"><\/i>\t\t\t\t\t<\/div>\n\t\t\t\t\n\t\t\t\t\t\t\t\t\t<div class=\"swiper-pagination\"><\/div>\n\t\t\t\t\t\t\t\t\t<\/div>\n\t\t\t\t\t\t<\/div>\n\t\t\t\t<\/div>\n\t\t\t\t\t<\/div>\n\t\t<\/section>\n\t\t\t\t\t<\/div>\n\t\t<\/section>\n\t\t\t\t<\/div>\n\t\t","protected":false},"excerpt":{"rendered":"<p>Prodotti Produzione interna Nel 2021, la produzione interna \u00e8 stata ampliata di un&#8217;area significativa. Ad esempio, i tavoli di saldatura regolabili in altezza facilitano il lavoro dei nostri dipendenti e apportano maggiore efficienza alla produzione. Un ulteriore passo \u00e8 la continua qualificazione del nostro team, in particolare nelle aree della tecnologia di saldatura e dell&#8217;ingegneria [&hellip;]<\/p>\n","protected":false},"author":2,"featured_media":0,"parent":15674,"menu_order":0,"comment_status":"closed","ping_status":"closed","template":"","meta":{"ocean_post_layout":"","ocean_both_sidebars_style":"","ocean_both_sidebars_content_width":0,"ocean_both_sidebars_sidebars_width":0,"ocean_sidebar":"0","ocean_second_sidebar":"0","ocean_disable_margins":"enable","ocean_add_body_class":"","ocean_shortcode_before_top_bar":"","ocean_shortcode_after_top_bar":"","ocean_shortcode_before_header":"","ocean_shortcode_after_header":"","ocean_has_shortcode":"","ocean_shortcode_after_title":"","ocean_shortcode_before_footer_widgets":"","ocean_shortcode_after_footer_widgets":"","ocean_shortcode_before_footer_bottom":"","ocean_shortcode_after_footer_bottom":"","ocean_display_top_bar":"default","ocean_display_header":"default","ocean_header_style":"","ocean_center_header_left_menu":"0","ocean_custom_header_template":"0","ocean_custom_logo":0,"ocean_custom_retina_logo":0,"ocean_custom_logo_max_width":0,"ocean_custom_logo_tablet_max_width":0,"ocean_custom_logo_mobile_max_width":0,"ocean_custom_logo_max_height":0,"ocean_custom_logo_tablet_max_height":0,"ocean_custom_logo_mobile_max_height":0,"ocean_header_custom_menu":"0","ocean_menu_typo_font_family":"0","ocean_menu_typo_font_subset":"","ocean_menu_typo_font_size":0,"ocean_menu_typo_font_size_tablet":0,"ocean_menu_typo_font_size_mobile":0,"ocean_menu_typo_font_size_unit":"px","ocean_menu_typo_font_weight":"","ocean_menu_typo_font_weight_tablet":"","ocean_menu_typo_font_weight_mobile":"","ocean_menu_typo_transform":"","ocean_menu_typo_transform_tablet":"","ocean_menu_typo_transform_mobile":"","ocean_menu_typo_line_height":0,"ocean_menu_typo_line_height_tablet":0,"ocean_menu_typo_line_height_mobile":0,"ocean_menu_typo_line_height_unit":"","ocean_menu_typo_spacing":0,"ocean_menu_typo_spacing_tablet":0,"ocean_menu_typo_spacing_mobile":0,"ocean_menu_typo_spacing_unit":"","ocean_menu_link_color":"","ocean_menu_link_color_hover":"","ocean_menu_link_color_active":"","ocean_menu_link_background":"","ocean_menu_link_hover_background":"","ocean_menu_link_active_background":"","ocean_menu_social_links_bg":"","ocean_menu_social_hover_links_bg":"","ocean_menu_social_links_color":"","ocean_menu_social_hover_links_color":"","ocean_disable_title":"default","ocean_disable_heading":"default","ocean_post_title":"","ocean_post_subheading":"","ocean_post_title_style":"","ocean_post_title_background_color":"","ocean_post_title_background":0,"ocean_post_title_bg_image_position":"","ocean_post_title_bg_image_attachment":"","ocean_post_title_bg_image_repeat":"","ocean_post_title_bg_image_size":"","ocean_post_title_height":0,"ocean_post_title_bg_overlay":0.5,"ocean_post_title_bg_overlay_color":"","ocean_disable_breadcrumbs":"default","ocean_breadcrumbs_color":"","ocean_breadcrumbs_separator_color":"","ocean_breadcrumbs_links_color":"","ocean_breadcrumbs_links_hover_color":"","ocean_display_footer_widgets":"default","ocean_display_footer_bottom":"default","ocean_custom_footer_template":"0","footnotes":""},"class_list":["post-15655","page","type-page","status-publish","hentry","entry"],"yoast_head":"<!-- This site is optimized with the Yoast SEO plugin v27.3 - https:\/\/yoast.com\/product\/yoast-seo-wordpress\/ -->\n<title>Produzione interna - vee - valuable ecological energy<\/title>\n<meta name=\"description\" content=\"Tutti i sistemi sono costruiti dai nostri tecnici qualificati nel nostro edificio. Dal 2021 stiamo ampliando la nostra produzione.\" \/>\n<meta name=\"robots\" content=\"index, follow, max-snippet:-1, max-image-preview:large, max-video-preview:-1\" \/>\n<link rel=\"canonical\" href=\"https:\/\/vee.energy\/it\/prodotti\/produzione-interna\/\" \/>\n<meta property=\"og:locale\" content=\"it_IT\" \/>\n<meta property=\"og:type\" content=\"article\" \/>\n<meta property=\"og:title\" content=\"Produzione interna - vee - valuable ecological energy\" \/>\n<meta property=\"og:description\" content=\"Tutti i sistemi sono costruiti dai nostri tecnici qualificati nel nostro edificio. Dal 2021 stiamo ampliando la nostra produzione.\" \/>\n<meta property=\"og:url\" content=\"https:\/\/vee.energy\/it\/prodotti\/produzione-interna\/\" \/>\n<meta property=\"og:site_name\" content=\"vee - valuable ecological energy\" \/>\n<meta property=\"article:modified_time\" content=\"2025-12-01T15:35:06+00:00\" \/>\n<meta property=\"og:image\" content=\"https:\/\/vee.energy\/wp-content\/uploads\/elementor\/thumbs\/vee_Produktion_Laserschneiden-qwfgl4h5uoudmxsyv7re1hdisx5vkj8a82ktu64hkw.jpg\" \/>\n<meta name=\"twitter:card\" content=\"summary_large_image\" \/>\n<meta name=\"twitter:label1\" content=\"Tempo di lettura stimato\" \/>\n\t<meta name=\"twitter:data1\" content=\"2 minuti\" \/>\n<script type=\"application\/ld+json\" class=\"yoast-schema-graph\">{\"@context\":\"https:\\\/\\\/schema.org\",\"@graph\":[{\"@type\":\"WebPage\",\"@id\":\"https:\\\/\\\/vee.energy\\\/it\\\/prodotti\\\/produzione-interna\\\/\",\"url\":\"https:\\\/\\\/vee.energy\\\/it\\\/prodotti\\\/produzione-interna\\\/\",\"name\":\"Produzione interna - vee - valuable ecological energy\",\"isPartOf\":{\"@id\":\"https:\\\/\\\/vee.energy\\\/it\\\/#website\"},\"primaryImageOfPage\":{\"@id\":\"https:\\\/\\\/vee.energy\\\/it\\\/prodotti\\\/produzione-interna\\\/#primaryimage\"},\"image\":{\"@id\":\"https:\\\/\\\/vee.energy\\\/it\\\/prodotti\\\/produzione-interna\\\/#primaryimage\"},\"thumbnailUrl\":\"https:\\\/\\\/vee.energy\\\/wp-content\\\/uploads\\\/elementor\\\/thumbs\\\/vee_Produktion_Laserschneiden-qwfgl4h5uoudmxsyv7re1hdisx5vkj8a82ktu64hkw.jpg\",\"datePublished\":\"2022-01-17T20:13:48+00:00\",\"dateModified\":\"2025-12-01T15:35:06+00:00\",\"description\":\"Tutti i sistemi sono costruiti dai nostri tecnici qualificati nel nostro edificio. Dal 2021 stiamo ampliando la nostra produzione.\",\"breadcrumb\":{\"@id\":\"https:\\\/\\\/vee.energy\\\/it\\\/prodotti\\\/produzione-interna\\\/#breadcrumb\"},\"inLanguage\":\"it-IT\",\"potentialAction\":[{\"@type\":\"ReadAction\",\"target\":[\"https:\\\/\\\/vee.energy\\\/it\\\/prodotti\\\/produzione-interna\\\/\"]}]},{\"@type\":\"ImageObject\",\"inLanguage\":\"it-IT\",\"@id\":\"https:\\\/\\\/vee.energy\\\/it\\\/prodotti\\\/produzione-interna\\\/#primaryimage\",\"url\":\"https:\\\/\\\/vee.energy\\\/wp-content\\\/uploads\\\/elementor\\\/thumbs\\\/vee_Produktion_Laserschneiden-qwfgl4h5uoudmxsyv7re1hdisx5vkj8a82ktu64hkw.jpg\",\"contentUrl\":\"https:\\\/\\\/vee.energy\\\/wp-content\\\/uploads\\\/elementor\\\/thumbs\\\/vee_Produktion_Laserschneiden-qwfgl4h5uoudmxsyv7re1hdisx5vkj8a82ktu64hkw.jpg\"},{\"@type\":\"BreadcrumbList\",\"@id\":\"https:\\\/\\\/vee.energy\\\/it\\\/prodotti\\\/produzione-interna\\\/#breadcrumb\",\"itemListElement\":[{\"@type\":\"ListItem\",\"position\":1,\"name\":\"Startseite\",\"item\":\"https:\\\/\\\/vee.energy\\\/it\\\/pagina-iniziale\\\/\"},{\"@type\":\"ListItem\",\"position\":2,\"name\":\"Prodotti\",\"item\":\"https:\\\/\\\/vee.energy\\\/it\\\/prodotti\\\/\"},{\"@type\":\"ListItem\",\"position\":3,\"name\":\"Produzione interna\"}]},{\"@type\":\"WebSite\",\"@id\":\"https:\\\/\\\/vee.energy\\\/it\\\/#website\",\"url\":\"https:\\\/\\\/vee.energy\\\/it\\\/\",\"name\":\"vee - valuable ecological energy\",\"description\":\"Hackschnitzel BHKW - Holzgas KWK Anlagen\",\"publisher\":{\"@id\":\"https:\\\/\\\/vee.energy\\\/it\\\/#organization\"},\"potentialAction\":[{\"@type\":\"SearchAction\",\"target\":{\"@type\":\"EntryPoint\",\"urlTemplate\":\"https:\\\/\\\/vee.energy\\\/it\\\/?s={search_term_string}\"},\"query-input\":{\"@type\":\"PropertyValueSpecification\",\"valueRequired\":true,\"valueName\":\"search_term_string\"}}],\"inLanguage\":\"it-IT\"},{\"@type\":\"Organization\",\"@id\":\"https:\\\/\\\/vee.energy\\\/it\\\/#organization\",\"name\":\"vee - valuable ecological energy\",\"url\":\"https:\\\/\\\/vee.energy\\\/it\\\/\",\"logo\":{\"@type\":\"ImageObject\",\"inLanguage\":\"it-IT\",\"@id\":\"https:\\\/\\\/vee.energy\\\/it\\\/#\\\/schema\\\/logo\\\/image\\\/\",\"url\":\"https:\\\/\\\/vee.energy\\\/wp-content\\\/uploads\\\/cropped-VEE_rgb_300dpi_mit-claim-1.jpg\",\"contentUrl\":\"https:\\\/\\\/vee.energy\\\/wp-content\\\/uploads\\\/cropped-VEE_rgb_300dpi_mit-claim-1.jpg\",\"width\":1920,\"height\":545,\"caption\":\"vee - valuable ecological energy\"},\"image\":{\"@id\":\"https:\\\/\\\/vee.energy\\\/it\\\/#\\\/schema\\\/logo\\\/image\\\/\"}}]}<\/script>\n<!-- \/ Yoast SEO plugin. -->","yoast_head_json":{"title":"Produzione interna - vee - valuable ecological energy","description":"Tutti i sistemi sono costruiti dai nostri tecnici qualificati nel nostro edificio. Dal 2021 stiamo ampliando la nostra produzione.","robots":{"index":"index","follow":"follow","max-snippet":"max-snippet:-1","max-image-preview":"max-image-preview:large","max-video-preview":"max-video-preview:-1"},"canonical":"https:\/\/vee.energy\/it\/prodotti\/produzione-interna\/","og_locale":"it_IT","og_type":"article","og_title":"Produzione interna - vee - valuable ecological energy","og_description":"Tutti i sistemi sono costruiti dai nostri tecnici qualificati nel nostro edificio. Dal 2021 stiamo ampliando la nostra produzione.","og_url":"https:\/\/vee.energy\/it\/prodotti\/produzione-interna\/","og_site_name":"vee - valuable ecological energy","article_modified_time":"2025-12-01T15:35:06+00:00","og_image":[{"url":"https:\/\/vee.energy\/wp-content\/uploads\/elementor\/thumbs\/vee_Produktion_Laserschneiden-qwfgl4h5uoudmxsyv7re1hdisx5vkj8a82ktu64hkw.jpg","type":"","width":"","height":""}],"twitter_card":"summary_large_image","twitter_misc":{"Tempo di lettura stimato":"2 minuti"},"schema":{"@context":"https:\/\/schema.org","@graph":[{"@type":"WebPage","@id":"https:\/\/vee.energy\/it\/prodotti\/produzione-interna\/","url":"https:\/\/vee.energy\/it\/prodotti\/produzione-interna\/","name":"Produzione interna - vee - valuable ecological energy","isPartOf":{"@id":"https:\/\/vee.energy\/it\/#website"},"primaryImageOfPage":{"@id":"https:\/\/vee.energy\/it\/prodotti\/produzione-interna\/#primaryimage"},"image":{"@id":"https:\/\/vee.energy\/it\/prodotti\/produzione-interna\/#primaryimage"},"thumbnailUrl":"https:\/\/vee.energy\/wp-content\/uploads\/elementor\/thumbs\/vee_Produktion_Laserschneiden-qwfgl4h5uoudmxsyv7re1hdisx5vkj8a82ktu64hkw.jpg","datePublished":"2022-01-17T20:13:48+00:00","dateModified":"2025-12-01T15:35:06+00:00","description":"Tutti i sistemi sono costruiti dai nostri tecnici qualificati nel nostro edificio. Dal 2021 stiamo ampliando la nostra produzione.","breadcrumb":{"@id":"https:\/\/vee.energy\/it\/prodotti\/produzione-interna\/#breadcrumb"},"inLanguage":"it-IT","potentialAction":[{"@type":"ReadAction","target":["https:\/\/vee.energy\/it\/prodotti\/produzione-interna\/"]}]},{"@type":"ImageObject","inLanguage":"it-IT","@id":"https:\/\/vee.energy\/it\/prodotti\/produzione-interna\/#primaryimage","url":"https:\/\/vee.energy\/wp-content\/uploads\/elementor\/thumbs\/vee_Produktion_Laserschneiden-qwfgl4h5uoudmxsyv7re1hdisx5vkj8a82ktu64hkw.jpg","contentUrl":"https:\/\/vee.energy\/wp-content\/uploads\/elementor\/thumbs\/vee_Produktion_Laserschneiden-qwfgl4h5uoudmxsyv7re1hdisx5vkj8a82ktu64hkw.jpg"},{"@type":"BreadcrumbList","@id":"https:\/\/vee.energy\/it\/prodotti\/produzione-interna\/#breadcrumb","itemListElement":[{"@type":"ListItem","position":1,"name":"Startseite","item":"https:\/\/vee.energy\/it\/pagina-iniziale\/"},{"@type":"ListItem","position":2,"name":"Prodotti","item":"https:\/\/vee.energy\/it\/prodotti\/"},{"@type":"ListItem","position":3,"name":"Produzione interna"}]},{"@type":"WebSite","@id":"https:\/\/vee.energy\/it\/#website","url":"https:\/\/vee.energy\/it\/","name":"vee - valuable ecological energy","description":"Hackschnitzel BHKW - Holzgas KWK Anlagen","publisher":{"@id":"https:\/\/vee.energy\/it\/#organization"},"potentialAction":[{"@type":"SearchAction","target":{"@type":"EntryPoint","urlTemplate":"https:\/\/vee.energy\/it\/?s={search_term_string}"},"query-input":{"@type":"PropertyValueSpecification","valueRequired":true,"valueName":"search_term_string"}}],"inLanguage":"it-IT"},{"@type":"Organization","@id":"https:\/\/vee.energy\/it\/#organization","name":"vee - valuable ecological energy","url":"https:\/\/vee.energy\/it\/","logo":{"@type":"ImageObject","inLanguage":"it-IT","@id":"https:\/\/vee.energy\/it\/#\/schema\/logo\/image\/","url":"https:\/\/vee.energy\/wp-content\/uploads\/cropped-VEE_rgb_300dpi_mit-claim-1.jpg","contentUrl":"https:\/\/vee.energy\/wp-content\/uploads\/cropped-VEE_rgb_300dpi_mit-claim-1.jpg","width":1920,"height":545,"caption":"vee - valuable ecological energy"},"image":{"@id":"https:\/\/vee.energy\/it\/#\/schema\/logo\/image\/"}}]}},"_links":{"self":[{"href":"https:\/\/vee.energy\/it\/wp-json\/wp\/v2\/pages\/15655","targetHints":{"allow":["GET"]}}],"collection":[{"href":"https:\/\/vee.energy\/it\/wp-json\/wp\/v2\/pages"}],"about":[{"href":"https:\/\/vee.energy\/it\/wp-json\/wp\/v2\/types\/page"}],"author":[{"embeddable":true,"href":"https:\/\/vee.energy\/it\/wp-json\/wp\/v2\/users\/2"}],"replies":[{"embeddable":true,"href":"https:\/\/vee.energy\/it\/wp-json\/wp\/v2\/comments?post=15655"}],"version-history":[{"count":19,"href":"https:\/\/vee.energy\/it\/wp-json\/wp\/v2\/pages\/15655\/revisions"}],"predecessor-version":[{"id":20771,"href":"https:\/\/vee.energy\/it\/wp-json\/wp\/v2\/pages\/15655\/revisions\/20771"}],"up":[{"embeddable":true,"href":"https:\/\/vee.energy\/it\/wp-json\/wp\/v2\/pages\/15674"}],"wp:attachment":[{"href":"https:\/\/vee.energy\/it\/wp-json\/wp\/v2\/media?parent=15655"}],"curies":[{"name":"wp","href":"https:\/\/api.w.org\/{rel}","templated":true}]}}