{"id":15604,"date":"2022-01-16T15:43:47","date_gmt":"2022-01-16T14:43:47","guid":{"rendered":"https:\/\/dev.vee.energy\/protezione-dei-dati\/"},"modified":"2025-12-01T16:34:26","modified_gmt":"2025-12-01T15:34:26","slug":"protezione-dei-dati","status":"publish","type":"page","link":"https:\/\/vee.energy\/it\/protezione-dei-dati\/","title":{"rendered":"Protezione dei dati"},"content":{"rendered":"\t\t<div data-elementor-type=\"wp-page\" data-elementor-id=\"15604\" class=\"elementor elementor-15604 elementor-838\">\n\t\t\t\t\t\t<section class=\"elementor-section elementor-top-section elementor-element elementor-element-68306573 elementor-section-boxed elementor-section-height-default elementor-section-height-default\" data-id=\"68306573\" data-element_type=\"section\" data-e-type=\"section\" data-settings=\"{&quot;background_background&quot;:&quot;classic&quot;}\">\n\t\t\t\t\t\t<div class=\"elementor-container elementor-column-gap-default\">\n\t\t\t\t\t<div class=\"elementor-column elementor-col-100 elementor-top-column elementor-element elementor-element-5301475\" data-id=\"5301475\" data-element_type=\"column\" data-e-type=\"column\">\n\t\t\t<div class=\"elementor-widget-wrap elementor-element-populated\">\n\t\t\t\t\t\t<section class=\"elementor-section elementor-inner-section elementor-element elementor-element-756ec78e elementor-section-boxed elementor-section-height-default elementor-section-height-default\" data-id=\"756ec78e\" data-element_type=\"section\" data-e-type=\"section\">\n\t\t\t\t\t\t<div class=\"elementor-container elementor-column-gap-default\">\n\t\t\t\t\t<div class=\"elementor-column elementor-col-100 elementor-inner-column elementor-element elementor-element-485becce\" data-id=\"485becce\" data-element_type=\"column\" data-e-type=\"column\">\n\t\t\t<div class=\"elementor-widget-wrap elementor-element-populated\">\n\t\t\t\t\t\t<div class=\"elementor-element elementor-element-6f124f9a elementor-widget__width-initial elementor-widget-divider--view-line elementor-widget elementor-widget-divider\" data-id=\"6f124f9a\" data-element_type=\"widget\" data-e-type=\"widget\" data-widget_type=\"divider.default\">\n\t\t\t\t<div class=\"elementor-widget-container\">\n\t\t\t\t\t\t\t<div class=\"elementor-divider\">\n\t\t\t<span class=\"elementor-divider-separator\">\n\t\t\t\t\t\t<\/span>\n\t\t<\/div>\n\t\t\t\t\t\t<\/div>\n\t\t\t\t<\/div>\n\t\t\t\t<div class=\"elementor-element elementor-element-196fe2e3 elementor-widget elementor-widget-heading\" data-id=\"196fe2e3\" data-element_type=\"widget\" data-e-type=\"widget\" data-widget_type=\"heading.default\">\n\t\t\t\t<div class=\"elementor-widget-container\">\n\t\t\t\t\t<h1 class=\"elementor-heading-title elementor-size-default\">Esclusione di responsabilit\u00e0 \/ Protezione dei dati<\/h1>\t\t\t\t<\/div>\n\t\t\t\t<\/div>\n\t\t\t\t\t<\/div>\n\t\t<\/div>\n\t\t\t\t\t<\/div>\n\t\t<\/section>\n\t\t\t\t<div class=\"elementor-element elementor-element-2f60cdb5 elementor-widget elementor-widget-text-editor\" data-id=\"2f60cdb5\" data-element_type=\"widget\" data-e-type=\"widget\" data-widget_type=\"text-editor.default\">\n\t\t\t\t<div class=\"elementor-widget-container\">\n\t\t\t\t\t\t\t\t\t<p>Il design, la struttura, il contenuto, le immagini e il testo di questo sito web sono protetti dal diritto d&#8217;autore e non possono essere utilizzati senza il previo consenso scritto di vee GmbH.<\/p>\n<p>Le informazioni contenute in questo sito web sono di carattere generale e servono solo a presentare i nostri prodotti e servizi. Non ci assumiamo alcuna responsabilit\u00e0 per le decisioni prese dall&#8217;utente sulla base o utilizzando queste informazioni. Desideriamo sottolineare che le informazioni non costituiscono informazioni o raccomandazioni individuali di carattere legale, tecnico, commerciale o di altro tipo, n\u00e9 sostituiscono la consulenza di un esperto individuale che tenga conto delle circostanze specifiche del singolo caso. <\/p>\n<p>Le informazioni contenute in questo sito web vengono verificate costantemente e integrate, se necessario, ma le informazioni possono comunque perdere la loro attualit\u00e0, completezza o accuratezza.&nbsp; Nella misura consentita dalle leggi vigenti, vee GmbH non si assume alcuna responsabilit\u00e0 e non fornisce alcuna garanzia per l&#8217;attualit\u00e0, l&#8217;accuratezza e la completezza dei contenuti e delle informazioni fornite su questo sito web, in particolare quelle relative a Google Analytics. L&#8217;utente si assume il rischio esclusivo del suo utilizzo. Se viene offerta la possibilit\u00e0 di inserire dati personali o aziendali (indirizzi e-mail, nome, indirizzi), l&#8217;inserimento di questi dati avviene volontariamente.   <\/p>\n<p>Questo sito web contiene link a siti web di terzi. Non abbiamo alcun controllo su questi siti web e sui loro contenuti. vee GmbH non si assume alcuna responsabilit\u00e0 o garanzia per il contenuto dei siti web esterni collegati.  <\/p>\n<p>vee GmbH si impegna a mantenere i suoi siti web privi di virus, ma non \u00e8 possibile garantire l&#8217;assenza di virus. Per questo motivo, raccomandiamo che prima di scaricare documenti e dati, l&#8217;utente si assicuri che sia garantita un&#8217;adeguata protezione contro i virus (ad esempio, utilizzando uno scanner antivirus). <\/p>\n<p>Questo sito web utilizza Google Analytics, un servizio di analisi web fornito da Google Inc (Google). Google Analytics utilizza dei cookie, che sono file di testo depositati sul suo computer, per aiutare il sito web ad analizzare come gli utenti utilizzano il sito. Le informazioni generate dal cookie sull&#8217;utilizzo del sito web da parte dell&#8217;utente (compreso il suo indirizzo IP) saranno trasmesse e memorizzate da Google su server negli Stati Uniti. Google utilizzer\u00e0 queste informazioni allo scopo di analizzare il suo utilizzo del sito web, compilare rapporti sull&#8217;attivit\u00e0 del sito web per gli operatori del sito web e fornire altri servizi relativi all&#8217;attivit\u00e0 del sito web e all&#8217;utilizzo di Internet. Google pu\u00f2 anche trasferire queste informazioni a terzi, se richiesto dalla legge o se tali terzi elaborano le informazioni per conto di Google. Google non assocer\u00e0 in nessun caso il suo indirizzo IP ad altri dati in possesso di Google Inc. Pu\u00f2 rifiutare l&#8217;uso dei cookie selezionando l&#8217;impostazione appropriata sul suo browser, ma tenga presente che in tal caso potrebbe non essere in grado di utilizzare tutte le funzionalit\u00e0 di questo sito web. Utilizzando questo sito web, lei acconsente all&#8217;elaborazione dei suoi dati da parte di Google nelle modalit\u00e0 e per gli scopi sopra indicati.         <\/p>\n<p>Utilizziamo lo strumento di consenso &#8220;Real Cookie Banner&#8221; per gestire i cookie e le tecnologie simili utilizzate (pixel di tracciamento, web beacon, ecc.) e i relativi consensi. I dettagli sul funzionamento di &#8220;Real Cookie Banner&#8221; sono disponibili su https:\/\/devowl.io\/de\/rcb\/datenverarbeitung\/. <br><span style=\"font-size: 12.6px;\">La base giuridica per il trattamento dei dati personali in questo contesto \u00e8 l&#8217;Art. 6 comma 1 lit. c GDPR e l&#8217;Art. 6 comma 1 lit. f GDPR. Il nostro legittimo interesse \u00e8 la gestione dei cookie e delle tecnologie simili utilizzate e i relativi consensi.     <br><\/span><span style=\"font-size: 12.6px;\">La fornitura di dati personali non \u00e8 richiesta contrattualmente n\u00e9 necessaria per la conclusione di un contratto. Non \u00e8 obbligato a fornire i dati personali. Se non fornisce i dati personali, non saremo in grado di gestire i suoi consensi.  <\/span><\/p>\n<p>Alcuni servizi elaborano i dati personali in Paesi terzi non sicuri. Accettando l&#8217;uso di questi servizi, lei acconsente anche al trattamento dei suoi dati in questi Paesi terzi non sicuri. Ci\u00f2 comporta il rischio che i suoi dati vengano elaborati dalle autorit\u00e0 a scopo di controllo e monitoraggio, eventualmente senza possibilit\u00e0 di ricorso legale.  <\/p><p>Inoltre, autorizza l&#8217;elaborazione dei dati secondo la modalit\u00e0 di consenso di Google sulla base del suo consenso per i seguenti scopi:<\/p><p>&#8211; Memorizzazione e lettura di dati come i cookie (web) o gli identificatori di dispositivi (app) in relazione alla pubblicit\u00e0.<br><span style=\"font-size: 14px; color: var( --e-global-color-text ); letter-spacing: var( --e-global-typography-5aeea44-letter-spacing ); word-spacing: var( --e-global-typography-5aeea44-word-spacing );\">&#8211; Memorizzazione e lettura di dati come i cookie (web) o gli identificatori di dispositivi (app) in relazione alle analisi (ad esempio, la durata della visita).<br><\/span><span style=\"font-size: 14px; color: var( --e-global-color-text ); letter-spacing: var( --e-global-typography-5aeea44-letter-spacing ); word-spacing: var( --e-global-typography-5aeea44-word-spacing );\">&#8211; Valutazione e visualizzazione della pubblicit\u00e0 personalizzata.<br><\/span><span style=\"font-size: 14px; color: var( --e-global-color-text ); letter-spacing: var( --e-global-typography-5aeea44-letter-spacing ); word-spacing: var( --e-global-typography-5aeea44-word-spacing );\">&#8211; Trasmissione dei dati dell&#8217;utente a Google per scopi pubblicitari online.<\/span><\/p>\n<p>Se accetta tutti i servizi, consente il caricamento di tutti i cookie. Questi sono suddivisi in gruppi in base al loro scopo. <\/p>\n<p>Ci riserviamo il diritto di modificare o aggiornare le informazioni e i dati, nonch\u00e9 i prodotti e i servizi forniti su questo sito web, in qualsiasi momento e senza preavviso.<\/p>\n<p>\u00a9 (2022) Copyright vee GmbH, tutti i diritti riservati.<\/p>\t\t\t\t\t\t\t\t<\/div>\n\t\t\t\t<\/div>\n\t\t\t\t\t<\/div>\n\t\t<\/div>\n\t\t\t\t\t<\/div>\n\t\t<\/section>\n\t\t\t\t<\/div>\n\t\t","protected":false},"excerpt":{"rendered":"<p>Esclusione di responsabilit\u00e0 \/ Protezione dei dati Il design, la struttura, il contenuto, le immagini e il testo di questo sito web sono protetti dal diritto d&#8217;autore e non possono essere utilizzati senza il previo consenso scritto di vee GmbH. Le informazioni contenute in questo sito web sono di carattere generale e servono solo a [&hellip;]<\/p>\n","protected":false},"author":2,"featured_media":0,"parent":0,"menu_order":0,"comment_status":"closed","ping_status":"closed","template":"","meta":{"ocean_post_layout":"","ocean_both_sidebars_style":"","ocean_both_sidebars_content_width":0,"ocean_both_sidebars_sidebars_width":0,"ocean_sidebar":"0","ocean_second_sidebar":"0","ocean_disable_margins":"enable","ocean_add_body_class":"","ocean_shortcode_before_top_bar":"","ocean_shortcode_after_top_bar":"","ocean_shortcode_before_header":"","ocean_shortcode_after_header":"","ocean_has_shortcode":"","ocean_shortcode_after_title":"","ocean_shortcode_before_footer_widgets":"","ocean_shortcode_after_footer_widgets":"","ocean_shortcode_before_footer_bottom":"","ocean_shortcode_after_footer_bottom":"","ocean_display_top_bar":"default","ocean_display_header":"default","ocean_header_style":"","ocean_center_header_left_menu":"0","ocean_custom_header_template":"0","ocean_custom_logo":0,"ocean_custom_retina_logo":0,"ocean_custom_logo_max_width":0,"ocean_custom_logo_tablet_max_width":0,"ocean_custom_logo_mobile_max_width":0,"ocean_custom_logo_max_height":0,"ocean_custom_logo_tablet_max_height":0,"ocean_custom_logo_mobile_max_height":0,"ocean_header_custom_menu":"0","ocean_menu_typo_font_family":"0","ocean_menu_typo_font_subset":"","ocean_menu_typo_font_size":0,"ocean_menu_typo_font_size_tablet":0,"ocean_menu_typo_font_size_mobile":0,"ocean_menu_typo_font_size_unit":"px","ocean_menu_typo_font_weight":"","ocean_menu_typo_font_weight_tablet":"","ocean_menu_typo_font_weight_mobile":"","ocean_menu_typo_transform":"","ocean_menu_typo_transform_tablet":"","ocean_menu_typo_transform_mobile":"","ocean_menu_typo_line_height":0,"ocean_menu_typo_line_height_tablet":0,"ocean_menu_typo_line_height_mobile":0,"ocean_menu_typo_line_height_unit":"","ocean_menu_typo_spacing":0,"ocean_menu_typo_spacing_tablet":0,"ocean_menu_typo_spacing_mobile":0,"ocean_menu_typo_spacing_unit":"","ocean_menu_link_color":"","ocean_menu_link_color_hover":"","ocean_menu_link_color_active":"","ocean_menu_link_background":"","ocean_menu_link_hover_background":"","ocean_menu_link_active_background":"","ocean_menu_social_links_bg":"","ocean_menu_social_hover_links_bg":"","ocean_menu_social_links_color":"","ocean_menu_social_hover_links_color":"","ocean_disable_title":"default","ocean_disable_heading":"default","ocean_post_title":"","ocean_post_subheading":"","ocean_post_title_style":"","ocean_post_title_background_color":"","ocean_post_title_background":0,"ocean_post_title_bg_image_position":"","ocean_post_title_bg_image_attachment":"","ocean_post_title_bg_image_repeat":"","ocean_post_title_bg_image_size":"","ocean_post_title_height":0,"ocean_post_title_bg_overlay":0.5,"ocean_post_title_bg_overlay_color":"","ocean_disable_breadcrumbs":"default","ocean_breadcrumbs_color":"","ocean_breadcrumbs_separator_color":"","ocean_breadcrumbs_links_color":"","ocean_breadcrumbs_links_hover_color":"","ocean_display_footer_widgets":"default","ocean_display_footer_bottom":"default","ocean_custom_footer_template":"0","footnotes":""},"class_list":["post-15604","page","type-page","status-publish","hentry","entry"],"yoast_head":"<!-- This site is optimized with the Yoast SEO plugin v27.2 - https:\/\/yoast.com\/product\/yoast-seo-wordpress\/ -->\n<title>Protezione dei dati - vee - valuable ecological energy<\/title>\n<meta name=\"description\" content=\"Le informazioni contenute in questo sito web sono di carattere generale e servono solo a presentare i nostri prodotti e servizi.\" \/>\n<meta name=\"robots\" content=\"index, follow, max-snippet:-1, max-image-preview:large, max-video-preview:-1\" \/>\n<link rel=\"canonical\" href=\"https:\/\/vee.energy\/it\/protezione-dei-dati\/\" \/>\n<meta property=\"og:locale\" content=\"it_IT\" \/>\n<meta property=\"og:type\" content=\"article\" \/>\n<meta property=\"og:title\" content=\"Protezione dei dati - vee - valuable ecological energy\" \/>\n<meta property=\"og:description\" content=\"Le informazioni contenute in questo sito web sono di carattere generale e servono solo a presentare i nostri prodotti e servizi.\" \/>\n<meta property=\"og:url\" content=\"https:\/\/vee.energy\/it\/protezione-dei-dati\/\" \/>\n<meta property=\"og:site_name\" content=\"vee - valuable ecological energy\" \/>\n<meta property=\"article:modified_time\" content=\"2025-12-01T15:34:26+00:00\" \/>\n<meta name=\"twitter:card\" content=\"summary_large_image\" \/>\n<meta name=\"twitter:label1\" content=\"Tempo di lettura stimato\" \/>\n\t<meta name=\"twitter:data1\" content=\"5 minuti\" \/>\n<script type=\"application\/ld+json\" class=\"yoast-schema-graph\">{\"@context\":\"https:\/\/schema.org\",\"@graph\":[{\"@type\":\"WebPage\",\"@id\":\"https:\/\/vee.energy\/it\/protezione-dei-dati\/\",\"url\":\"https:\/\/vee.energy\/it\/protezione-dei-dati\/\",\"name\":\"Protezione dei dati - vee - valuable ecological energy\",\"isPartOf\":{\"@id\":\"https:\/\/vee.energy\/it\/#website\"},\"datePublished\":\"2022-01-16T14:43:47+00:00\",\"dateModified\":\"2025-12-01T15:34:26+00:00\",\"description\":\"Le informazioni contenute in questo sito web sono di carattere generale e servono solo a presentare i nostri prodotti e servizi.\",\"breadcrumb\":{\"@id\":\"https:\/\/vee.energy\/it\/protezione-dei-dati\/#breadcrumb\"},\"inLanguage\":\"it-IT\",\"potentialAction\":[{\"@type\":\"ReadAction\",\"target\":[\"https:\/\/vee.energy\/it\/protezione-dei-dati\/\"]}]},{\"@type\":\"BreadcrumbList\",\"@id\":\"https:\/\/vee.energy\/it\/protezione-dei-dati\/#breadcrumb\",\"itemListElement\":[{\"@type\":\"ListItem\",\"position\":1,\"name\":\"Startseite\",\"item\":\"https:\/\/vee.energy\/it\/pagina-iniziale\/\"},{\"@type\":\"ListItem\",\"position\":2,\"name\":\"Protezione dei dati\"}]},{\"@type\":\"WebSite\",\"@id\":\"https:\/\/vee.energy\/it\/#website\",\"url\":\"https:\/\/vee.energy\/it\/\",\"name\":\"vee - valuable ecological energy\",\"description\":\"Hackschnitzel BHKW - Holzgas KWK Anlagen\",\"publisher\":{\"@id\":\"https:\/\/vee.energy\/it\/#organization\"},\"potentialAction\":[{\"@type\":\"SearchAction\",\"target\":{\"@type\":\"EntryPoint\",\"urlTemplate\":\"https:\/\/vee.energy\/it\/?s={search_term_string}\"},\"query-input\":{\"@type\":\"PropertyValueSpecification\",\"valueRequired\":true,\"valueName\":\"search_term_string\"}}],\"inLanguage\":\"it-IT\"},{\"@type\":\"Organization\",\"@id\":\"https:\/\/vee.energy\/it\/#organization\",\"name\":\"vee - valuable ecological energy\",\"url\":\"https:\/\/vee.energy\/it\/\",\"logo\":{\"@type\":\"ImageObject\",\"inLanguage\":\"it-IT\",\"@id\":\"https:\/\/vee.energy\/it\/#\/schema\/logo\/image\/\",\"url\":\"https:\/\/vee.energy\/wp-content\/uploads\/cropped-VEE_rgb_300dpi_mit-claim-1.jpg\",\"contentUrl\":\"https:\/\/vee.energy\/wp-content\/uploads\/cropped-VEE_rgb_300dpi_mit-claim-1.jpg\",\"width\":1920,\"height\":545,\"caption\":\"vee - valuable ecological energy\"},\"image\":{\"@id\":\"https:\/\/vee.energy\/it\/#\/schema\/logo\/image\/\"}}]}<\/script>\n<!-- \/ Yoast SEO plugin. -->","yoast_head_json":{"title":"Protezione dei dati - vee - valuable ecological energy","description":"Le informazioni contenute in questo sito web sono di carattere generale e servono solo a presentare i nostri prodotti e servizi.","robots":{"index":"index","follow":"follow","max-snippet":"max-snippet:-1","max-image-preview":"max-image-preview:large","max-video-preview":"max-video-preview:-1"},"canonical":"https:\/\/vee.energy\/it\/protezione-dei-dati\/","og_locale":"it_IT","og_type":"article","og_title":"Protezione dei dati - vee - valuable ecological energy","og_description":"Le informazioni contenute in questo sito web sono di carattere generale e servono solo a presentare i nostri prodotti e servizi.","og_url":"https:\/\/vee.energy\/it\/protezione-dei-dati\/","og_site_name":"vee - valuable ecological energy","article_modified_time":"2025-12-01T15:34:26+00:00","twitter_card":"summary_large_image","twitter_misc":{"Tempo di lettura stimato":"5 minuti"},"schema":{"@context":"https:\/\/schema.org","@graph":[{"@type":"WebPage","@id":"https:\/\/vee.energy\/it\/protezione-dei-dati\/","url":"https:\/\/vee.energy\/it\/protezione-dei-dati\/","name":"Protezione dei dati - vee - valuable ecological energy","isPartOf":{"@id":"https:\/\/vee.energy\/it\/#website"},"datePublished":"2022-01-16T14:43:47+00:00","dateModified":"2025-12-01T15:34:26+00:00","description":"Le informazioni contenute in questo sito web sono di carattere generale e servono solo a presentare i nostri prodotti e servizi.","breadcrumb":{"@id":"https:\/\/vee.energy\/it\/protezione-dei-dati\/#breadcrumb"},"inLanguage":"it-IT","potentialAction":[{"@type":"ReadAction","target":["https:\/\/vee.energy\/it\/protezione-dei-dati\/"]}]},{"@type":"BreadcrumbList","@id":"https:\/\/vee.energy\/it\/protezione-dei-dati\/#breadcrumb","itemListElement":[{"@type":"ListItem","position":1,"name":"Startseite","item":"https:\/\/vee.energy\/it\/pagina-iniziale\/"},{"@type":"ListItem","position":2,"name":"Protezione dei dati"}]},{"@type":"WebSite","@id":"https:\/\/vee.energy\/it\/#website","url":"https:\/\/vee.energy\/it\/","name":"vee - valuable ecological energy","description":"Hackschnitzel BHKW - Holzgas KWK Anlagen","publisher":{"@id":"https:\/\/vee.energy\/it\/#organization"},"potentialAction":[{"@type":"SearchAction","target":{"@type":"EntryPoint","urlTemplate":"https:\/\/vee.energy\/it\/?s={search_term_string}"},"query-input":{"@type":"PropertyValueSpecification","valueRequired":true,"valueName":"search_term_string"}}],"inLanguage":"it-IT"},{"@type":"Organization","@id":"https:\/\/vee.energy\/it\/#organization","name":"vee - valuable ecological energy","url":"https:\/\/vee.energy\/it\/","logo":{"@type":"ImageObject","inLanguage":"it-IT","@id":"https:\/\/vee.energy\/it\/#\/schema\/logo\/image\/","url":"https:\/\/vee.energy\/wp-content\/uploads\/cropped-VEE_rgb_300dpi_mit-claim-1.jpg","contentUrl":"https:\/\/vee.energy\/wp-content\/uploads\/cropped-VEE_rgb_300dpi_mit-claim-1.jpg","width":1920,"height":545,"caption":"vee - valuable ecological energy"},"image":{"@id":"https:\/\/vee.energy\/it\/#\/schema\/logo\/image\/"}}]}},"_links":{"self":[{"href":"https:\/\/vee.energy\/it\/wp-json\/wp\/v2\/pages\/15604","targetHints":{"allow":["GET"]}}],"collection":[{"href":"https:\/\/vee.energy\/it\/wp-json\/wp\/v2\/pages"}],"about":[{"href":"https:\/\/vee.energy\/it\/wp-json\/wp\/v2\/types\/page"}],"author":[{"embeddable":true,"href":"https:\/\/vee.energy\/it\/wp-json\/wp\/v2\/users\/2"}],"replies":[{"embeddable":true,"href":"https:\/\/vee.energy\/it\/wp-json\/wp\/v2\/comments?post=15604"}],"version-history":[{"count":6,"href":"https:\/\/vee.energy\/it\/wp-json\/wp\/v2\/pages\/15604\/revisions"}],"predecessor-version":[{"id":17681,"href":"https:\/\/vee.energy\/it\/wp-json\/wp\/v2\/pages\/15604\/revisions\/17681"}],"wp:attachment":[{"href":"https:\/\/vee.energy\/it\/wp-json\/wp\/v2\/media?parent=15604"}],"curies":[{"name":"wp","href":"https:\/\/api.w.org\/{rel}","templated":true}]}}