{"id":15594,"date":"2022-01-13T14:44:00","date_gmt":"2022-01-13T13:44:00","guid":{"rendered":"https:\/\/dev.vee.energy\/combustibile-da-biomassa\/"},"modified":"2025-12-01T16:34:25","modified_gmt":"2025-12-01T15:34:25","slug":"combustibile-da-biomassa","status":"publish","type":"page","link":"https:\/\/vee.energy\/it\/tecnologia\/combustibile-da-biomassa\/","title":{"rendered":"Combustibile da biomassa"},"content":{"rendered":"\t\t<div data-elementor-type=\"wp-page\" data-elementor-id=\"15594\" class=\"elementor elementor-15594 elementor-778\">\n\t\t\t\t\t\t<section class=\"elementor-section elementor-top-section elementor-element elementor-element-214e235f elementor-section-boxed elementor-section-height-default elementor-section-height-default\" data-id=\"214e235f\" data-element_type=\"section\" data-e-type=\"section\" data-settings=\"{&quot;background_background&quot;:&quot;classic&quot;}\">\n\t\t\t\t\t\t<div class=\"elementor-container elementor-column-gap-default\">\n\t\t\t\t\t<div class=\"elementor-column elementor-col-50 elementor-top-column elementor-element elementor-element-3edc0149\" data-id=\"3edc0149\" data-element_type=\"column\" data-e-type=\"column\">\n\t\t\t<div class=\"elementor-widget-wrap elementor-element-populated\">\n\t\t\t\t\t\t<section class=\"elementor-section elementor-inner-section elementor-element elementor-element-6de0f56d elementor-section-boxed elementor-section-height-default elementor-section-height-default\" data-id=\"6de0f56d\" data-element_type=\"section\" data-e-type=\"section\">\n\t\t\t\t\t\t<div class=\"elementor-container elementor-column-gap-default\">\n\t\t\t\t\t<div class=\"elementor-column elementor-col-100 elementor-inner-column elementor-element elementor-element-6955d7d1\" data-id=\"6955d7d1\" data-element_type=\"column\" data-e-type=\"column\">\n\t\t\t<div class=\"elementor-widget-wrap elementor-element-populated\">\n\t\t\t\t\t\t<div class=\"elementor-element elementor-element-2437bd9b elementor-widget__width-initial elementor-widget-divider--view-line elementor-widget elementor-widget-divider\" data-id=\"2437bd9b\" data-element_type=\"widget\" data-e-type=\"widget\" data-widget_type=\"divider.default\">\n\t\t\t\t<div class=\"elementor-widget-container\">\n\t\t\t\t\t\t\t<div class=\"elementor-divider\">\n\t\t\t<span class=\"elementor-divider-separator\">\n\t\t\t\t\t\t<\/span>\n\t\t<\/div>\n\t\t\t\t\t\t<\/div>\n\t\t\t\t<\/div>\n\t\t\t\t<div class=\"elementor-element elementor-element-16d5d17f elementor-widget__width-initial elementor-widget elementor-widget-heading\" data-id=\"16d5d17f\" data-element_type=\"widget\" data-e-type=\"widget\" data-widget_type=\"heading.default\">\n\t\t\t\t<div class=\"elementor-widget-container\">\n\t\t\t\t\t<h2 class=\"elementor-heading-title elementor-size-default\">La biomassa come combustibile<\/h2>\t\t\t\t<\/div>\n\t\t\t\t<\/div>\n\t\t\t\t<div class=\"elementor-element elementor-element-58664610 elementor-widget elementor-widget-heading\" data-id=\"58664610\" data-element_type=\"widget\" data-e-type=\"widget\" data-widget_type=\"heading.default\">\n\t\t\t\t<div class=\"elementor-widget-container\">\n\t\t\t\t\t<h1 class=\"elementor-heading-title elementor-size-default\">Diagramma dell'estrazione del gas di legna<\/h1>\t\t\t\t<\/div>\n\t\t\t\t<\/div>\n\t\t\t\t<div class=\"elementor-element elementor-element-78350eb elementor-widget elementor-widget-spacer\" data-id=\"78350eb\" data-element_type=\"widget\" data-e-type=\"widget\" data-widget_type=\"spacer.default\">\n\t\t\t\t<div class=\"elementor-widget-container\">\n\t\t\t\t\t\t\t<div class=\"elementor-spacer\">\n\t\t\t<div class=\"elementor-spacer-inner\"><\/div>\n\t\t<\/div>\n\t\t\t\t\t\t<\/div>\n\t\t\t\t<\/div>\n\t\t\t\t\t<\/div>\n\t\t<\/div>\n\t\t\t\t\t<\/div>\n\t\t<\/section>\n\t\t\t\t<div class=\"elementor-element elementor-element-62c0e038 elementor-widget elementor-widget-text-editor\" data-id=\"62c0e038\" data-element_type=\"widget\" data-e-type=\"widget\" data-widget_type=\"text-editor.default\">\n\t\t\t\t<div class=\"elementor-widget-container\">\n\t\t\t\t\t\t\t\t\t<p>I sistemi a gas di legna vee generano calore ed elettricit\u00e0 da cippato secco standard. Poich\u00e9 il grado di essiccazione del combustibile \u00e8 molto importante per il funzionamento ottimale del sistema, un essiccatore compatto che utilizza il calore di scarto dell&#8217;aria ambiente \u00e8 un importante componente aggiuntivo al sistema standard. <\/p><p>Dopo l&#8217;essiccatore, i trucioli di legno vengono convogliati verso la chiusa del combustibile per mezzo di coclee. Poich\u00e9 inizialmente la camera di compensazione era una fonte frequente di errori, \u00e8 stato sviluppato un sistema sofisticato per questo scopo. Il gassificatore a letto fisso in co-corrente con i suoi ugelli d&#8217;aria mobili \u00e8 uno sviluppo brevettato e, insieme al filtro in tessuto appositamente adattato, costituisce il cuore del sistema.  <\/p>\t\t\t\t\t\t\t\t<\/div>\n\t\t\t\t<\/div>\n\t\t\t\t\t<\/div>\n\t\t<\/div>\n\t\t\t\t<section class=\"elementor-column elementor-col-50 elementor-top-column elementor-element elementor-element-1ac63e8d\" data-id=\"1ac63e8d\" data-element_type=\"column\" data-e-type=\"column\" data-settings=\"{&quot;background_background&quot;:&quot;classic&quot;}\">\n\t\t\t<div class=\"elementor-widget-wrap elementor-element-populated\">\n\t\t\t\t\t<div class=\"elementor-background-overlay\"><\/div>\n\t\t\t\t\t\t<div class=\"elementor-element elementor-element-440cc02 elementor-widget elementor-widget-image\" data-id=\"440cc02\" data-element_type=\"widget\" data-e-type=\"widget\" data-widget_type=\"image.default\">\n\t\t\t\t<div class=\"elementor-widget-container\">\n\t\t\t\t\t\t\t\t\t\t\t\t\t\t\t<img fetchpriority=\"high\" decoding=\"async\" width=\"1024\" height=\"615\" src=\"https:\/\/vee.energy\/wp-content\/uploads\/schema_vergasung_EN-1-1024x615.jpg\" class=\"attachment-large size-large wp-image-17368\" alt=\"Schema di gassificazione\" srcset=\"https:\/\/vee.energy\/wp-content\/uploads\/schema_vergasung_EN-1-1024x615.jpg 1024w, https:\/\/vee.energy\/wp-content\/uploads\/schema_vergasung_EN-1-300x180.jpg 300w, https:\/\/vee.energy\/wp-content\/uploads\/schema_vergasung_EN-1-768x461.jpg 768w, https:\/\/vee.energy\/wp-content\/uploads\/schema_vergasung_EN-1.jpg 1462w\" sizes=\"(max-width: 1024px) 100vw, 1024px\" \/>\t\t\t\t\t\t\t\t\t\t\t\t\t\t\t<\/div>\n\t\t\t\t<\/div>\n\t\t\t\t<div class=\"elementor-element elementor-element-7066586 elementor-widget elementor-widget-text-editor\" data-id=\"7066586\" data-element_type=\"widget\" data-e-type=\"widget\" data-widget_type=\"text-editor.default\">\n\t\t\t\t<div class=\"elementor-widget-container\">\n\t\t\t\t\t\t\t\t\t<p>Il processo che porta dal cippato alla generazione di elettricit\u00e0 e calore.<\/p>\t\t\t\t\t\t\t\t<\/div>\n\t\t\t\t<\/div>\n\t\t\t\t<div class=\"elementor-element elementor-element-6b0c379 elementor-align-justify elementor-widget elementor-widget-button\" data-id=\"6b0c379\" data-element_type=\"widget\" data-e-type=\"widget\" data-widget_type=\"button.default\">\n\t\t\t\t<div class=\"elementor-widget-container\">\n\t\t\t\t\t\t\t\t\t<div class=\"elementor-button-wrapper\">\n\t\t\t\t\t<a class=\"elementor-button elementor-button-link elementor-size-sm\" href=\"https:\/\/vee.energy\/it\/prodotti\/\" target=\"_blank\">\n\t\t\t\t\t\t<span class=\"elementor-button-content-wrapper\">\n\t\t\t\t\t\t<span class=\"elementor-button-icon\">\n\t\t\t\t<i aria-hidden=\"true\" class=\"fas fa-arrow-circle-right\"><\/i>\t\t\t<\/span>\n\t\t\t\t\t\t\t\t\t<span class=\"elementor-button-text\">Dimensioni del sistema<\/span>\n\t\t\t\t\t<\/span>\n\t\t\t\t\t<\/a>\n\t\t\t\t<\/div>\n\t\t\t\t\t\t\t\t<\/div>\n\t\t\t\t<\/div>\n\t\t\t\t\t<\/div>\n\t\t<\/section>\n\t\t\t\t\t<\/div>\n\t\t<\/section>\n\t\t\t\t<section class=\"elementor-section elementor-top-section elementor-element elementor-element-89de240 elementor-section-boxed elementor-section-height-default elementor-section-height-default\" data-id=\"89de240\" data-element_type=\"section\" data-e-type=\"section\" data-settings=\"{&quot;background_background&quot;:&quot;classic&quot;}\">\n\t\t\t\t\t\t<div class=\"elementor-container elementor-column-gap-default\">\n\t\t\t\t\t<div class=\"elementor-column elementor-col-100 elementor-top-column elementor-element elementor-element-516f253\" data-id=\"516f253\" data-element_type=\"column\" data-e-type=\"column\">\n\t\t\t<div class=\"elementor-widget-wrap elementor-element-populated\">\n\t\t\t\t\t\t<div class=\"elementor-element elementor-element-697b3e6 elementor-widget elementor-widget-text-editor\" data-id=\"697b3e6\" data-element_type=\"widget\" data-e-type=\"widget\" data-widget_type=\"text-editor.default\">\n\t\t\t\t<div class=\"elementor-widget-container\">\n\t\t\t\t\t\t\t\t\t<p>La cenere e la polvere di carbone prodotte durante il processo di gassificazione vengono trasportate attraverso il raffreddatore di gas fino al filtro del gas di legna nel flusso del gas di legna, garantendo cos\u00ec l&#8217;autopulizia delle tubature in quest&#8217;area. Attraverso una saracinesca sotto il filtro, i materiali residui vengono convogliati pneumaticamente attraverso un tubo flessibile nel contenitore della polvere di carbone, per il quale possiamo offrire ai nostri clienti una soluzione di smaltimento diretto. Il gas di legna pulito lascia il filtro in alto e viene convogliato direttamente all&#8217;unit\u00e0 CHP, che consiste essenzialmente in un motore a gas di alta qualit\u00e0 e in un generatore sincrono montato direttamente sulla flangia. Anche il motore a gas ha richiesto alcune modifiche per bruciare il gas di legna in modo ottimale ed efficiente. Il generatore sincrono converte infine l&#8217;energia cinetica del motore a gas in elettricit\u00e0.    <\/p><p>Un moderno PLC controlla l&#8217;intero sistema, dal bunker del carburante all&#8217;estrazione del calore e all&#8217;immissione di elettricit\u00e0. Il sistema pu\u00f2 essere gestito e monitorato in loco o tramite smartphone \/ PC via internet da qualsiasi parte del mondo. Il sistema di gassificazione e l&#8217;unit\u00e0 di cogenerazione vengono consegnati pronti per il funzionamento, montati su un telaio di base, che riduce al minimo i tempi di installazione e messa in funzione. <\/p>\t\t\t\t\t\t\t\t<\/div>\n\t\t\t\t<\/div>\n\t\t\t\t\t<\/div>\n\t\t<\/div>\n\t\t\t\t\t<\/div>\n\t\t<\/section>\n\t\t\t\t<\/div>\n\t\t","protected":false},"excerpt":{"rendered":"<p>La biomassa come combustibile Diagramma dell&#8217;estrazione del gas di legna I sistemi a gas di legna vee generano calore ed elettricit\u00e0 da cippato secco standard. Poich\u00e9 il grado di essiccazione del combustibile \u00e8 molto importante per il funzionamento ottimale del sistema, un essiccatore compatto che utilizza il calore di scarto dell&#8217;aria ambiente \u00e8 un importante [&hellip;]<\/p>\n","protected":false},"author":2,"featured_media":0,"parent":15627,"menu_order":0,"comment_status":"closed","ping_status":"closed","template":"","meta":{"ocean_post_layout":"","ocean_both_sidebars_style":"","ocean_both_sidebars_content_width":0,"ocean_both_sidebars_sidebars_width":0,"ocean_sidebar":"0","ocean_second_sidebar":"0","ocean_disable_margins":"enable","ocean_add_body_class":"","ocean_shortcode_before_top_bar":"","ocean_shortcode_after_top_bar":"","ocean_shortcode_before_header":"","ocean_shortcode_after_header":"","ocean_has_shortcode":"","ocean_shortcode_after_title":"","ocean_shortcode_before_footer_widgets":"","ocean_shortcode_after_footer_widgets":"","ocean_shortcode_before_footer_bottom":"","ocean_shortcode_after_footer_bottom":"","ocean_display_top_bar":"default","ocean_display_header":"default","ocean_header_style":"","ocean_center_header_left_menu":"0","ocean_custom_header_template":"0","ocean_custom_logo":0,"ocean_custom_retina_logo":0,"ocean_custom_logo_max_width":0,"ocean_custom_logo_tablet_max_width":0,"ocean_custom_logo_mobile_max_width":0,"ocean_custom_logo_max_height":0,"ocean_custom_logo_tablet_max_height":0,"ocean_custom_logo_mobile_max_height":0,"ocean_header_custom_menu":"0","ocean_menu_typo_font_family":"0","ocean_menu_typo_font_subset":"","ocean_menu_typo_font_size":0,"ocean_menu_typo_font_size_tablet":0,"ocean_menu_typo_font_size_mobile":0,"ocean_menu_typo_font_size_unit":"px","ocean_menu_typo_font_weight":"","ocean_menu_typo_font_weight_tablet":"","ocean_menu_typo_font_weight_mobile":"","ocean_menu_typo_transform":"","ocean_menu_typo_transform_tablet":"","ocean_menu_typo_transform_mobile":"","ocean_menu_typo_line_height":0,"ocean_menu_typo_line_height_tablet":0,"ocean_menu_typo_line_height_mobile":0,"ocean_menu_typo_line_height_unit":"","ocean_menu_typo_spacing":0,"ocean_menu_typo_spacing_tablet":0,"ocean_menu_typo_spacing_mobile":0,"ocean_menu_typo_spacing_unit":"","ocean_menu_link_color":"","ocean_menu_link_color_hover":"","ocean_menu_link_color_active":"","ocean_menu_link_background":"","ocean_menu_link_hover_background":"","ocean_menu_link_active_background":"","ocean_menu_social_links_bg":"","ocean_menu_social_hover_links_bg":"","ocean_menu_social_links_color":"","ocean_menu_social_hover_links_color":"","ocean_disable_title":"default","ocean_disable_heading":"default","ocean_post_title":"","ocean_post_subheading":"","ocean_post_title_style":"","ocean_post_title_background_color":"","ocean_post_title_background":0,"ocean_post_title_bg_image_position":"","ocean_post_title_bg_image_attachment":"","ocean_post_title_bg_image_repeat":"","ocean_post_title_bg_image_size":"","ocean_post_title_height":0,"ocean_post_title_bg_overlay":0.5,"ocean_post_title_bg_overlay_color":"","ocean_disable_breadcrumbs":"default","ocean_breadcrumbs_color":"","ocean_breadcrumbs_separator_color":"","ocean_breadcrumbs_links_color":"","ocean_breadcrumbs_links_hover_color":"","ocean_display_footer_widgets":"default","ocean_display_footer_bottom":"default","ocean_custom_footer_template":"0","footnotes":""},"class_list":["post-15594","page","type-page","status-publish","hentry","entry"],"yoast_head":"<!-- This site is optimized with the Yoast SEO plugin v27.3 - https:\/\/yoast.com\/product\/yoast-seo-wordpress\/ -->\n<title>Combustibile da biomassa - vee - valuable ecological energy<\/title>\n<meta name=\"description\" content=\"Il processo che porta dal cippato alla generazione di elettricit\u00e0 e calore. Come funziona il nostro sistema CHP. Con illustrazione grafica.\" \/>\n<meta name=\"robots\" content=\"index, follow, max-snippet:-1, max-image-preview:large, max-video-preview:-1\" \/>\n<link rel=\"canonical\" href=\"https:\/\/vee.energy\/it\/tecnologia\/combustibile-da-biomassa\/\" \/>\n<meta property=\"og:locale\" content=\"it_IT\" \/>\n<meta property=\"og:type\" content=\"article\" \/>\n<meta property=\"og:title\" content=\"Combustibile da biomassa - vee - valuable ecological energy\" \/>\n<meta property=\"og:description\" content=\"Il processo che porta dal cippato alla generazione di elettricit\u00e0 e calore. Come funziona il nostro sistema CHP. Con illustrazione grafica.\" \/>\n<meta property=\"og:url\" content=\"https:\/\/vee.energy\/it\/tecnologia\/combustibile-da-biomassa\/\" \/>\n<meta property=\"og:site_name\" content=\"vee - valuable ecological energy\" \/>\n<meta property=\"article:modified_time\" content=\"2025-12-01T15:34:25+00:00\" \/>\n<meta property=\"og:image\" content=\"https:\/\/vee.energy\/wp-content\/uploads\/Schema-Vergasung-1024x615.jpg\" \/>\n<meta name=\"twitter:card\" content=\"summary_large_image\" \/>\n<meta name=\"twitter:label1\" content=\"Tempo di lettura stimato\" \/>\n\t<meta name=\"twitter:data1\" content=\"3 minuti\" \/>\n<script type=\"application\/ld+json\" class=\"yoast-schema-graph\">{\"@context\":\"https:\\\/\\\/schema.org\",\"@graph\":[{\"@type\":\"WebPage\",\"@id\":\"https:\\\/\\\/vee.energy\\\/it\\\/tecnologia\\\/combustibile-da-biomassa\\\/\",\"url\":\"https:\\\/\\\/vee.energy\\\/it\\\/tecnologia\\\/combustibile-da-biomassa\\\/\",\"name\":\"Combustibile da biomassa - vee - valuable ecological energy\",\"isPartOf\":{\"@id\":\"https:\\\/\\\/vee.energy\\\/it\\\/#website\"},\"primaryImageOfPage\":{\"@id\":\"https:\\\/\\\/vee.energy\\\/it\\\/tecnologia\\\/combustibile-da-biomassa\\\/#primaryimage\"},\"image\":{\"@id\":\"https:\\\/\\\/vee.energy\\\/it\\\/tecnologia\\\/combustibile-da-biomassa\\\/#primaryimage\"},\"thumbnailUrl\":\"https:\\\/\\\/vee.energy\\\/wp-content\\\/uploads\\\/Schema-Vergasung-1024x615.jpg\",\"datePublished\":\"2022-01-13T13:44:00+00:00\",\"dateModified\":\"2025-12-01T15:34:25+00:00\",\"description\":\"Il processo che porta dal cippato alla generazione di elettricit\u00e0 e calore. Come funziona il nostro sistema CHP. Con illustrazione grafica.\",\"breadcrumb\":{\"@id\":\"https:\\\/\\\/vee.energy\\\/it\\\/tecnologia\\\/combustibile-da-biomassa\\\/#breadcrumb\"},\"inLanguage\":\"it-IT\",\"potentialAction\":[{\"@type\":\"ReadAction\",\"target\":[\"https:\\\/\\\/vee.energy\\\/it\\\/tecnologia\\\/combustibile-da-biomassa\\\/\"]}]},{\"@type\":\"ImageObject\",\"inLanguage\":\"it-IT\",\"@id\":\"https:\\\/\\\/vee.energy\\\/it\\\/tecnologia\\\/combustibile-da-biomassa\\\/#primaryimage\",\"url\":\"https:\\\/\\\/vee.energy\\\/wp-content\\\/uploads\\\/Schema-Vergasung-1024x615.jpg\",\"contentUrl\":\"https:\\\/\\\/vee.energy\\\/wp-content\\\/uploads\\\/Schema-Vergasung-1024x615.jpg\"},{\"@type\":\"BreadcrumbList\",\"@id\":\"https:\\\/\\\/vee.energy\\\/it\\\/tecnologia\\\/combustibile-da-biomassa\\\/#breadcrumb\",\"itemListElement\":[{\"@type\":\"ListItem\",\"position\":1,\"name\":\"Startseite\",\"item\":\"https:\\\/\\\/vee.energy\\\/it\\\/pagina-iniziale\\\/\"},{\"@type\":\"ListItem\",\"position\":2,\"name\":\"Tecnologia\",\"item\":\"https:\\\/\\\/vee.energy\\\/it\\\/tecnologia\\\/\"},{\"@type\":\"ListItem\",\"position\":3,\"name\":\"Combustibile da biomassa\"}]},{\"@type\":\"WebSite\",\"@id\":\"https:\\\/\\\/vee.energy\\\/it\\\/#website\",\"url\":\"https:\\\/\\\/vee.energy\\\/it\\\/\",\"name\":\"vee - valuable ecological energy\",\"description\":\"Hackschnitzel BHKW - Holzgas KWK Anlagen\",\"publisher\":{\"@id\":\"https:\\\/\\\/vee.energy\\\/it\\\/#organization\"},\"potentialAction\":[{\"@type\":\"SearchAction\",\"target\":{\"@type\":\"EntryPoint\",\"urlTemplate\":\"https:\\\/\\\/vee.energy\\\/it\\\/?s={search_term_string}\"},\"query-input\":{\"@type\":\"PropertyValueSpecification\",\"valueRequired\":true,\"valueName\":\"search_term_string\"}}],\"inLanguage\":\"it-IT\"},{\"@type\":\"Organization\",\"@id\":\"https:\\\/\\\/vee.energy\\\/it\\\/#organization\",\"name\":\"vee - valuable ecological energy\",\"url\":\"https:\\\/\\\/vee.energy\\\/it\\\/\",\"logo\":{\"@type\":\"ImageObject\",\"inLanguage\":\"it-IT\",\"@id\":\"https:\\\/\\\/vee.energy\\\/it\\\/#\\\/schema\\\/logo\\\/image\\\/\",\"url\":\"https:\\\/\\\/vee.energy\\\/wp-content\\\/uploads\\\/cropped-VEE_rgb_300dpi_mit-claim-1.jpg\",\"contentUrl\":\"https:\\\/\\\/vee.energy\\\/wp-content\\\/uploads\\\/cropped-VEE_rgb_300dpi_mit-claim-1.jpg\",\"width\":1920,\"height\":545,\"caption\":\"vee - valuable ecological energy\"},\"image\":{\"@id\":\"https:\\\/\\\/vee.energy\\\/it\\\/#\\\/schema\\\/logo\\\/image\\\/\"}}]}<\/script>\n<!-- \/ Yoast SEO plugin. -->","yoast_head_json":{"title":"Combustibile da biomassa - vee - valuable ecological energy","description":"Il processo che porta dal cippato alla generazione di elettricit\u00e0 e calore. Come funziona il nostro sistema CHP. Con illustrazione grafica.","robots":{"index":"index","follow":"follow","max-snippet":"max-snippet:-1","max-image-preview":"max-image-preview:large","max-video-preview":"max-video-preview:-1"},"canonical":"https:\/\/vee.energy\/it\/tecnologia\/combustibile-da-biomassa\/","og_locale":"it_IT","og_type":"article","og_title":"Combustibile da biomassa - vee - valuable ecological energy","og_description":"Il processo che porta dal cippato alla generazione di elettricit\u00e0 e calore. Come funziona il nostro sistema CHP. Con illustrazione grafica.","og_url":"https:\/\/vee.energy\/it\/tecnologia\/combustibile-da-biomassa\/","og_site_name":"vee - valuable ecological energy","article_modified_time":"2025-12-01T15:34:25+00:00","og_image":[{"url":"https:\/\/vee.energy\/wp-content\/uploads\/Schema-Vergasung-1024x615.jpg","type":"","width":"","height":""}],"twitter_card":"summary_large_image","twitter_misc":{"Tempo di lettura stimato":"3 minuti"},"schema":{"@context":"https:\/\/schema.org","@graph":[{"@type":"WebPage","@id":"https:\/\/vee.energy\/it\/tecnologia\/combustibile-da-biomassa\/","url":"https:\/\/vee.energy\/it\/tecnologia\/combustibile-da-biomassa\/","name":"Combustibile da biomassa - vee - valuable ecological energy","isPartOf":{"@id":"https:\/\/vee.energy\/it\/#website"},"primaryImageOfPage":{"@id":"https:\/\/vee.energy\/it\/tecnologia\/combustibile-da-biomassa\/#primaryimage"},"image":{"@id":"https:\/\/vee.energy\/it\/tecnologia\/combustibile-da-biomassa\/#primaryimage"},"thumbnailUrl":"https:\/\/vee.energy\/wp-content\/uploads\/Schema-Vergasung-1024x615.jpg","datePublished":"2022-01-13T13:44:00+00:00","dateModified":"2025-12-01T15:34:25+00:00","description":"Il processo che porta dal cippato alla generazione di elettricit\u00e0 e calore. Come funziona il nostro sistema CHP. Con illustrazione grafica.","breadcrumb":{"@id":"https:\/\/vee.energy\/it\/tecnologia\/combustibile-da-biomassa\/#breadcrumb"},"inLanguage":"it-IT","potentialAction":[{"@type":"ReadAction","target":["https:\/\/vee.energy\/it\/tecnologia\/combustibile-da-biomassa\/"]}]},{"@type":"ImageObject","inLanguage":"it-IT","@id":"https:\/\/vee.energy\/it\/tecnologia\/combustibile-da-biomassa\/#primaryimage","url":"https:\/\/vee.energy\/wp-content\/uploads\/Schema-Vergasung-1024x615.jpg","contentUrl":"https:\/\/vee.energy\/wp-content\/uploads\/Schema-Vergasung-1024x615.jpg"},{"@type":"BreadcrumbList","@id":"https:\/\/vee.energy\/it\/tecnologia\/combustibile-da-biomassa\/#breadcrumb","itemListElement":[{"@type":"ListItem","position":1,"name":"Startseite","item":"https:\/\/vee.energy\/it\/pagina-iniziale\/"},{"@type":"ListItem","position":2,"name":"Tecnologia","item":"https:\/\/vee.energy\/it\/tecnologia\/"},{"@type":"ListItem","position":3,"name":"Combustibile da biomassa"}]},{"@type":"WebSite","@id":"https:\/\/vee.energy\/it\/#website","url":"https:\/\/vee.energy\/it\/","name":"vee - valuable ecological energy","description":"Hackschnitzel BHKW - Holzgas KWK Anlagen","publisher":{"@id":"https:\/\/vee.energy\/it\/#organization"},"potentialAction":[{"@type":"SearchAction","target":{"@type":"EntryPoint","urlTemplate":"https:\/\/vee.energy\/it\/?s={search_term_string}"},"query-input":{"@type":"PropertyValueSpecification","valueRequired":true,"valueName":"search_term_string"}}],"inLanguage":"it-IT"},{"@type":"Organization","@id":"https:\/\/vee.energy\/it\/#organization","name":"vee - valuable ecological energy","url":"https:\/\/vee.energy\/it\/","logo":{"@type":"ImageObject","inLanguage":"it-IT","@id":"https:\/\/vee.energy\/it\/#\/schema\/logo\/image\/","url":"https:\/\/vee.energy\/wp-content\/uploads\/cropped-VEE_rgb_300dpi_mit-claim-1.jpg","contentUrl":"https:\/\/vee.energy\/wp-content\/uploads\/cropped-VEE_rgb_300dpi_mit-claim-1.jpg","width":1920,"height":545,"caption":"vee - valuable ecological energy"},"image":{"@id":"https:\/\/vee.energy\/it\/#\/schema\/logo\/image\/"}}]}},"_links":{"self":[{"href":"https:\/\/vee.energy\/it\/wp-json\/wp\/v2\/pages\/15594","targetHints":{"allow":["GET"]}}],"collection":[{"href":"https:\/\/vee.energy\/it\/wp-json\/wp\/v2\/pages"}],"about":[{"href":"https:\/\/vee.energy\/it\/wp-json\/wp\/v2\/types\/page"}],"author":[{"embeddable":true,"href":"https:\/\/vee.energy\/it\/wp-json\/wp\/v2\/users\/2"}],"replies":[{"embeddable":true,"href":"https:\/\/vee.energy\/it\/wp-json\/wp\/v2\/comments?post=15594"}],"version-history":[{"count":15,"href":"https:\/\/vee.energy\/it\/wp-json\/wp\/v2\/pages\/15594\/revisions"}],"predecessor-version":[{"id":19895,"href":"https:\/\/vee.energy\/it\/wp-json\/wp\/v2\/pages\/15594\/revisions\/19895"}],"up":[{"embeddable":true,"href":"https:\/\/vee.energy\/it\/wp-json\/wp\/v2\/pages\/15627"}],"wp:attachment":[{"href":"https:\/\/vee.energy\/it\/wp-json\/wp\/v2\/media?parent=15594"}],"curies":[{"name":"wp","href":"https:\/\/api.w.org\/{rel}","templated":true}]}}